{"id":10583,"date":"2024-07-15T17:21:14","date_gmt":"2024-07-15T15:21:14","guid":{"rendered":"https:\/\/french.cpnn-world.org\/?page_id=10583"},"modified":"2024-07-15T17:47:02","modified_gmt":"2024-07-15T15:47:02","slug":"manifeste-2000","status":"publish","type":"page","link":"https:\/\/french.cpnn-world.org\/?page_id=10583","title":{"rendered":"Manifeste 2000"},"content":{"rendered":"<ul>\n<div class=\"page style\" style=\"width:80%;\">\n<big>\t<\/p>\n<p align=\"justify\">\nLes Nations Unies ont adopt\u00e9 <a href=\"http:\/\/decade-culture-of-peace.org\/resolutions\/resA-53-243-fr.pdf\">la D\u00e9claration et le Programme d&#8217;action sur une culture de paix <\/a> en 1999 pour d\u00e9finir une culture de paix et d\u00e9velopper des actions pour la promouvoir comme base de l&#8217;Ann\u00e9e internationale des Nations Unies pour la culture de la paix adopt\u00e9e pour l&#8217;an 2000.<\/p>\n<p align=\"justify\">\nAfin d&#8217;impliquer les individus dans ce processus, <a href=\"https:\/\/cpnn-world.org\/documents\/Manifeste_2000.png\">le Manifeste 2000 <\/a> a \u00e9t\u00e9 \u00e9labor\u00e9 et diffus\u00e9 dans le monde entier, par lequel les individus peuvent s&#8217;engager \u00e0 promouvoir une culture de paix dans leur vie quotidienne.<\/p>\n<p align=\"justify\">\nLes engagements du Manifeste correspondent au niveau quotidien aux domaines de programme d\u00e9finis par la D\u00e9claration et le Programme d&#8217;action au niveau mondial. Ceci est illustr\u00e9 dans le tableau suivant. A noter que le Manifeste comporte 6 paragraphes au lieu de 8 puisque 3 des 8 domaines de programme sont inclus dans l&#8217;engagement final.\n<\/p>\n\n<table id=\"tablepress-3\" class=\"tablepress tablepress-id-3\">\n<thead>\n<tr class=\"row-1\">\n\t<th class=\"column-1\">Programme d'action de l'ONU<\/th><th class=\"column-2\">Manifeste 2000: Conscient de ma part de responsabilit\u00e9 face \u00e0 l\u2019avenir de l\u2019humanit\u00e9, je prends l\u2019engagement dans ma vie quotidienne, ma famille, mon travail, ma communaut\u00e9, mon pays et ma r\u00e9gion, de :<\/th><td class=\"column-3\"><\/td><td class=\"column-4\"><\/td><td class=\"column-5\"><\/td>\n<\/tr>\n<\/thead>\n<tbody class=\"row-striping row-hover\">\n<tr class=\"row-2\">\n\t<td class=\"column-1\">Droits de l'Homme<\/td><td class=\"column-2\">Respecter la vie et la dignit\u00e9 de chaque \u00eatre humain sans discrimination ni pr\u00e9jug\u00e9;<\/td><td class=\"column-3\"><\/td><td class=\"column-4\"><\/td><td class=\"column-5\"><\/td>\n<\/tr>\n<tr class=\"row-3\">\n\t<td class=\"column-1\">Desarmament &amp; Securit\u00e9<\/td><td class=\"column-2\">Pratiquer la non-violence active, en rejetant la violence sous toutes ses formes : physique, sexuelle, psychologique, \u00e9conomique et sociale, en particulier envers les plus d\u00e9munis et les plus vuln\u00e9rables tels les enfants et les adolescents;<\/td><td class=\"column-3\"><\/td><td class=\"column-4\"><\/td><td class=\"column-5\"><\/td>\n<\/tr>\n<tr class=\"row-4\">\n\t<td class=\"column-1\">Education pour la Paix<\/td><td class=\"column-2\">Partager mon temps et mes ressources mat\u00e9rielles en cultivant la g\u00e9n\u00e9rosit\u00e9, afin de mettre fin \u00e0 l\u2019exclusion, \u00e0 l\u2019injustice et \u00e0 l\u2019oppression politique et \u00e9conomique;<\/td><td class=\"column-3\"><\/td><td class=\"column-4\"><\/td><td class=\"column-5\"><\/td>\n<\/tr>\n<tr class=\"row-5\">\n\t<td class=\"column-1\">Libre Circulation de l'Information<\/td><td class=\"column-2\">D\u00e9fendre la libert\u00e9 d\u2019expression et la diversit\u00e9 culturelle en privil\u00e9giant toujours l\u2019\u00e9coute et le dialogue sans c\u00e9der au fanatisme, \u00e0 la m\u00e9disance et au rejet d\u2019autrui;<\/td><td class=\"column-3\"><\/td><td class=\"column-4\"><\/td><td class=\"column-5\"><\/td>\n<\/tr>\n<tr class=\"row-6\">\n\t<td class=\"column-1\">D\u00e9veloppement Durable<\/td><td class=\"column-2\">Promouvoir une consommation responsable et un mode de d\u00e9veloppement qui tiennent compte de l\u2019importance de toutes les formes de vie et pr\u00e9servent l\u2019\u00e9quilibre des ressources naturelles de la plan\u00e8te;<\/td><td class=\"column-3\"><\/td><td class=\"column-4\"><\/td><td class=\"column-5\"><\/td>\n<\/tr>\n<tr class=\"row-7\">\n\t<td class=\"column-1\">Egalit\u00e9 Hommes\/Femmes<\/td><td class=\"column-2\"><br \/>\n<\/td><td class=\"column-3\"><\/td><td class=\"column-4\"><\/td><td class=\"column-5\"><\/td>\n<\/tr>\n<tr class=\"row-8\">\n\t<td class=\"column-1\">Participation D\u00e9mocratique<\/td><td class=\"column-2\">Contribuer au d\u00e9veloppement de ma communaut\u00e9, avec la pleine participation des femmes et dans le respect des principes d\u00e9mocratiques, afin de cr\u00e9er, ensemble, de nouvelles formes de solidarit\u00e9;<\/td><td class=\"column-3\"><\/td><td class=\"column-4\"><\/td><td class=\"column-5\"><\/td>\n<\/tr>\n<tr class=\"row-9\">\n\t<td class=\"column-1\">Tol\u00e9rance et Solidarit\u00e9<br \/>\n<br \/>\n<\/td><td class=\"column-2\"><\/td><td class=\"column-3\"><\/td><td class=\"column-4\"><\/td><td class=\"column-5\"><\/td>\n<\/tr>\n<\/tbody>\n<\/table>\n<!-- #tablepress-3 from cache -->\n<p align=\"justify\">\nLe Manifeste 2000 a \u00e9t\u00e9 sign\u00e9 par 75 millions de personnes, soit un pour cent de la plan\u00e8te Terre. Pour une liste des signatures par pays et des liens vers les d\u00e9tails des pays comptant plus de 5 000 signatures, <a href=\"https:\/\/decade-culture-of-peace.org\/iycp\/iycp-uk\/uk_sum_country.htm\">cliquez ici<\/a>.<br \/>\n<\/big><\/div>\n<\/ul>\n","protected":false},"excerpt":{"rendered":"<p>Les Nations Unies ont adopt\u00e9 la D\u00e9claration et le Programme d&#8217;action sur une culture de paix en 1999 pour d\u00e9finir une culture de paix et d\u00e9velopper des actions pour la promouvoir comme base de l&#8217;Ann\u00e9e internationale des Nations Unies pour la culture de la paix adopt\u00e9e pour l&#8217;an 2000. Afin d&#8217;impliquer les individus dans ce &hellip; <a href=\"https:\/\/french.cpnn-world.org\/?page_id=10583\" class=\"more-link\">Continue reading <span class=\"screen-reader-text\">Manifeste 2000<\/span> <span class=\"meta-nav\">&rarr;<\/span><\/a><\/p>\n","protected":false},"author":1,"featured_media":0,"parent":0,"menu_order":0,"comment_status":"closed","ping_status":"closed","template":"","meta":{"footnotes":""},"class_list":["post-10583","page","type-page","status-publish","hentry"],"_links":{"self":[{"href":"https:\/\/french.cpnn-world.org\/index.php?rest_route=\/wp\/v2\/pages\/10583","targetHints":{"allow":["GET"]}}],"collection":[{"href":"https:\/\/french.cpnn-world.org\/index.php?rest_route=\/wp\/v2\/pages"}],"about":[{"href":"https:\/\/french.cpnn-world.org\/index.php?rest_route=\/wp\/v2\/types\/page"}],"author":[{"embeddable":true,"href":"https:\/\/french.cpnn-world.org\/index.php?rest_route=\/wp\/v2\/users\/1"}],"replies":[{"embeddable":true,"href":"https:\/\/french.cpnn-world.org\/index.php?rest_route=%2Fwp%2Fv2%2Fcomments&post=10583"}],"version-history":[{"count":4,"href":"https:\/\/french.cpnn-world.org\/index.php?rest_route=\/wp\/v2\/pages\/10583\/revisions"}],"predecessor-version":[{"id":10589,"href":"https:\/\/french.cpnn-world.org\/index.php?rest_route=\/wp\/v2\/pages\/10583\/revisions\/10589"}],"wp:attachment":[{"href":"https:\/\/french.cpnn-world.org\/index.php?rest_route=%2Fwp%2Fv2%2Fmedia&parent=10583"}],"curies":[{"name":"wp","href":"https:\/\/api.w.org\/{rel}","templated":true}]}}