{"id":1583,"date":"2015-04-11T16:35:07","date_gmt":"2015-04-11T20:35:07","guid":{"rendered":"http:\/\/english.cpnn-world.org\/?page_id=1583"},"modified":"2019-10-11T09:57:15","modified_gmt":"2019-10-11T09:57:15","slug":"afrique","status":"publish","type":"page","link":"https:\/\/french.cpnn-world.org\/?page_id=1583","title":{"rendered":"Articles d&#8217;Afrique"},"content":{"rendered":"<p><em><big>Voici les articles en fran\u00e7ais d&#8217;Afrique depuis le 1er f\u00e9vrier 2015.<br \/>\nPour voir les pages suivantes, cliquez sur les num\u00e9ros de page en bas.<br \/>\nPour les archives de CPNN d&#8217;Afrique avant le 1er f\u00e9vrier 2015, cliquez <a href=\"http:\/\/cpnn-world.org\/cgi-bin\/read\/worldregionpage-french.cgi?region=africa\">ici<\/a>. <\/big><\/em><div class=\"pt-cv-wrapper\"><div class=\"pt-cv-view pt-cv-grid pt-cv-colsys pt-cv-pgregular\" id=\"pt-cv-view-443a541day\"><div data-id=\"pt-cv-page-1\" class=\"pt-cv-page\" data-cvc=\"4\"><div class=\"col-md-3 col-sm-3 col-xs-3 pt-cv-content-item pt-cv-1-col\"  data-pid=\"11361\"><div class='pt-cv-ifield'><div class=\"pt-cv-content\">. TOL\u00c9RANCE & SOLIDARIT\u00c9 ...<\/div>\n<a href=\"https:\/\/french.cpnn-world.org\/?p=11361\" class=\"_self pt-cv-href-thumbnail pt-cv-thumb-default cvplbd\" target=\"_self\" ><img decoding=\"async\" width=\"300\" src=\"https:\/\/french.cpnn-world.org\/wp-content\/uploads\/2026\/04\/Burkina-1.jpg\" class=\"pt-cv-thumbnail img-none cvp-substitute\" alt=\"Burkina Faso: Une journ\u00e9e culturelle inter-\u00e9tablissements pour magnifier la coh\u00e9sion sociale\" title=\"\" \/><\/a>\n<h4 class=\"pt-cv-title\"><a href=\"https:\/\/french.cpnn-world.org\/?p=11361\" class=\"_self cvplbd\" target=\"_self\" >Burkina Faso: Une journ\u00e9e culturelle inter-\u00e9tablissements pour magnifier la coh\u00e9sion sociale<\/a><\/h4>\n<div class=\"pt-cv-meta-fields\"><span class=\"entry-date\"> <time datetime=\"2026-04-28T18:16:28+02:00\">April 28, 2026<\/time><\/span><\/div><\/div><\/div>\n<div class=\"col-md-3 col-sm-3 col-xs-3 pt-cv-content-item pt-cv-1-col\"  data-pid=\"11338\"><div class='pt-cv-ifield'><div class=\"pt-cv-content\">. TOL\u00c9RANCE & SOLIDARIT\u00c9 ...<\/div>\n<a href=\"https:\/\/french.cpnn-world.org\/?p=11338\" class=\"_self pt-cv-href-thumbnail pt-cv-thumb-default cvplbd\" target=\"_self\" ><img decoding=\"async\" width=\"300\" src=\"https:\/\/french.cpnn-world.org\/wp-content\/uploads\/2026\/04\/Burkina.jpg\" class=\"pt-cv-thumbnail img-none cvp-substitute\" alt=\"Ouagadougou : Musulmans et chr\u00e9tiens unis autour d\u2019une rupture collective de je\u00fbne pour la paix\" title=\"\" \/><\/a>\n<h4 class=\"pt-cv-title\"><a href=\"https:\/\/french.cpnn-world.org\/?p=11338\" class=\"_self cvplbd\" target=\"_self\" >Ouagadougou : Musulmans et chr\u00e9tiens unis autour d\u2019une rupture collective de je\u00fbne pour la paix<\/a><\/h4>\n<div class=\"pt-cv-meta-fields\"><span class=\"entry-date\"> <time datetime=\"2026-04-12T07:51:44+02:00\">April 12, 2026<\/time><\/span><\/div><\/div><\/div>\n<div class=\"col-md-3 col-sm-3 col-xs-3 pt-cv-content-item pt-cv-1-col\"  data-pid=\"11150\"><div class='pt-cv-ifield'><div class=\"pt-cv-content\">DESARMAMENT & SECURITE  ...<\/div>\n<a href=\"https:\/\/french.cpnn-world.org\/?p=11150\" class=\"_self pt-cv-href-thumbnail pt-cv-thumb-default cvplbd\" target=\"_self\" ><img decoding=\"async\" width=\"300\" src=\"https:\/\/french.cpnn-world.org\/wp-content\/uploads\/2026\/01\/aspirations-300x196.jpg\" class=\"pt-cv-thumbnail img-none cvp-substitute\" alt=\"Nos aspirations pour l&#039;Afrique que nous voulons\" title=\"\" \/><\/a>\n<h4 class=\"pt-cv-title\"><a href=\"https:\/\/french.cpnn-world.org\/?p=11150\" class=\"_self cvplbd\" target=\"_self\" >Nos aspirations pour l&#8217;Afrique que nous voulons<\/a><\/h4>\n<div class=\"pt-cv-meta-fields\"><span class=\"entry-date\"> <time datetime=\"2026-01-10T10:55:28+01:00\">January 10, 2026<\/time><\/span><\/div><\/div><\/div>\n<div class=\"col-md-3 col-sm-3 col-xs-3 pt-cv-content-item pt-cv-1-col\"  data-pid=\"11091\"><div class='pt-cv-ifield'><div class=\"pt-cv-content\">DESARMAMENT & SECURITE  ...<\/div>\n<a href=\"https:\/\/french.cpnn-world.org\/?p=11091\" class=\"_self pt-cv-href-thumbnail pt-cv-thumb-default cvplbd\" target=\"_self\" ><img decoding=\"async\" width=\"300\" src=\"https:\/\/french.cpnn-world.org\/wp-content\/uploads\/2025\/11\/Tindy.png\" class=\"pt-cv-thumbnail img-none cvp-substitute\" alt=\"Le d\u00e9fi d\u2019une patrimonialisation de la culture de la paix en Afrique\" title=\"\" \/><\/a>\n<h4 class=\"pt-cv-title\"><a href=\"https:\/\/french.cpnn-world.org\/?p=11091\" class=\"_self cvplbd\" target=\"_self\" >Le d\u00e9fi d\u2019une patrimonialisation de la culture de la paix en Afrique<\/a><\/h4>\n<div class=\"pt-cv-meta-fields\"><span class=\"entry-date\"> <time datetime=\"2025-11-30T05:57:39+01:00\">November 30, 2025<\/time><\/span><\/div><\/div><\/div>\n<div class=\"col-md-3 col-sm-3 col-xs-3 pt-cv-content-item pt-cv-1-col\"  data-pid=\"11004\"><div class='pt-cv-ifield'><div class=\"pt-cv-content\">. EGALITE HOMMES\/FEMMES  ...<\/div>\n<a href=\"https:\/\/french.cpnn-world.org\/?p=11004\" class=\"_self pt-cv-href-thumbnail pt-cv-thumb-default cvplbd\" target=\"_self\" ><img decoding=\"async\" width=\"300\" src=\"https:\/\/french.cpnn-world.org\/wp-content\/uploads\/2025\/08\/Niger.jpg\" class=\"pt-cv-thumbnail img-none cvp-substitute\" alt=\"Niger: Les leaders traditionnels de Maradi outill\u00e9s dans la promotion des droits de la femme et de l\u2019enfant\" title=\"\" \/><\/a>\n<h4 class=\"pt-cv-title\"><a href=\"https:\/\/french.cpnn-world.org\/?p=11004\" class=\"_self cvplbd\" target=\"_self\" >Niger: Les leaders traditionnels de Maradi outill\u00e9s dans la promotion des droits de la femme et de l\u2019enfant<\/a><\/h4>\n<div class=\"pt-cv-meta-fields\"><span class=\"entry-date\"> <time datetime=\"2025-08-21T11:02:48+02:00\">August 21, 2025<\/time><\/span><\/div><\/div><\/div>\n<div class=\"col-md-3 col-sm-3 col-xs-3 pt-cv-content-item pt-cv-1-col\"  data-pid=\"10980\"><div class='pt-cv-ifield'><div class=\"pt-cv-content\">. PARTICIPATION D\u00c9MOCRATIQUE  ...<\/div>\n<a href=\"https:\/\/french.cpnn-world.org\/?p=10980\" class=\"_self pt-cv-href-thumbnail pt-cv-thumb-default cvplbd\" target=\"_self\" ><img decoding=\"async\" width=\"300\" src=\"https:\/\/french.cpnn-world.org\/wp-content\/uploads\/2025\/07\/Burkina.jpg\" class=\"pt-cv-thumbnail img-none cvp-substitute\" alt=\"Burkina\u00a0: La Ve \u00e9dition des \u00ab\u00a0Ambassadeurs de Paix Awards\u00a0\u00bb aura lieu le 1er ao\u00fbt 2025, orn\u00e9e d\u2019une s\u00e9rie d\u2019activit\u00e9s\" title=\"\" \/><\/a>\n<h4 class=\"pt-cv-title\"><a href=\"https:\/\/french.cpnn-world.org\/?p=10980\" class=\"_self cvplbd\" target=\"_self\" >Burkina\u00a0: La Ve \u00e9dition des \u00ab\u00a0Ambassadeurs de Paix Awards\u00a0\u00bb aura lieu le 1er ao\u00fbt 2025, orn\u00e9e d\u2019une s\u00e9rie d\u2019activit\u00e9s<\/a><\/h4>\n<div class=\"pt-cv-meta-fields\"><span class=\"entry-date\"> <time datetime=\"2025-07-14T16:04:46+02:00\">July 14, 2025<\/time><\/span><\/div><\/div><\/div>\n<div class=\"col-md-3 col-sm-3 col-xs-3 pt-cv-content-item pt-cv-1-col\"  data-pid=\"10976\"><div class='pt-cv-ifield'><div class=\"pt-cv-content\">. PARTICIPATION D\u00c9MOCRATIQUE  ...<\/div>\n<a href=\"https:\/\/french.cpnn-world.org\/?p=10976\" class=\"_self pt-cv-href-thumbnail pt-cv-thumb-default cvplbd\" target=\"_self\" ><img decoding=\"async\" width=\"300\" src=\"https:\/\/french.cpnn-world.org\/wp-content\/uploads\/2025\/07\/Niger.jpg\" class=\"pt-cv-thumbnail img-none cvp-substitute\" alt=\"Niger: Agadez mobilise ses chefs traditionnels pour la paix\" title=\"\" \/><\/a>\n<h4 class=\"pt-cv-title\"><a href=\"https:\/\/french.cpnn-world.org\/?p=10976\" class=\"_self cvplbd\" target=\"_self\" >Niger: Agadez mobilise ses chefs traditionnels pour la paix<\/a><\/h4>\n<div class=\"pt-cv-meta-fields\"><span class=\"entry-date\"> <time datetime=\"2025-07-14T15:57:20+02:00\">July 14, 2025<\/time><\/span><\/div><\/div><\/div>\n<div class=\"col-md-3 col-sm-3 col-xs-3 pt-cv-content-item pt-cv-1-col\"  data-pid=\"10970\"><div class='pt-cv-ifield'><div class=\"pt-cv-content\">. EGALITE HOMMES\/FEMMES  ...<\/div>\n<a href=\"https:\/\/french.cpnn-world.org\/?p=10970\" class=\"_self pt-cv-href-thumbnail pt-cv-thumb-default cvplbd\" target=\"_self\" ><img decoding=\"async\" width=\"300\" src=\"https:\/\/french.cpnn-world.org\/wp-content\/uploads\/2025\/07\/violence.jpg\" class=\"pt-cv-thumbnail img-none cvp-substitute\" alt=\"Violences faites aux femmes : L\u2019Afrique de l\u2019Ouest \u00e0 l\u2019heure des choix d\u00e9cisifs\" title=\"\" \/><\/a>\n<h4 class=\"pt-cv-title\"><a href=\"https:\/\/french.cpnn-world.org\/?p=10970\" class=\"_self cvplbd\" target=\"_self\" >Violences faites aux femmes : L\u2019Afrique de l\u2019Ouest \u00e0 l\u2019heure des choix d\u00e9cisifs<\/a><\/h4>\n<div class=\"pt-cv-meta-fields\"><span class=\"entry-date\"> <time datetime=\"2025-07-14T14:59:04+02:00\">July 14, 2025<\/time><\/span><\/div><\/div><\/div><\/div><\/div>\n<div class=\"text-left pt-cv-pagination-wrapper\"><ul class=\"pt-cv-pagination pt-cv-ajax pagination\" data-totalpages=\"30\" data-currentpage=\"1\" data-sid=\"443a541day\" data-unid=\"\" data-isblock=\"\" data-postid=\"\"><li class=\"active\"><a href=\"#\">1<\/a><\/li>\n\t<li ><a class=\"\" href=\"https:\/\/french.cpnn-world.org\/index.php\/?_page=2&#038;rest_route=%2Fwp%2Fv2%2Fpages%2F1583\">2<\/a><\/li>\n\t<li ><a class=\"\" href=\"https:\/\/french.cpnn-world.org\/index.php\/?_page=3&#038;rest_route=%2Fwp%2Fv2%2Fpages%2F1583\">3<\/a><\/li>\n\t<li ><a href=\"#\">&hellip;<\/a><\/li>\n\t<li ><a class=\"\" href=\"https:\/\/french.cpnn-world.org\/index.php\/?_page=30&#038;rest_route=%2Fwp%2Fv2%2Fpages%2F1583\">30<\/a><\/li>\n\t<li ><a class=\" \" href=\"https:\/\/french.cpnn-world.org\/index.php\/?_page=2&#038;rest_route=%2Fwp%2Fv2%2Fpages%2F1583\">&rsaquo;<\/a><\/li>\n\t<\/ul><img loading=\"lazy\" decoding=\"async\" width=\"15\" height=\"15\" class=\"pt-cv-spinner\" alt=\"Loading...\" src=\"data:image\/gif;base64,R0lGODlhDwAPALMPAMrKygwMDJOTkz09PZWVla+vr3p6euTk5M7OzuXl5TMzMwAAAJmZmWZmZszMzP\/\/\/yH\/C05FVFNDQVBFMi4wAwEAAAAh+QQFCgAPACwAAAAADwAPAAAEQvDJaZaZOIcV8iQK8VRX4iTYoAwZ4iCYoAjZ4RxejhVNoT+mRGP4cyF4Pp0N98sBGIBMEMOotl6YZ3S61Bmbkm4mAgAh+QQFCgAPACwAAAAADQANAAAENPDJSRSZeA418itN8QiK8BiLITVsFiyBBIoYqnoewAD4xPw9iY4XLGYSjkQR4UAUD45DLwIAIfkEBQoADwAsAAAAAA8ACQAABC\/wyVlamTi3nSdgwFNdhEJgTJoNyoB9ISYoQmdjiZPcj7EYCAeCF1gEDo4Dz2eIAAAh+QQFCgAPACwCAAAADQANAAAEM\/DJBxiYeLKdX3IJZT1FU0iIg2RNKx3OkZVnZ98ToRD4MyiDnkAh6BkNC0MvsAj0kMpHBAAh+QQFCgAPACwGAAAACQAPAAAEMDC59KpFDll73HkAA2wVY5KgiK5b0RRoI6MuzG6EQqCDMlSGheEhUAgqgUUAFRySIgAh+QQFCgAPACwCAAIADQANAAAEM\/DJKZNLND\/kkKaHc3xk+QAMYDKsiaqmZCxGVjSFFCxB1vwy2oOgIDxuucxAMTAJFAJNBAAh+QQFCgAPACwAAAYADwAJAAAEMNAs86q1yaWwwv2Ig0jUZx3OYa4XoRAfwADXoAwfo1+CIjyFRuEho60aSNYlOPxEAAAh+QQFCgAPACwAAAIADQANAAAENPA9s4y8+IUVcqaWJ4qEQozSoAzoIyhCK2NFU2SJk0hNnyEOhKR2AzAAj4Pj4GE4W0bkJQIAOw==\" \/><div class=\"clear pt-cv-clear-pagination\"><\/div><\/div><\/div>\t\t\t<style type=\"text\/css\" id=\"pt-cv-inline-style-2ffd13didc\">#pt-cv-view-443a541day .pt-cv-title a, #pt-cv-view-443a541day  .panel-title { font-weight: 600 !important; }\n#pt-cv-view-443a541day .pt-cv-readmore  { color: #ffffff !important; background-color: #00aeef !important; }\n#pt-cv-view-443a541day .pt-cv-readmore:hover  { color: #ffffff !important; background-color: #00aeef !important; }\n#pt-cv-view-443a541day  + .pt-cv-pagination-wrapper .pt-cv-more , #pt-cv-view-443a541day  + .pt-cv-pagination-wrapper .pagination .active a, .pt-cv-pagination[data-sid='443a541day'] .active a { color: #ffffff !important; background-color: #00aeef !important; }<\/style>\r\n\t\t\t<\/p>\n","protected":false},"excerpt":{"rendered":"<p>Voici les articles en fran\u00e7ais d&#8217;Afrique depuis le 1er f\u00e9vrier 2015. Pour voir les pages suivantes, cliquez sur les num\u00e9ros de page en bas. Pour les archives de CPNN d&#8217;Afrique avant le 1er f\u00e9vrier 2015, cliquez ici.<\/p>\n","protected":false},"author":1,"featured_media":0,"parent":0,"menu_order":0,"comment_status":"closed","ping_status":"closed","template":"","meta":{"footnotes":""},"class_list":["post-1583","page","type-page","status-publish","hentry"],"_links":{"self":[{"href":"https:\/\/french.cpnn-world.org\/index.php?rest_route=\/wp\/v2\/pages\/1583","targetHints":{"allow":["GET"]}}],"collection":[{"href":"https:\/\/french.cpnn-world.org\/index.php?rest_route=\/wp\/v2\/pages"}],"about":[{"href":"https:\/\/french.cpnn-world.org\/index.php?rest_route=\/wp\/v2\/types\/page"}],"author":[{"embeddable":true,"href":"https:\/\/french.cpnn-world.org\/index.php?rest_route=\/wp\/v2\/users\/1"}],"replies":[{"embeddable":true,"href":"https:\/\/french.cpnn-world.org\/index.php?rest_route=%2Fwp%2Fv2%2Fcomments&post=1583"}],"version-history":[{"count":3,"href":"https:\/\/french.cpnn-world.org\/index.php?rest_route=\/wp\/v2\/pages\/1583\/revisions"}],"predecessor-version":[{"id":7897,"href":"https:\/\/french.cpnn-world.org\/index.php?rest_route=\/wp\/v2\/pages\/1583\/revisions\/7897"}],"wp:attachment":[{"href":"https:\/\/french.cpnn-world.org\/index.php?rest_route=%2Fwp%2Fv2%2Fmedia&parent=1583"}],"curies":[{"name":"wp","href":"https:\/\/api.w.org\/{rel}","templated":true}]}}