{"id":1862,"date":"2015-04-14T16:50:33","date_gmt":"2015-04-14T20:50:33","guid":{"rendered":"http:\/\/english.cpnn-world.org\/?page_id=1862"},"modified":"2019-10-13T17:19:05","modified_gmt":"2019-10-13T17:19:05","slug":"articles-de-liberte-dinformation","status":"publish","type":"page","link":"https:\/\/french.cpnn-world.org\/?page_id=1862","title":{"rendered":"Articles de Libre Circulation de l&#8217;Information"},"content":{"rendered":"<p><em><big>Voici les articles en fran\u00e7ais concernant Libre Circulation de l&#8217;Information depuis le 1er f\u00e9vrier 2015.<br \/>\nPour voir les pages suivantes, cliquez sur les num\u00e9ros de page en bas.<br \/>\nPour les archives de CPNN de Libert\u00e9 d&#8217;Information avant  le 1er f\u00e9vrier 2015, cliquez <a href=\"http:\/\/cpnn-world.org\/cgi-bin\/read\/programareapage-french.cgi?programarea=freeflow\">ici<\/a>. <\/big><\/em><div class=\"pt-cv-wrapper\"><div class=\"pt-cv-view pt-cv-grid pt-cv-colsys pt-cv-pgregular\" id=\"pt-cv-view-c0743cej8s\"><div data-id=\"pt-cv-page-1\" class=\"pt-cv-page\" data-cvc=\"4\"><div class=\"col-md-3 col-sm-3 col-xs-3 pt-cv-content-item pt-cv-1-col\"  data-pid=\"11302\"><div class='pt-cv-ifield'><a href=\"https:\/\/french.cpnn-world.org\/?p=11302\" class=\"_self pt-cv-href-thumbnail pt-cv-thumb-default cvplbd\" target=\"_self\" ><img decoding=\"async\" width=\"300\" src=\"https:\/\/french.cpnn-world.org\/wp-content\/uploads\/2026\/03\/france.jpg\" class=\"pt-cv-thumbnail img-none cvp-substitute\" alt=\"France: Retour en images sur la Marche des Solidarit\u00e9s\" title=\"\" \/><\/a>\n<h4 class=\"pt-cv-title\"><a href=\"https:\/\/french.cpnn-world.org\/?p=11302\" class=\"_self cvplbd\" target=\"_self\" >France: Retour en images sur la Marche des Solidarit\u00e9s<\/a><\/h4>\n<div class=\"pt-cv-meta-fields\"><span class=\"entry-date\"> <time datetime=\"2026-03-19T08:40:23+01:00\">March 19, 2026<\/time><\/span><\/div><\/div><\/div>\n<div class=\"col-md-3 col-sm-3 col-xs-3 pt-cv-content-item pt-cv-1-col\"  data-pid=\"11150\"><div class='pt-cv-ifield'><a href=\"https:\/\/french.cpnn-world.org\/?p=11150\" class=\"_self pt-cv-href-thumbnail pt-cv-thumb-default cvplbd\" target=\"_self\" ><img decoding=\"async\" width=\"300\" src=\"https:\/\/french.cpnn-world.org\/wp-content\/uploads\/2026\/01\/aspirations-300x196.jpg\" class=\"pt-cv-thumbnail img-none cvp-substitute\" alt=\"Nos aspirations pour l&#039;Afrique que nous voulons\" title=\"\" \/><\/a>\n<h4 class=\"pt-cv-title\"><a href=\"https:\/\/french.cpnn-world.org\/?p=11150\" class=\"_self cvplbd\" target=\"_self\" >Nos aspirations pour l&#8217;Afrique que nous voulons<\/a><\/h4>\n<div class=\"pt-cv-meta-fields\"><span class=\"entry-date\"> <time datetime=\"2026-01-10T10:55:28+01:00\">January 10, 2026<\/time><\/span><\/div><\/div><\/div>\n<div class=\"col-md-3 col-sm-3 col-xs-3 pt-cv-content-item pt-cv-1-col\"  data-pid=\"11143\"><div class='pt-cv-ifield'><a href=\"https:\/\/french.cpnn-world.org\/?p=11143\" class=\"_self pt-cv-href-thumbnail pt-cv-thumb-default cvplbd\" target=\"_self\" ><img decoding=\"async\" width=\"300\" src=\"https:\/\/french.cpnn-world.org\/wp-content\/uploads\/2026\/01\/Esquivel-300x261.jpg\" class=\"pt-cv-thumbnail img-none cvp-substitute\" alt=\"Appel du prix Nobel de la paix, Adolfo P\u00e9rez Esquivel. Pour la Paix et l&#039;Unit\u00e9. \u00ab \u00c9coutez la Voix des Peuples \u00bb\" title=\"\" \/><\/a>\n<h4 class=\"pt-cv-title\"><a href=\"https:\/\/french.cpnn-world.org\/?p=11143\" class=\"_self cvplbd\" target=\"_self\" >Appel du prix Nobel de la paix, Adolfo P\u00e9rez Esquivel. Pour la Paix et l&#8217;Unit\u00e9. \u00ab \u00c9coutez la Voix des Peuples \u00bb<\/a><\/h4>\n<div class=\"pt-cv-meta-fields\"><span class=\"entry-date\"> <time datetime=\"2026-01-04T21:36:11+01:00\">January 4, 2026<\/time><\/span><\/div><\/div><\/div>\n<div class=\"col-md-3 col-sm-3 col-xs-3 pt-cv-content-item pt-cv-1-col\"  data-pid=\"11099\"><div class='pt-cv-ifield'><a href=\"https:\/\/french.cpnn-world.org\/?p=11099\" class=\"_self pt-cv-href-thumbnail pt-cv-thumb-default cvplbd\" target=\"_self\" ><img decoding=\"async\" width=\"300\" src=\"https:\/\/french.cpnn-world.org\/wp-content\/uploads\/2025\/11\/coop-media.jpg\" class=\"pt-cv-thumbnail img-none cvp-substitute\" alt=\"France: Coop-m\u00e9dias investit dans 5 m\u00e9dias ind\u00e9pendants\" title=\"\" \/><\/a>\n<h4 class=\"pt-cv-title\"><a href=\"https:\/\/french.cpnn-world.org\/?p=11099\" class=\"_self cvplbd\" target=\"_self\" >France: Coop-m\u00e9dias investit dans 5 m\u00e9dias ind\u00e9pendants<\/a><\/h4>\n<div class=\"pt-cv-meta-fields\"><span class=\"entry-date\"> <time datetime=\"2025-11-30T06:10:44+01:00\">November 30, 2025<\/time><\/span><\/div><\/div><\/div>\n<div class=\"col-md-3 col-sm-3 col-xs-3 pt-cv-content-item pt-cv-1-col\"  data-pid=\"11035\"><div class='pt-cv-ifield'><a href=\"https:\/\/french.cpnn-world.org\/?p=11035\" class=\"_self pt-cv-href-thumbnail pt-cv-thumb-default cvplbd\" target=\"_self\" ><img decoding=\"async\" width=\"300\" src=\"https:\/\/french.cpnn-world.org\/wp-content\/uploads\/2025\/09\/Belgium.jpg\" class=\"pt-cv-thumbnail img-none cvp-substitute\" alt=\"Belgique: 200 villes et communes vont hisser le drapeau de la paix pendant huit jours\" title=\"\" \/><\/a>\n<h4 class=\"pt-cv-title\"><a href=\"https:\/\/french.cpnn-world.org\/?p=11035\" class=\"_self cvplbd\" target=\"_self\" >Belgique: 200 villes et communes vont hisser le drapeau de la paix pendant huit jours<\/a><\/h4>\n<div class=\"pt-cv-meta-fields\"><span class=\"entry-date\"> <time datetime=\"2025-09-27T18:52:35+02:00\">September 27, 2025<\/time><\/span><\/div><\/div><\/div>\n<div class=\"col-md-3 col-sm-3 col-xs-3 pt-cv-content-item pt-cv-1-col\"  data-pid=\"10726\"><div class='pt-cv-ifield'><a href=\"https:\/\/french.cpnn-world.org\/?p=10726\" class=\"_self pt-cv-href-thumbnail pt-cv-thumb-default cvplbd\" target=\"_self\" ><img decoding=\"async\" width=\"300\" src=\"https:\/\/french.cpnn-world.org\/wp-content\/uploads\/2024\/11\/cine-300x171.jpg\" class=\"pt-cv-thumbnail img-none cvp-substitute\" alt=\"Construire une culture de paix : Le Festival du Cin\u00e9ma des Droits de l&#039;Homme de Naples 2024\" title=\"\" \/><\/a>\n<h4 class=\"pt-cv-title\"><a href=\"https:\/\/french.cpnn-world.org\/?p=10726\" class=\"_self cvplbd\" target=\"_self\" >Construire une culture de paix : Le Festival du Cin\u00e9ma des Droits de l&#8217;Homme de Naples 2024<\/a><\/h4>\n<div class=\"pt-cv-meta-fields\"><span class=\"entry-date\"> <time datetime=\"2024-11-08T20:39:31+01:00\">November 8, 2024<\/time><\/span><\/div><\/div><\/div>\n<div class=\"col-md-3 col-sm-3 col-xs-3 pt-cv-content-item pt-cv-1-col\"  data-pid=\"10722\"><div class='pt-cv-ifield'><a href=\"https:\/\/french.cpnn-world.org\/?p=10722\" class=\"_self pt-cv-href-thumbnail pt-cv-thumb-default cvplbd\" target=\"_self\" ><img decoding=\"async\" width=\"300\" src=\"https:\/\/french.cpnn-world.org\/wp-content\/uploads\/2024\/11\/radio-300x171.png\" class=\"pt-cv-thumbnail img-none cvp-substitute\" alt=\"C\u00f4te d\u2019Ivoire: Radio de la Paix\" title=\"\" \/><\/a>\n<h4 class=\"pt-cv-title\"><a href=\"https:\/\/french.cpnn-world.org\/?p=10722\" class=\"_self cvplbd\" target=\"_self\" >C\u00f4te d\u2019Ivoire: Radio de la Paix<\/a><\/h4>\n<div class=\"pt-cv-meta-fields\"><span class=\"entry-date\"> <time datetime=\"2024-11-08T20:01:18+01:00\">November 8, 2024<\/time><\/span><\/div><\/div><\/div>\n<div class=\"col-md-3 col-sm-3 col-xs-3 pt-cv-content-item pt-cv-1-col\"  data-pid=\"10688\"><div class='pt-cv-ifield'><a href=\"https:\/\/french.cpnn-world.org\/?p=10688\" class=\"_self pt-cv-href-thumbnail pt-cv-thumb-default cvplbd\" target=\"_self\" ><img decoding=\"async\" width=\"300\" src=\"https:\/\/french.cpnn-world.org\/wp-content\/uploads\/2024\/10\/Coop-medias-1.jpg\" class=\"pt-cv-thumbnail img-none cvp-substitute\" alt=\"Coop-m\u00e9dias, la coop\u00e9rative citoyenne qui veut donner \u00abun vrai souffle\u00bb aux m\u00e9dias ind\u00e9pendants\" title=\"\" \/><\/a>\n<h4 class=\"pt-cv-title\"><a href=\"https:\/\/french.cpnn-world.org\/?p=10688\" class=\"_self cvplbd\" target=\"_self\" >Coop-m\u00e9dias, la coop\u00e9rative citoyenne qui veut donner \u00abun vrai souffle\u00bb aux m\u00e9dias ind\u00e9pendants<\/a><\/h4>\n<div class=\"pt-cv-meta-fields\"><span class=\"entry-date\"> <time datetime=\"2024-10-11T09:53:58+02:00\">October 11, 2024<\/time><\/span><\/div><\/div><\/div><\/div><\/div>\n<div class=\"text-left pt-cv-pagination-wrapper\"><ul class=\"pt-cv-pagination pt-cv-ajax pagination\" data-totalpages=\"12\" data-currentpage=\"1\" data-sid=\"c0743cej8s\" data-unid=\"\" data-isblock=\"\" data-postid=\"\"><li class=\"active\"><a href=\"#\">1<\/a><\/li>\n\t<li ><a class=\"\" href=\"https:\/\/french.cpnn-world.org\/index.php\/?_page=2&#038;rest_route=%2Fwp%2Fv2%2Fpages%2F1862\">2<\/a><\/li>\n\t<li ><a class=\"\" href=\"https:\/\/french.cpnn-world.org\/index.php\/?_page=3&#038;rest_route=%2Fwp%2Fv2%2Fpages%2F1862\">3<\/a><\/li>\n\t<li ><a href=\"#\">&hellip;<\/a><\/li>\n\t<li ><a class=\"\" href=\"https:\/\/french.cpnn-world.org\/index.php\/?_page=12&#038;rest_route=%2Fwp%2Fv2%2Fpages%2F1862\">12<\/a><\/li>\n\t<li ><a class=\" \" href=\"https:\/\/french.cpnn-world.org\/index.php\/?_page=2&#038;rest_route=%2Fwp%2Fv2%2Fpages%2F1862\">&rsaquo;<\/a><\/li>\n\t<\/ul><img loading=\"lazy\" decoding=\"async\" width=\"15\" height=\"15\" class=\"pt-cv-spinner\" alt=\"Loading...\" src=\"data:image\/gif;base64,R0lGODlhDwAPALMPAMrKygwMDJOTkz09PZWVla+vr3p6euTk5M7OzuXl5TMzMwAAAJmZmWZmZszMzP\/\/\/yH\/C05FVFNDQVBFMi4wAwEAAAAh+QQFCgAPACwAAAAADwAPAAAEQvDJaZaZOIcV8iQK8VRX4iTYoAwZ4iCYoAjZ4RxejhVNoT+mRGP4cyF4Pp0N98sBGIBMEMOotl6YZ3S61Bmbkm4mAgAh+QQFCgAPACwAAAAADQANAAAENPDJSRSZeA418itN8QiK8BiLITVsFiyBBIoYqnoewAD4xPw9iY4XLGYSjkQR4UAUD45DLwIAIfkEBQoADwAsAAAAAA8ACQAABC\/wyVlamTi3nSdgwFNdhEJgTJoNyoB9ISYoQmdjiZPcj7EYCAeCF1gEDo4Dz2eIAAAh+QQFCgAPACwCAAAADQANAAAEM\/DJBxiYeLKdX3IJZT1FU0iIg2RNKx3OkZVnZ98ToRD4MyiDnkAh6BkNC0MvsAj0kMpHBAAh+QQFCgAPACwGAAAACQAPAAAEMDC59KpFDll73HkAA2wVY5KgiK5b0RRoI6MuzG6EQqCDMlSGheEhUAgqgUUAFRySIgAh+QQFCgAPACwCAAIADQANAAAEM\/DJKZNLND\/kkKaHc3xk+QAMYDKsiaqmZCxGVjSFFCxB1vwy2oOgIDxuucxAMTAJFAJNBAAh+QQFCgAPACwAAAYADwAJAAAEMNAs86q1yaWwwv2Ig0jUZx3OYa4XoRAfwADXoAwfo1+CIjyFRuEho60aSNYlOPxEAAAh+QQFCgAPACwAAAIADQANAAAENPA9s4y8+IUVcqaWJ4qEQozSoAzoIyhCK2NFU2SJk0hNnyEOhKR2AzAAj4Pj4GE4W0bkJQIAOw==\" \/><div class=\"clear pt-cv-clear-pagination\"><\/div><\/div><\/div>\t\t\t<style type=\"text\/css\" id=\"pt-cv-inline-style-4ab6244xnb\">#pt-cv-view-c0743cej8s .pt-cv-title a, #pt-cv-view-c0743cej8s  .panel-title { font-weight: 600 !important; }\n#pt-cv-view-c0743cej8s .pt-cv-readmore  { color: #ffffff !important; background-color: #00aeef !important; }\n#pt-cv-view-c0743cej8s .pt-cv-readmore:hover  { color: #ffffff !important; background-color: #00aeef !important; }\n#pt-cv-view-c0743cej8s  + .pt-cv-pagination-wrapper .pt-cv-more , #pt-cv-view-c0743cej8s  + .pt-cv-pagination-wrapper .pagination .active a, .pt-cv-pagination[data-sid='c0743cej8s'] .active a { color: #ffffff !important; background-color: #00aeef !important; }<\/style>\r\n\t\t\t<\/p>\n","protected":false},"excerpt":{"rendered":"<p>Voici les articles en fran\u00e7ais concernant Libre Circulation de l&#8217;Information depuis le 1er f\u00e9vrier 2015. Pour voir les pages suivantes, cliquez sur les num\u00e9ros de page en bas. Pour les archives de CPNN de Libert\u00e9 d&#8217;Information avant le 1er f\u00e9vrier 2015, cliquez ici.<\/p>\n","protected":false},"author":1,"featured_media":0,"parent":0,"menu_order":0,"comment_status":"closed","ping_status":"closed","template":"","meta":{"footnotes":""},"class_list":["post-1862","page","type-page","status-publish","hentry"],"_links":{"self":[{"href":"https:\/\/french.cpnn-world.org\/index.php?rest_route=\/wp\/v2\/pages\/1862","targetHints":{"allow":["GET"]}}],"collection":[{"href":"https:\/\/french.cpnn-world.org\/index.php?rest_route=\/wp\/v2\/pages"}],"about":[{"href":"https:\/\/french.cpnn-world.org\/index.php?rest_route=\/wp\/v2\/types\/page"}],"author":[{"embeddable":true,"href":"https:\/\/french.cpnn-world.org\/index.php?rest_route=\/wp\/v2\/users\/1"}],"replies":[{"embeddable":true,"href":"https:\/\/french.cpnn-world.org\/index.php?rest_route=%2Fwp%2Fv2%2Fcomments&post=1862"}],"version-history":[{"count":3,"href":"https:\/\/french.cpnn-world.org\/index.php?rest_route=\/wp\/v2\/pages\/1862\/revisions"}],"predecessor-version":[{"id":8012,"href":"https:\/\/french.cpnn-world.org\/index.php?rest_route=\/wp\/v2\/pages\/1862\/revisions\/8012"}],"wp:attachment":[{"href":"https:\/\/french.cpnn-world.org\/index.php?rest_route=%2Fwp%2Fv2%2Fmedia&parent=1862"}],"curies":[{"name":"wp","href":"https:\/\/api.w.org\/{rel}","templated":true}]}}