{"id":1865,"date":"2015-04-14T16:54:50","date_gmt":"2015-04-14T20:54:50","guid":{"rendered":"http:\/\/english.cpnn-world.org\/?page_id=1865"},"modified":"2019-10-11T10:01:43","modified_gmt":"2019-10-11T10:01:43","slug":"articles-de-droits-de-lhomme","status":"publish","type":"page","link":"https:\/\/french.cpnn-world.org\/?page_id=1865","title":{"rendered":"Articles de Droits de l&#8217;Homme"},"content":{"rendered":"<p><em><big>Voici les articles en fran\u00e7ais concernant Droits de l&#8217;Homme depuis le 1er f\u00e9vrier 2015.<br \/>\nPour voir les pages suivantes, cliquez sur les num\u00e9ros de page en bas.<br \/>\nPour les archives de CPNN de Droits de l&#8217;Homme avant  le 1er f\u00e9vrier 2015, cliquez <a href=\"http:\/\/cpnn-world.org\/cgi-bin\/read\/programareapage-french.cgi?programarea=humanrights\">ici<\/a>. <\/big><\/em><div class=\"pt-cv-wrapper\"><div class=\"pt-cv-view pt-cv-grid pt-cv-colsys pt-cv-pgregular\" id=\"pt-cv-view-f354b27bhx\"><div data-id=\"pt-cv-page-1\" class=\"pt-cv-page\" data-cvc=\"4\"><div class=\"col-md-3 col-sm-3 col-xs-3 pt-cv-content-item pt-cv-1-col\"  data-pid=\"11143\"><div class='pt-cv-ifield'><a href=\"https:\/\/french.cpnn-world.org\/?p=11143\" class=\"_self pt-cv-href-thumbnail pt-cv-thumb-default cvplbd\" target=\"_self\" ><img decoding=\"async\" width=\"300\" src=\"https:\/\/french.cpnn-world.org\/wp-content\/uploads\/2026\/01\/Esquivel-300x261.jpg\" class=\"pt-cv-thumbnail img-none cvp-substitute\" alt=\"Appel du prix Nobel de la paix, Adolfo P\u00e9rez Esquivel. Pour la Paix et l&#039;Unit\u00e9. \u00ab \u00c9coutez la Voix des Peuples \u00bb\" title=\"\" \/><\/a>\n<h4 class=\"pt-cv-title\"><a href=\"https:\/\/french.cpnn-world.org\/?p=11143\" class=\"_self cvplbd\" target=\"_self\" >Appel du prix Nobel de la paix, Adolfo P\u00e9rez Esquivel. Pour la Paix et l&#8217;Unit\u00e9. \u00ab \u00c9coutez la Voix des Peuples \u00bb<\/a><\/h4>\n<div class=\"pt-cv-meta-fields\"><span class=\"entry-date\"> <time datetime=\"2026-01-04T21:36:11+01:00\">January 4, 2026<\/time><\/span><\/div><\/div><\/div>\n<div class=\"col-md-3 col-sm-3 col-xs-3 pt-cv-content-item pt-cv-1-col\"  data-pid=\"11026\"><div class='pt-cv-ifield'><a href=\"https:\/\/french.cpnn-world.org\/?p=11026\" class=\"_self pt-cv-href-thumbnail pt-cv-thumb-default cvplbd\" target=\"_self\" ><img decoding=\"async\" width=\"300\" src=\"https:\/\/french.cpnn-world.org\/wp-content\/uploads\/2025\/08\/laborday.jpg\" class=\"pt-cv-thumbnail img-none cvp-substitute\" alt=\"Pr\u00e8s de 1\u00a0000 manifestations \u00ab\u00a0Les travailleurs contre les milliardaires\u00a0\u00bb pr\u00e9vues aux \u00c9tats-Unis pour la f\u00eate du Travail\" title=\"\" \/><\/a>\n<h4 class=\"pt-cv-title\"><a href=\"https:\/\/french.cpnn-world.org\/?p=11026\" class=\"_self cvplbd\" target=\"_self\" >Pr\u00e8s de 1\u00a0000 manifestations \u00ab\u00a0Les travailleurs contre les milliardaires\u00a0\u00bb pr\u00e9vues aux \u00c9tats-Unis pour la f\u00eate du Travail<\/a><\/h4>\n<div class=\"pt-cv-meta-fields\"><span class=\"entry-date\"> <time datetime=\"2025-08-31T18:10:18+02:00\">August 31, 2025<\/time><\/span><\/div><\/div><\/div>\n<div class=\"col-md-3 col-sm-3 col-xs-3 pt-cv-content-item pt-cv-1-col\"  data-pid=\"10539\"><div class='pt-cv-ifield'><a href=\"https:\/\/french.cpnn-world.org\/?p=10539\" class=\"_self pt-cv-href-thumbnail pt-cv-thumb-default cvplbd\" target=\"_self\" ><img decoding=\"async\" width=\"300\" src=\"https:\/\/french.cpnn-world.org\/wp-content\/uploads\/2024\/05\/Kanaky.jpg\" class=\"pt-cv-thumbnail img-none cvp-substitute\" alt=\"Nouvelle Caledonie \u2013 Kanaky : Le Mouvement de la Paix Appelle au Retour et \u00e0 la Poursuite du Processus de D\u00e9colonisation\" title=\"\" \/><\/a>\n<h4 class=\"pt-cv-title\"><a href=\"https:\/\/french.cpnn-world.org\/?p=10539\" class=\"_self cvplbd\" target=\"_self\" >Nouvelle Caledonie \u2013 Kanaky : Le Mouvement de la Paix Appelle au Retour et \u00e0 la Poursuite du Processus de D\u00e9colonisation<\/a><\/h4>\n<div class=\"pt-cv-meta-fields\"><span class=\"entry-date\"> <time datetime=\"2024-05-27T07:47:49+02:00\">May 27, 2024<\/time><\/span><\/div><\/div><\/div>\n<div class=\"col-md-3 col-sm-3 col-xs-3 pt-cv-content-item pt-cv-1-col\"  data-pid=\"10486\"><div class='pt-cv-ifield'><a href=\"https:\/\/french.cpnn-world.org\/?p=10486\" class=\"_self pt-cv-href-thumbnail pt-cv-thumb-default cvplbd\" target=\"_self\" ><img decoding=\"async\" width=\"300\" src=\"https:\/\/french.cpnn-world.org\/wp-content\/uploads\/2024\/04\/Assange.jpeg\" class=\"pt-cv-thumbnail img-none cvp-substitute\" alt=\"Amnesty International: \u00a0Incarc\u00e9r\u00e9 depuis cinq ans au Royaume-Uni : la situation de Julian Assange est inacceptable\" title=\"\" \/><\/a>\n<h4 class=\"pt-cv-title\"><a href=\"https:\/\/french.cpnn-world.org\/?p=10486\" class=\"_self cvplbd\" target=\"_self\" >Amnesty International: \u00a0Incarc\u00e9r\u00e9 depuis cinq ans au Royaume-Uni : la situation de Julian Assange est inacceptable<\/a><\/h4>\n<div class=\"pt-cv-meta-fields\"><span class=\"entry-date\"> <time datetime=\"2024-04-17T03:50:39+02:00\">April 17, 2024<\/time><\/span><\/div><\/div><\/div>\n<div class=\"col-md-3 col-sm-3 col-xs-3 pt-cv-content-item pt-cv-1-col\"  data-pid=\"10348\"><div class='pt-cv-ifield'><a href=\"https:\/\/french.cpnn-world.org\/?p=10348\" class=\"_self pt-cv-href-thumbnail pt-cv-thumb-default cvplbd\" target=\"_self\" ><img decoding=\"async\" width=\"300\" src=\"https:\/\/french.cpnn-world.org\/wp-content\/uploads\/2024\/02\/HRW-300x200.jpg\" class=\"pt-cv-thumbnail img-none cvp-substitute\" alt=\"La Cour internationale de justice va examiner 57 ans d\u2019occupation isra\u00e9lienne\" title=\"\" \/><\/a>\n<h4 class=\"pt-cv-title\"><a href=\"https:\/\/french.cpnn-world.org\/?p=10348\" class=\"_self cvplbd\" target=\"_self\" >La Cour internationale de justice va examiner 57 ans d\u2019occupation isra\u00e9lienne<\/a><\/h4>\n<div class=\"pt-cv-meta-fields\"><span class=\"entry-date\"> <time datetime=\"2024-02-22T08:39:32+01:00\">February 22, 2024<\/time><\/span><\/div><\/div><\/div>\n<div class=\"col-md-3 col-sm-3 col-xs-3 pt-cv-content-item pt-cv-1-col\"  data-pid=\"10283\"><div class='pt-cv-ifield'><a href=\"https:\/\/french.cpnn-world.org\/?p=10283\" class=\"_self pt-cv-href-thumbnail pt-cv-thumb-default cvplbd\" target=\"_self\" ><img decoding=\"async\" width=\"300\" src=\"https:\/\/french.cpnn-world.org\/wp-content\/uploads\/2023\/12\/MVTPAIX.jpg\" class=\"pt-cv-thumbnail img-none cvp-substitute\" alt=\"L\u2019ONU invit\u00e9e \u00e0 Soumettre son Appel \u00e0 un \u00ab Cessez le Feu Imm\u00e9diat \u00e0 Gaza \u00bb  pour la Signature du Soutien des Peuples du Monde\" title=\"\" \/><\/a>\n<h4 class=\"pt-cv-title\"><a href=\"https:\/\/french.cpnn-world.org\/?p=10283\" class=\"_self cvplbd\" target=\"_self\" >L\u2019ONU invit\u00e9e \u00e0 Soumettre son Appel \u00e0 un \u00ab Cessez le Feu Imm\u00e9diat \u00e0 Gaza \u00bb  pour la Signature du Soutien des Peuples du Monde<\/a><\/h4>\n<div class=\"pt-cv-meta-fields\"><span class=\"entry-date\"> <time datetime=\"2023-12-10T07:52:07+01:00\">December 10, 2023<\/time><\/span><\/div><\/div><\/div>\n<div class=\"col-md-3 col-sm-3 col-xs-3 pt-cv-content-item pt-cv-1-col\"  data-pid=\"10154\"><div class='pt-cv-ifield'><a href=\"https:\/\/french.cpnn-world.org\/?p=10154\" class=\"_self pt-cv-href-thumbnail pt-cv-thumb-default cvplbd\" target=\"_self\" ><img decoding=\"async\" width=\"300\" src=\"https:\/\/french.cpnn-world.org\/wp-content\/uploads\/2023\/08\/indigenous.jpg\" class=\"pt-cv-thumbnail img-none cvp-substitute\" alt=\"Les syndicalistes autochtones r\u00e9clament plus d\u2019inclusion et de solidarit\u00e9\u00a0: \u00ab\u00a0Nous ne sommes pas l\u00e0 juste pour entonner des chants et r\u00e9citer des pri\u00e8res\u00a0\u00bb\" title=\"\" \/><\/a>\n<h4 class=\"pt-cv-title\"><a href=\"https:\/\/french.cpnn-world.org\/?p=10154\" class=\"_self cvplbd\" target=\"_self\" >Les syndicalistes autochtones r\u00e9clament plus d\u2019inclusion et de solidarit\u00e9\u00a0: \u00ab\u00a0Nous ne sommes pas l\u00e0 juste pour entonner des chants et r\u00e9citer des pri\u00e8res\u00a0\u00bb<\/a><\/h4>\n<div class=\"pt-cv-meta-fields\"><span class=\"entry-date\"> <time datetime=\"2023-08-26T16:09:34+02:00\">August 26, 2023<\/time><\/span><\/div><\/div><\/div>\n<div class=\"col-md-3 col-sm-3 col-xs-3 pt-cv-content-item pt-cv-1-col\"  data-pid=\"10090\"><div class='pt-cv-ifield'><a href=\"https:\/\/french.cpnn-world.org\/?p=10090\" class=\"_self pt-cv-href-thumbnail pt-cv-thumb-default cvplbd\" target=\"_self\" ><img decoding=\"async\" width=\"300\" src=\"https:\/\/french.cpnn-world.org\/wp-content\/uploads\/2023\/07\/Nupes.jpg\" class=\"pt-cv-thumbnail img-none cvp-substitute\" alt=\"France: Pour un Plan d\u2019Urgence de Sortie de Crise\" title=\"\" \/><\/a>\n<h4 class=\"pt-cv-title\"><a href=\"https:\/\/french.cpnn-world.org\/?p=10090\" class=\"_self cvplbd\" target=\"_self\" >France: Pour un Plan d\u2019Urgence de Sortie de Crise<\/a><\/h4>\n<div class=\"pt-cv-meta-fields\"><span class=\"entry-date\"> <time datetime=\"2023-07-01T10:34:47+02:00\">July 1, 2023<\/time><\/span><\/div><\/div><\/div><\/div><\/div>\n<div class=\"text-left pt-cv-pagination-wrapper\"><ul class=\"pt-cv-pagination pt-cv-ajax pagination\" data-totalpages=\"6\" data-currentpage=\"1\" data-sid=\"f354b27bhx\" data-unid=\"\" data-isblock=\"\" data-postid=\"\"><li class=\"active\"><a href=\"#\">1<\/a><\/li>\n\t<li ><a class=\"\" href=\"https:\/\/french.cpnn-world.org\/index.php\/?_page=2&#038;rest_route=%2Fwp%2Fv2%2Fpages%2F1865\">2<\/a><\/li>\n\t<li ><a class=\"\" href=\"https:\/\/french.cpnn-world.org\/index.php\/?_page=3&#038;rest_route=%2Fwp%2Fv2%2Fpages%2F1865\">3<\/a><\/li>\n\t<li ><a href=\"#\">&hellip;<\/a><\/li>\n\t<li ><a class=\"\" href=\"https:\/\/french.cpnn-world.org\/index.php\/?_page=6&#038;rest_route=%2Fwp%2Fv2%2Fpages%2F1865\">6<\/a><\/li>\n\t<li ><a class=\" \" href=\"https:\/\/french.cpnn-world.org\/index.php\/?_page=2&#038;rest_route=%2Fwp%2Fv2%2Fpages%2F1865\">&rsaquo;<\/a><\/li>\n\t<\/ul><img loading=\"lazy\" decoding=\"async\" width=\"15\" height=\"15\" class=\"pt-cv-spinner\" alt=\"Loading...\" src=\"data:image\/gif;base64,R0lGODlhDwAPALMPAMrKygwMDJOTkz09PZWVla+vr3p6euTk5M7OzuXl5TMzMwAAAJmZmWZmZszMzP\/\/\/yH\/C05FVFNDQVBFMi4wAwEAAAAh+QQFCgAPACwAAAAADwAPAAAEQvDJaZaZOIcV8iQK8VRX4iTYoAwZ4iCYoAjZ4RxejhVNoT+mRGP4cyF4Pp0N98sBGIBMEMOotl6YZ3S61Bmbkm4mAgAh+QQFCgAPACwAAAAADQANAAAENPDJSRSZeA418itN8QiK8BiLITVsFiyBBIoYqnoewAD4xPw9iY4XLGYSjkQR4UAUD45DLwIAIfkEBQoADwAsAAAAAA8ACQAABC\/wyVlamTi3nSdgwFNdhEJgTJoNyoB9ISYoQmdjiZPcj7EYCAeCF1gEDo4Dz2eIAAAh+QQFCgAPACwCAAAADQANAAAEM\/DJBxiYeLKdX3IJZT1FU0iIg2RNKx3OkZVnZ98ToRD4MyiDnkAh6BkNC0MvsAj0kMpHBAAh+QQFCgAPACwGAAAACQAPAAAEMDC59KpFDll73HkAA2wVY5KgiK5b0RRoI6MuzG6EQqCDMlSGheEhUAgqgUUAFRySIgAh+QQFCgAPACwCAAIADQANAAAEM\/DJKZNLND\/kkKaHc3xk+QAMYDKsiaqmZCxGVjSFFCxB1vwy2oOgIDxuucxAMTAJFAJNBAAh+QQFCgAPACwAAAYADwAJAAAEMNAs86q1yaWwwv2Ig0jUZx3OYa4XoRAfwADXoAwfo1+CIjyFRuEho60aSNYlOPxEAAAh+QQFCgAPACwAAAIADQANAAAENPA9s4y8+IUVcqaWJ4qEQozSoAzoIyhCK2NFU2SJk0hNnyEOhKR2AzAAj4Pj4GE4W0bkJQIAOw==\" \/><div class=\"clear pt-cv-clear-pagination\"><\/div><\/div><\/div>\t\t\t<style type=\"text\/css\" id=\"pt-cv-inline-style-694fb09mdl\">#pt-cv-view-f354b27bhx .pt-cv-title a, #pt-cv-view-f354b27bhx  .panel-title { font-weight: 600 !important; }\n#pt-cv-view-f354b27bhx .pt-cv-readmore  { color: #ffffff !important; background-color: #00aeef !important; }\n#pt-cv-view-f354b27bhx .pt-cv-readmore:hover  { color: #ffffff !important; background-color: #00aeef !important; }\n#pt-cv-view-f354b27bhx  + .pt-cv-pagination-wrapper .pt-cv-more , #pt-cv-view-f354b27bhx  + .pt-cv-pagination-wrapper .pagination .active a, .pt-cv-pagination[data-sid='f354b27bhx'] .active a { color: #ffffff !important; background-color: #00aeef !important; }<\/style>\r\n\t\t\t<\/p>\n","protected":false},"excerpt":{"rendered":"<p>Voici les articles en fran\u00e7ais concernant Droits de l&#8217;Homme depuis le 1er f\u00e9vrier 2015. Pour voir les pages suivantes, cliquez sur les num\u00e9ros de page en bas. Pour les archives de CPNN de Droits de l&#8217;Homme avant le 1er f\u00e9vrier 2015, cliquez ici.<\/p>\n","protected":false},"author":1,"featured_media":0,"parent":0,"menu_order":0,"comment_status":"closed","ping_status":"closed","template":"","meta":{"footnotes":""},"class_list":["post-1865","page","type-page","status-publish","hentry"],"_links":{"self":[{"href":"https:\/\/french.cpnn-world.org\/index.php?rest_route=\/wp\/v2\/pages\/1865","targetHints":{"allow":["GET"]}}],"collection":[{"href":"https:\/\/french.cpnn-world.org\/index.php?rest_route=\/wp\/v2\/pages"}],"about":[{"href":"https:\/\/french.cpnn-world.org\/index.php?rest_route=\/wp\/v2\/types\/page"}],"author":[{"embeddable":true,"href":"https:\/\/french.cpnn-world.org\/index.php?rest_route=\/wp\/v2\/users\/1"}],"replies":[{"embeddable":true,"href":"https:\/\/french.cpnn-world.org\/index.php?rest_route=%2Fwp%2Fv2%2Fcomments&post=1865"}],"version-history":[{"count":3,"href":"https:\/\/french.cpnn-world.org\/index.php?rest_route=\/wp\/v2\/pages\/1865\/revisions"}],"predecessor-version":[{"id":7906,"href":"https:\/\/french.cpnn-world.org\/index.php?rest_route=\/wp\/v2\/pages\/1865\/revisions\/7906"}],"wp:attachment":[{"href":"https:\/\/french.cpnn-world.org\/index.php?rest_route=%2Fwp%2Fv2%2Fmedia&parent=1865"}],"curies":[{"name":"wp","href":"https:\/\/api.w.org\/{rel}","templated":true}]}}