{"id":1871,"date":"2015-04-14T17:16:32","date_gmt":"2015-04-14T21:16:32","guid":{"rendered":"http:\/\/english.cpnn-world.org\/?page_id=1871"},"modified":"2019-10-11T10:03:46","modified_gmt":"2019-10-11T10:03:46","slug":"articles-de-desarmament","status":"publish","type":"page","link":"https:\/\/french.cpnn-world.org\/?page_id=1871","title":{"rendered":"Articles de D\u00e9sarmement"},"content":{"rendered":"<p><em><big>Voici les articles en fran\u00e7ais concernant D\u00e9sarmement depuis le 1er f\u00e9vrier 2015.<br \/>\nPour voir les pages suivantes, cliquez sur les num\u00e9ros de page en bas.<br \/>\nPour les archives de CPNN de D\u00e9sarmement avant le 1er f\u00e9vrier 2015, cliquez <a href=\"http:\/\/cpnn-world.org\/cgi-bin\/read\/programareapage-french.cgi?programarea=disarmament\">ici<\/a>. <\/big><\/em><div class=\"pt-cv-wrapper\"><div class=\"pt-cv-view pt-cv-grid pt-cv-colsys pt-cv-pgregular\" id=\"pt-cv-view-c28d2e2moj\"><div data-id=\"pt-cv-page-1\" class=\"pt-cv-page\" data-cvc=\"4\"><div class=\"col-md-3 col-sm-3 col-xs-3 pt-cv-content-item pt-cv-1-col\"  data-pid=\"11150\"><div class='pt-cv-ifield'><a href=\"https:\/\/french.cpnn-world.org\/?p=11150\" class=\"_self pt-cv-href-thumbnail pt-cv-thumb-default cvplbd\" target=\"_self\" ><img decoding=\"async\" width=\"300\" src=\"https:\/\/french.cpnn-world.org\/wp-content\/uploads\/2026\/01\/aspirations-300x196.jpg\" class=\"pt-cv-thumbnail img-none cvp-substitute\" alt=\"Nos aspirations pour l&#039;Afrique que nous voulons\" title=\"\" \/><\/a>\n<h4 class=\"pt-cv-title\"><a href=\"https:\/\/french.cpnn-world.org\/?p=11150\" class=\"_self cvplbd\" target=\"_self\" >Nos aspirations pour l&#8217;Afrique que nous voulons<\/a><\/h4>\n<div class=\"pt-cv-meta-fields\"><span class=\"entry-date\"> <time datetime=\"2026-01-10T10:55:28+01:00\">January 10, 2026<\/time><\/span><\/div><\/div><\/div>\n<div class=\"col-md-3 col-sm-3 col-xs-3 pt-cv-content-item pt-cv-1-col\"  data-pid=\"11091\"><div class='pt-cv-ifield'><a href=\"https:\/\/french.cpnn-world.org\/?p=11091\" class=\"_self pt-cv-href-thumbnail pt-cv-thumb-default cvplbd\" target=\"_self\" ><img decoding=\"async\" width=\"300\" src=\"https:\/\/french.cpnn-world.org\/wp-content\/uploads\/2025\/11\/Tindy.png\" class=\"pt-cv-thumbnail img-none cvp-substitute\" alt=\"Le d\u00e9fi d\u2019une patrimonialisation de la culture de la paix en Afrique\" title=\"\" \/><\/a>\n<h4 class=\"pt-cv-title\"><a href=\"https:\/\/french.cpnn-world.org\/?p=11091\" class=\"_self cvplbd\" target=\"_self\" >Le d\u00e9fi d\u2019une patrimonialisation de la culture de la paix en Afrique<\/a><\/h4>\n<div class=\"pt-cv-meta-fields\"><span class=\"entry-date\"> <time datetime=\"2025-11-30T05:57:39+01:00\">November 30, 2025<\/time><\/span><\/div><\/div><\/div>\n<div class=\"col-md-3 col-sm-3 col-xs-3 pt-cv-content-item pt-cv-1-col\"  data-pid=\"10946\"><div class='pt-cv-ifield'><a href=\"https:\/\/french.cpnn-world.org\/?p=10946\" class=\"_self pt-cv-href-thumbnail pt-cv-thumb-default cvplbd\" target=\"_self\" ><img decoding=\"async\" width=\"300\" src=\"https:\/\/french.cpnn-world.org\/wp-content\/uploads\/2025\/06\/PeaceWave.jpg\" class=\"pt-cv-thumbnail img-none cvp-substitute\" alt=\"Vague de la Paix 2025\" title=\"\" \/><\/a>\n<h4 class=\"pt-cv-title\"><a href=\"https:\/\/french.cpnn-world.org\/?p=10946\" class=\"_self cvplbd\" target=\"_self\" >Vague de la Paix 2025<\/a><\/h4>\n<div class=\"pt-cv-meta-fields\"><span class=\"entry-date\"> <time datetime=\"2025-06-29T15:59:56+02:00\">June 29, 2025<\/time><\/span><\/div><\/div><\/div>\n<div class=\"col-md-3 col-sm-3 col-xs-3 pt-cv-content-item pt-cv-1-col\"  data-pid=\"10910\"><div class='pt-cv-ifield'><a href=\"https:\/\/french.cpnn-world.org\/?p=10910\" class=\"_self pt-cv-href-thumbnail pt-cv-thumb-default cvplbd\" target=\"_self\" ><img decoding=\"async\" width=\"300\" src=\"https:\/\/french.cpnn-world.org\/wp-content\/uploads\/2025\/05\/Pressenza.jpg\" class=\"pt-cv-thumbnail img-none cvp-substitute\" alt=\"Dernier jour du Sommet des Peuples pour la Paix \u00e0 J\u00e9rusalem : Ensemble, Isra\u00e9liens et Palestiniens clament \u201cLa Paix maintenant !\u201d\" title=\"\" \/><\/a>\n<h4 class=\"pt-cv-title\"><a href=\"https:\/\/french.cpnn-world.org\/?p=10910\" class=\"_self cvplbd\" target=\"_self\" >Dernier jour du Sommet des Peuples pour la Paix \u00e0 J\u00e9rusalem : Ensemble, Isra\u00e9liens et Palestiniens clament \u201cLa Paix maintenant !\u201d<\/a><\/h4>\n<div class=\"pt-cv-meta-fields\"><span class=\"entry-date\"> <time datetime=\"2025-05-13T09:17:35+02:00\">May 13, 2025<\/time><\/span><\/div><\/div><\/div>\n<div class=\"col-md-3 col-sm-3 col-xs-3 pt-cv-content-item pt-cv-1-col\"  data-pid=\"10829\"><div class='pt-cv-ifield'><a href=\"https:\/\/french.cpnn-world.org\/?p=10829\" class=\"_self pt-cv-href-thumbnail pt-cv-thumb-default cvplbd\" target=\"_self\" ><img decoding=\"async\" width=\"300\" src=\"https:\/\/french.cpnn-world.org\/wp-content\/uploads\/2025\/01\/Mali.jpg\" class=\"pt-cv-thumbnail img-none cvp-substitute\" alt=\"Lettre du Mali : un appel \u00e0 la paix\" title=\"\" \/><\/a>\n<h4 class=\"pt-cv-title\"><a href=\"https:\/\/french.cpnn-world.org\/?p=10829\" class=\"_self cvplbd\" target=\"_self\" >Lettre du Mali : un appel \u00e0 la paix<\/a><\/h4>\n<div class=\"pt-cv-meta-fields\"><span class=\"entry-date\"> <time datetime=\"2025-01-07T04:48:25+01:00\">January 7, 2025<\/time><\/span><\/div><\/div><\/div>\n<div class=\"col-md-3 col-sm-3 col-xs-3 pt-cv-content-item pt-cv-1-col\"  data-pid=\"10779\"><div class='pt-cv-ifield'><a href=\"https:\/\/french.cpnn-world.org\/?p=10779\" class=\"_self pt-cv-href-thumbnail pt-cv-thumb-default cvplbd\" target=\"_self\" ><img decoding=\"async\" width=\"300\" src=\"https:\/\/french.cpnn-world.org\/wp-content\/uploads\/2024\/12\/Nepal.jpg\" class=\"pt-cv-thumbnail img-none cvp-substitute\" alt=\"L\u2019\u00e9quipe itin\u00e9rante de la 3e Marche mondiale pour la Paix et la Non-violence a commenc\u00e9 ses activit\u00e9s au N\u00e9pal\" title=\"\" \/><\/a>\n<h4 class=\"pt-cv-title\"><a href=\"https:\/\/french.cpnn-world.org\/?p=10779\" class=\"_self cvplbd\" target=\"_self\" >L\u2019\u00e9quipe itin\u00e9rante de la 3e Marche mondiale pour la Paix et la Non-violence a commenc\u00e9 ses activit\u00e9s au N\u00e9pal<\/a><\/h4>\n<div class=\"pt-cv-meta-fields\"><span class=\"entry-date\"> <time datetime=\"2024-12-17T07:48:11+01:00\">December 17, 2024<\/time><\/span><\/div><\/div><\/div>\n<div class=\"col-md-3 col-sm-3 col-xs-3 pt-cv-content-item pt-cv-1-col\"  data-pid=\"10775\"><div class='pt-cv-ifield'><a href=\"https:\/\/french.cpnn-world.org\/?p=10775\" class=\"_self pt-cv-href-thumbnail pt-cv-thumb-default cvplbd\" target=\"_self\" ><img decoding=\"async\" width=\"300\" src=\"https:\/\/french.cpnn-world.org\/wp-content\/uploads\/2024\/12\/march.jpg\" class=\"pt-cv-thumbnail img-none cvp-substitute\" alt=\"La troisi\u00e8me marche mondiale fait ses premiers pas en Afrique\" title=\"\" \/><\/a>\n<h4 class=\"pt-cv-title\"><a href=\"https:\/\/french.cpnn-world.org\/?p=10775\" class=\"_self cvplbd\" target=\"_self\" >La troisi\u00e8me marche mondiale fait ses premiers pas en Afrique<\/a><\/h4>\n<div class=\"pt-cv-meta-fields\"><span class=\"entry-date\"> <time datetime=\"2024-12-16T20:56:40+01:00\">December 16, 2024<\/time><\/span><\/div><\/div><\/div>\n<div class=\"col-md-3 col-sm-3 col-xs-3 pt-cv-content-item pt-cv-1-col\"  data-pid=\"10767\"><div class='pt-cv-ifield'><a href=\"https:\/\/french.cpnn-world.org\/?p=10767\" class=\"_self pt-cv-href-thumbnail pt-cv-thumb-default cvplbd\" target=\"_self\" ><img decoding=\"async\" width=\"300\" src=\"https:\/\/french.cpnn-world.org\/wp-content\/uploads\/2024\/12\/YPS.jpg\" class=\"pt-cv-thumbnail img-none cvp-substitute\" alt=\"Burundi : Bujumbura abrite la 3\u00e8me \u00e9dition du Dialogue continental sur la jeunesse, la paix et la s\u00e9curit\u00e9\" title=\"\" \/><\/a>\n<h4 class=\"pt-cv-title\"><a href=\"https:\/\/french.cpnn-world.org\/?p=10767\" class=\"_self cvplbd\" target=\"_self\" >Burundi : Bujumbura abrite la 3\u00e8me \u00e9dition du Dialogue continental sur la jeunesse, la paix et la s\u00e9curit\u00e9<\/a><\/h4>\n<div class=\"pt-cv-meta-fields\"><span class=\"entry-date\"> <time datetime=\"2024-12-16T19:24:19+01:00\">December 16, 2024<\/time><\/span><\/div><\/div><\/div><\/div><\/div>\n<div class=\"text-left pt-cv-pagination-wrapper\"><ul class=\"pt-cv-pagination pt-cv-ajax pagination\" data-totalpages=\"9\" data-currentpage=\"1\" data-sid=\"c28d2e2moj\" data-unid=\"\" data-isblock=\"\" data-postid=\"\"><li class=\"active\"><a href=\"#\">1<\/a><\/li>\n\t<li ><a class=\"\" href=\"https:\/\/french.cpnn-world.org\/index.php\/?_page=2&#038;rest_route=%2Fwp%2Fv2%2Fpages%2F1871\">2<\/a><\/li>\n\t<li ><a class=\"\" href=\"https:\/\/french.cpnn-world.org\/index.php\/?_page=3&#038;rest_route=%2Fwp%2Fv2%2Fpages%2F1871\">3<\/a><\/li>\n\t<li ><a href=\"#\">&hellip;<\/a><\/li>\n\t<li ><a class=\"\" href=\"https:\/\/french.cpnn-world.org\/index.php\/?_page=9&#038;rest_route=%2Fwp%2Fv2%2Fpages%2F1871\">9<\/a><\/li>\n\t<li ><a class=\" \" href=\"https:\/\/french.cpnn-world.org\/index.php\/?_page=2&#038;rest_route=%2Fwp%2Fv2%2Fpages%2F1871\">&rsaquo;<\/a><\/li>\n\t<\/ul><img loading=\"lazy\" decoding=\"async\" width=\"15\" height=\"15\" class=\"pt-cv-spinner\" alt=\"Loading...\" src=\"data:image\/gif;base64,R0lGODlhDwAPALMPAMrKygwMDJOTkz09PZWVla+vr3p6euTk5M7OzuXl5TMzMwAAAJmZmWZmZszMzP\/\/\/yH\/C05FVFNDQVBFMi4wAwEAAAAh+QQFCgAPACwAAAAADwAPAAAEQvDJaZaZOIcV8iQK8VRX4iTYoAwZ4iCYoAjZ4RxejhVNoT+mRGP4cyF4Pp0N98sBGIBMEMOotl6YZ3S61Bmbkm4mAgAh+QQFCgAPACwAAAAADQANAAAENPDJSRSZeA418itN8QiK8BiLITVsFiyBBIoYqnoewAD4xPw9iY4XLGYSjkQR4UAUD45DLwIAIfkEBQoADwAsAAAAAA8ACQAABC\/wyVlamTi3nSdgwFNdhEJgTJoNyoB9ISYoQmdjiZPcj7EYCAeCF1gEDo4Dz2eIAAAh+QQFCgAPACwCAAAADQANAAAEM\/DJBxiYeLKdX3IJZT1FU0iIg2RNKx3OkZVnZ98ToRD4MyiDnkAh6BkNC0MvsAj0kMpHBAAh+QQFCgAPACwGAAAACQAPAAAEMDC59KpFDll73HkAA2wVY5KgiK5b0RRoI6MuzG6EQqCDMlSGheEhUAgqgUUAFRySIgAh+QQFCgAPACwCAAIADQANAAAEM\/DJKZNLND\/kkKaHc3xk+QAMYDKsiaqmZCxGVjSFFCxB1vwy2oOgIDxuucxAMTAJFAJNBAAh+QQFCgAPACwAAAYADwAJAAAEMNAs86q1yaWwwv2Ig0jUZx3OYa4XoRAfwADXoAwfo1+CIjyFRuEho60aSNYlOPxEAAAh+QQFCgAPACwAAAIADQANAAAENPA9s4y8+IUVcqaWJ4qEQozSoAzoIyhCK2NFU2SJk0hNnyEOhKR2AzAAj4Pj4GE4W0bkJQIAOw==\" \/><div class=\"clear pt-cv-clear-pagination\"><\/div><\/div><\/div>\t\t\t<style type=\"text\/css\" id=\"pt-cv-inline-style-52682c57d3\">#pt-cv-view-c28d2e2moj .pt-cv-title a, #pt-cv-view-c28d2e2moj  .panel-title { font-weight: 600 !important; }\n#pt-cv-view-c28d2e2moj .pt-cv-readmore  { color: #ffffff !important; background-color: #00aeef !important; }\n#pt-cv-view-c28d2e2moj .pt-cv-readmore:hover  { color: #ffffff !important; background-color: #00aeef !important; }\n#pt-cv-view-c28d2e2moj  + .pt-cv-pagination-wrapper .pt-cv-more , #pt-cv-view-c28d2e2moj  + .pt-cv-pagination-wrapper .pagination .active a, .pt-cv-pagination[data-sid='c28d2e2moj'] .active a { color: #ffffff !important; background-color: #00aeef !important; }<\/style>\r\n\t\t\t<\/p>\n","protected":false},"excerpt":{"rendered":"<p>Voici les articles en fran\u00e7ais concernant D\u00e9sarmement depuis le 1er f\u00e9vrier 2015. Pour voir les pages suivantes, cliquez sur les num\u00e9ros de page en bas. Pour les archives de CPNN de D\u00e9sarmement avant le 1er f\u00e9vrier 2015, cliquez ici.<\/p>\n","protected":false},"author":1,"featured_media":0,"parent":0,"menu_order":0,"comment_status":"closed","ping_status":"closed","template":"","meta":{"footnotes":""},"class_list":["post-1871","page","type-page","status-publish","hentry"],"_links":{"self":[{"href":"https:\/\/french.cpnn-world.org\/index.php?rest_route=\/wp\/v2\/pages\/1871","targetHints":{"allow":["GET"]}}],"collection":[{"href":"https:\/\/french.cpnn-world.org\/index.php?rest_route=\/wp\/v2\/pages"}],"about":[{"href":"https:\/\/french.cpnn-world.org\/index.php?rest_route=\/wp\/v2\/types\/page"}],"author":[{"embeddable":true,"href":"https:\/\/french.cpnn-world.org\/index.php?rest_route=\/wp\/v2\/users\/1"}],"replies":[{"embeddable":true,"href":"https:\/\/french.cpnn-world.org\/index.php?rest_route=%2Fwp%2Fv2%2Fcomments&post=1871"}],"version-history":[{"count":2,"href":"https:\/\/french.cpnn-world.org\/index.php?rest_route=\/wp\/v2\/pages\/1871\/revisions"}],"predecessor-version":[{"id":7911,"href":"https:\/\/french.cpnn-world.org\/index.php?rest_route=\/wp\/v2\/pages\/1871\/revisions\/7911"}],"wp:attachment":[{"href":"https:\/\/french.cpnn-world.org\/index.php?rest_route=%2Fwp%2Fv2%2Fmedia&parent=1871"}],"curies":[{"name":"wp","href":"https:\/\/api.w.org\/{rel}","templated":true}]}}