{"id":1876,"date":"2015-04-14T17:29:54","date_gmt":"2015-04-14T21:29:54","guid":{"rendered":"http:\/\/english.cpnn-world.org\/?page_id=1876"},"modified":"2019-10-11T09:59:40","modified_gmt":"2019-10-11T09:59:40","slug":"articles-globales","status":"publish","type":"page","link":"https:\/\/french.cpnn-world.org\/?page_id=1876","title":{"rendered":"Articles Globales"},"content":{"rendered":"<p><em><big>Voici les articles Globale en fran\u00e7ais depuis le 1er f\u00e9vrier 2015.<br \/>\nPour voir les pages suivantes, cliquez sur les num\u00e9ros de page en bas.<br \/>\nPour les archives de CPNN des articles Globale avant le 1er f\u00e9vrier 2015, cliquez <a href=\"http:\/\/cpnn-world.org\/cgi-bin\/read\/worldregionpage-french.cgi?region=global\">ici<\/a>. <\/big><\/em><div class=\"pt-cv-wrapper\"><div class=\"pt-cv-view pt-cv-grid pt-cv-colsys pt-cv-pgregular\" id=\"pt-cv-view-496b8a23zo\"><div data-id=\"pt-cv-page-1\" class=\"pt-cv-page\" data-cvc=\"4\"><div class=\"col-md-3 col-sm-3 col-xs-3 pt-cv-content-item pt-cv-1-col\"  data-pid=\"11225\"><div class='pt-cv-ifield'><div class=\"pt-cv-content\">. PARTICIPATION D\u00c9MOCRATIQUE  ...<\/div>\n<a href=\"https:\/\/french.cpnn-world.org\/?p=11225\" class=\"_self pt-cv-href-thumbnail pt-cv-thumb-default cvplbd\" target=\"_self\" ><img decoding=\"async\" width=\"300\" src=\"https:\/\/french.cpnn-world.org\/wp-content\/uploads\/2026\/01\/IPU.png\" class=\"pt-cv-thumbnail img-none cvp-substitute\" alt=\"D\u00e9claration de l&#039;UIP \u00e0 l&#039;Occasion de la Journ\u00e9e Internationale de la Coexistence Pacifique\" title=\"\" \/><\/a>\n<h4 class=\"pt-cv-title\"><a href=\"https:\/\/french.cpnn-world.org\/?p=11225\" class=\"_self cvplbd\" target=\"_self\" >D\u00e9claration de l&#8217;UIP \u00e0 l&#8217;Occasion de la Journ\u00e9e Internationale de la Coexistence Pacifique<\/a><\/h4>\n<div class=\"pt-cv-meta-fields\"><span class=\"entry-date\"> <time datetime=\"2026-01-31T07:17:56+01:00\">January 31, 2026<\/time><\/span><\/div><\/div><\/div>\n<div class=\"col-md-3 col-sm-3 col-xs-3 pt-cv-content-item pt-cv-1-col\"  data-pid=\"11159\"><div class='pt-cv-ifield'><div class=\"pt-cv-content\">. EGALITE HOMMES\/FEMMES  ...<\/div>\n<a href=\"https:\/\/french.cpnn-world.org\/?p=11159\" class=\"_self pt-cv-href-thumbnail pt-cv-thumb-default cvplbd\" target=\"_self\" ><img decoding=\"async\" width=\"300\" src=\"https:\/\/french.cpnn-world.org\/wp-content\/uploads\/2026\/01\/UN-Women-300x201.jpg\" class=\"pt-cv-thumbnail img-none cvp-substitute\" alt=\"Journ\u00e9e internationale des femmes 2026 : Droits. Justice. Action. Pour TOUTES les femmes et les filles.\" title=\"\" \/><\/a>\n<h4 class=\"pt-cv-title\"><a href=\"https:\/\/french.cpnn-world.org\/?p=11159\" class=\"_self cvplbd\" target=\"_self\" >Journ\u00e9e internationale des femmes 2026 : Droits. Justice. Action. Pour TOUTES les femmes et les filles.<\/a><\/h4>\n<div class=\"pt-cv-meta-fields\"><span class=\"entry-date\"> <time datetime=\"2026-01-18T19:47:17+01:00\">January 18, 2026<\/time><\/span><\/div><\/div><\/div>\n<div class=\"col-md-3 col-sm-3 col-xs-3 pt-cv-content-item pt-cv-1-col\"  data-pid=\"11143\"><div class='pt-cv-ifield'><div class=\"pt-cv-content\">LIBRE CIRCULATION DE L'INFORMATION ...<\/div>\n<a href=\"https:\/\/french.cpnn-world.org\/?p=11143\" class=\"_self pt-cv-href-thumbnail pt-cv-thumb-default cvplbd\" target=\"_self\" ><img decoding=\"async\" width=\"300\" src=\"https:\/\/french.cpnn-world.org\/wp-content\/uploads\/2026\/01\/Esquivel-300x261.jpg\" class=\"pt-cv-thumbnail img-none cvp-substitute\" alt=\"Appel du prix Nobel de la paix, Adolfo P\u00e9rez Esquivel. Pour la Paix et l&#039;Unit\u00e9. \u00ab \u00c9coutez la Voix des Peuples \u00bb\" title=\"\" \/><\/a>\n<h4 class=\"pt-cv-title\"><a href=\"https:\/\/french.cpnn-world.org\/?p=11143\" class=\"_self cvplbd\" target=\"_self\" >Appel du prix Nobel de la paix, Adolfo P\u00e9rez Esquivel. Pour la Paix et l&#8217;Unit\u00e9. \u00ab \u00c9coutez la Voix des Peuples \u00bb<\/a><\/h4>\n<div class=\"pt-cv-meta-fields\"><span class=\"entry-date\"> <time datetime=\"2026-01-04T21:36:11+01:00\">January 4, 2026<\/time><\/span><\/div><\/div><\/div>\n<div class=\"col-md-3 col-sm-3 col-xs-3 pt-cv-content-item pt-cv-1-col\"  data-pid=\"11044\"><div class='pt-cv-ifield'><div class=\"pt-cv-content\">JOURN\u00c9E INTERNATIONALE DE LA ...<\/div>\n<a href=\"https:\/\/french.cpnn-world.org\/?p=11044\" class=\"_self pt-cv-href-thumbnail pt-cv-thumb-default cvplbd\" target=\"_self\" ><img decoding=\"async\" width=\"300\" src=\"https:\/\/french.cpnn-world.org\/wp-content\/uploads\/2025\/10\/action-days.jpg\" class=\"pt-cv-thumbnail img-none cvp-substitute\" alt=\"Bulletin fran\u00e7ais 1 Octobre 2025\" title=\"\" \/><\/a>\n<h4 class=\"pt-cv-title\"><a href=\"https:\/\/french.cpnn-world.org\/?p=11044\" class=\"_self cvplbd\" target=\"_self\" >Bulletin fran\u00e7ais 1 Octobre 2025<\/a><\/h4>\n<div class=\"pt-cv-meta-fields\"><span class=\"entry-date\"> <time datetime=\"2025-10-01T01:50:42+02:00\">October 1, 2025<\/time><\/span><\/div><\/div><\/div>\n<div class=\"col-md-3 col-sm-3 col-xs-3 pt-cv-content-item pt-cv-1-col\"  data-pid=\"10946\"><div class='pt-cv-ifield'><div class=\"pt-cv-content\">DESARMAMENT & SECURITE  ...<\/div>\n<a href=\"https:\/\/french.cpnn-world.org\/?p=10946\" class=\"_self pt-cv-href-thumbnail pt-cv-thumb-default cvplbd\" target=\"_self\" ><img decoding=\"async\" width=\"300\" src=\"https:\/\/french.cpnn-world.org\/wp-content\/uploads\/2025\/06\/PeaceWave.jpg\" class=\"pt-cv-thumbnail img-none cvp-substitute\" alt=\"Vague de la Paix 2025\" title=\"\" \/><\/a>\n<h4 class=\"pt-cv-title\"><a href=\"https:\/\/french.cpnn-world.org\/?p=10946\" class=\"_self cvplbd\" target=\"_self\" >Vague de la Paix 2025<\/a><\/h4>\n<div class=\"pt-cv-meta-fields\"><span class=\"entry-date\"> <time datetime=\"2025-06-29T15:59:56+02:00\">June 29, 2025<\/time><\/span><\/div><\/div><\/div>\n<div class=\"col-md-3 col-sm-3 col-xs-3 pt-cv-content-item pt-cv-1-col\"  data-pid=\"10665\"><div class='pt-cv-ifield'><div class=\"pt-cv-content\">. JOURN\u00c9E INTERNATIONALE DE ...<\/div>\n<a href=\"https:\/\/french.cpnn-world.org\/?p=10665\" class=\"_self pt-cv-href-thumbnail pt-cv-thumb-default cvplbd\" target=\"_self\" ><img decoding=\"async\" width=\"300\" src=\"https:\/\/english.cpnn-world.org\/wp-content\/uploads\/2024\/10\/global.jpg\" class=\"pt-cv-thumbnail img-none cvp-substitute\" alt=\"Bulletin fran\u00e7ais 1 octobre 2024\" title=\"\" \/><\/a>\n<h4 class=\"pt-cv-title\"><a href=\"https:\/\/french.cpnn-world.org\/?p=10665\" class=\"_self cvplbd\" target=\"_self\" >Bulletin fran\u00e7ais 1 octobre 2024<\/a><\/h4>\n<div class=\"pt-cv-meta-fields\"><span class=\"entry-date\"> <time datetime=\"2024-10-02T07:56:45+02:00\">October 2, 2024<\/time><\/span><\/div><\/div><\/div>\n<div class=\"col-md-3 col-sm-3 col-xs-3 pt-cv-content-item pt-cv-1-col\"  data-pid=\"10613\"><div class='pt-cv-ifield'><div class=\"pt-cv-content\">DESARMAMENT & SECURITE  ...<\/div>\n<a href=\"https:\/\/french.cpnn-world.org\/?p=10613\" class=\"_self pt-cv-href-thumbnail pt-cv-thumb-default cvplbd\" target=\"_self\" ><img decoding=\"async\" width=\"300\" src=\"https:\/\/french.cpnn-world.org\/wp-content\/uploads\/2024\/08\/Guterres-french-english.jpg\" class=\"pt-cv-thumbnail img-none cvp-substitute\" alt=\"Hiroshima : le chef de l&#039;ONU met en garde contre le danger nucl\u00e9aire et appelle \u00e0 l&#039;\u00e9limination des armes\" title=\"\" \/><\/a>\n<h4 class=\"pt-cv-title\"><a href=\"https:\/\/french.cpnn-world.org\/?p=10613\" class=\"_self cvplbd\" target=\"_self\" >Hiroshima : le chef de l&#8217;ONU met en garde contre le danger nucl\u00e9aire et appelle \u00e0 l&#8217;\u00e9limination des armes<\/a><\/h4>\n<div class=\"pt-cv-meta-fields\"><span class=\"entry-date\"> <time datetime=\"2024-08-07T17:38:24+02:00\">August 7, 2024<\/time><\/span><\/div><\/div><\/div>\n<div class=\"col-md-3 col-sm-3 col-xs-3 pt-cv-content-item pt-cv-1-col\"  data-pid=\"10622\"><div class='pt-cv-ifield'><div class=\"pt-cv-content\">LIBRE CIRCULATION DE L'INFORMATION ...<\/div>\n<a href=\"https:\/\/french.cpnn-world.org\/?p=10622\" class=\"_self pt-cv-href-thumbnail pt-cv-thumb-default cvplbd\" target=\"_self\" ><img decoding=\"async\" width=\"300\" src=\"https:\/\/french.cpnn-world.org\/wp-content\/uploads\/2024\/06\/IDP-french.png\" class=\"pt-cv-thumbnail img-none cvp-substitute\" alt=\"Th\u00e8me de la Journ\u00e9e internationale de la paix 2024 : Promouvoir une culture de la paix\" title=\"\" \/><\/a>\n<h4 class=\"pt-cv-title\"><a href=\"https:\/\/french.cpnn-world.org\/?p=10622\" class=\"_self cvplbd\" target=\"_self\" >Th\u00e8me de la Journ\u00e9e internationale de la paix 2024 : Promouvoir une culture de la paix<\/a><\/h4>\n<div class=\"pt-cv-meta-fields\"><span class=\"entry-date\"> <time datetime=\"2024-06-08T16:46:08+02:00\">June 8, 2024<\/time><\/span><\/div><\/div><\/div><\/div><\/div>\n<div class=\"text-left pt-cv-pagination-wrapper\"><ul class=\"pt-cv-pagination pt-cv-ajax pagination\" data-totalpages=\"14\" data-currentpage=\"1\" data-sid=\"496b8a23zo\" data-unid=\"\" data-isblock=\"\" data-postid=\"\"><li class=\"active\"><a href=\"#\">1<\/a><\/li>\n\t<li ><a class=\"\" href=\"https:\/\/french.cpnn-world.org\/index.php\/?_page=2&#038;rest_route=%2Fwp%2Fv2%2Fpages%2F1876\">2<\/a><\/li>\n\t<li ><a class=\"\" href=\"https:\/\/french.cpnn-world.org\/index.php\/?_page=3&#038;rest_route=%2Fwp%2Fv2%2Fpages%2F1876\">3<\/a><\/li>\n\t<li ><a href=\"#\">&hellip;<\/a><\/li>\n\t<li ><a class=\"\" href=\"https:\/\/french.cpnn-world.org\/index.php\/?_page=14&#038;rest_route=%2Fwp%2Fv2%2Fpages%2F1876\">14<\/a><\/li>\n\t<li ><a class=\" \" href=\"https:\/\/french.cpnn-world.org\/index.php\/?_page=2&#038;rest_route=%2Fwp%2Fv2%2Fpages%2F1876\">&rsaquo;<\/a><\/li>\n\t<\/ul><img loading=\"lazy\" decoding=\"async\" width=\"15\" height=\"15\" class=\"pt-cv-spinner\" alt=\"Loading...\" src=\"data:image\/gif;base64,R0lGODlhDwAPALMPAMrKygwMDJOTkz09PZWVla+vr3p6euTk5M7OzuXl5TMzMwAAAJmZmWZmZszMzP\/\/\/yH\/C05FVFNDQVBFMi4wAwEAAAAh+QQFCgAPACwAAAAADwAPAAAEQvDJaZaZOIcV8iQK8VRX4iTYoAwZ4iCYoAjZ4RxejhVNoT+mRGP4cyF4Pp0N98sBGIBMEMOotl6YZ3S61Bmbkm4mAgAh+QQFCgAPACwAAAAADQANAAAENPDJSRSZeA418itN8QiK8BiLITVsFiyBBIoYqnoewAD4xPw9iY4XLGYSjkQR4UAUD45DLwIAIfkEBQoADwAsAAAAAA8ACQAABC\/wyVlamTi3nSdgwFNdhEJgTJoNyoB9ISYoQmdjiZPcj7EYCAeCF1gEDo4Dz2eIAAAh+QQFCgAPACwCAAAADQANAAAEM\/DJBxiYeLKdX3IJZT1FU0iIg2RNKx3OkZVnZ98ToRD4MyiDnkAh6BkNC0MvsAj0kMpHBAAh+QQFCgAPACwGAAAACQAPAAAEMDC59KpFDll73HkAA2wVY5KgiK5b0RRoI6MuzG6EQqCDMlSGheEhUAgqgUUAFRySIgAh+QQFCgAPACwCAAIADQANAAAEM\/DJKZNLND\/kkKaHc3xk+QAMYDKsiaqmZCxGVjSFFCxB1vwy2oOgIDxuucxAMTAJFAJNBAAh+QQFCgAPACwAAAYADwAJAAAEMNAs86q1yaWwwv2Ig0jUZx3OYa4XoRAfwADXoAwfo1+CIjyFRuEho60aSNYlOPxEAAAh+QQFCgAPACwAAAIADQANAAAENPA9s4y8+IUVcqaWJ4qEQozSoAzoIyhCK2NFU2SJk0hNnyEOhKR2AzAAj4Pj4GE4W0bkJQIAOw==\" \/><div class=\"clear pt-cv-clear-pagination\"><\/div><\/div><\/div>\t\t\t<style type=\"text\/css\" id=\"pt-cv-inline-style-a7e3dd2bc1\">#pt-cv-view-496b8a23zo .pt-cv-title a, #pt-cv-view-496b8a23zo  .panel-title { font-weight: 600 !important; }\n#pt-cv-view-496b8a23zo .pt-cv-readmore  { color: #ffffff !important; background-color: #00aeef !important; }\n#pt-cv-view-496b8a23zo .pt-cv-readmore:hover  { color: #ffffff !important; background-color: #00aeef !important; }\n#pt-cv-view-496b8a23zo  + .pt-cv-pagination-wrapper .pt-cv-more , #pt-cv-view-496b8a23zo  + .pt-cv-pagination-wrapper .pagination .active a, .pt-cv-pagination[data-sid='496b8a23zo'] .active a { color: #ffffff !important; background-color: #00aeef !important; }<\/style>\r\n\t\t\t<\/p>\n","protected":false},"excerpt":{"rendered":"<p>Voici les articles Globale en fran\u00e7ais depuis le 1er f\u00e9vrier 2015. Pour voir les pages suivantes, cliquez sur les num\u00e9ros de page en bas. Pour les archives de CPNN des articles Globale avant le 1er f\u00e9vrier 2015, cliquez ici.<\/p>\n","protected":false},"author":1,"featured_media":0,"parent":0,"menu_order":0,"comment_status":"closed","ping_status":"closed","template":"","meta":{"footnotes":""},"class_list":["post-1876","page","type-page","status-publish","hentry"],"_links":{"self":[{"href":"https:\/\/french.cpnn-world.org\/index.php?rest_route=\/wp\/v2\/pages\/1876","targetHints":{"allow":["GET"]}}],"collection":[{"href":"https:\/\/french.cpnn-world.org\/index.php?rest_route=\/wp\/v2\/pages"}],"about":[{"href":"https:\/\/french.cpnn-world.org\/index.php?rest_route=\/wp\/v2\/types\/page"}],"author":[{"embeddable":true,"href":"https:\/\/french.cpnn-world.org\/index.php?rest_route=\/wp\/v2\/users\/1"}],"replies":[{"embeddable":true,"href":"https:\/\/french.cpnn-world.org\/index.php?rest_route=%2Fwp%2Fv2%2Fcomments&post=1876"}],"version-history":[{"count":3,"href":"https:\/\/french.cpnn-world.org\/index.php?rest_route=\/wp\/v2\/pages\/1876\/revisions"}],"predecessor-version":[{"id":7902,"href":"https:\/\/french.cpnn-world.org\/index.php?rest_route=\/wp\/v2\/pages\/1876\/revisions\/7902"}],"wp:attachment":[{"href":"https:\/\/french.cpnn-world.org\/index.php?rest_route=%2Fwp%2Fv2%2Fmedia&parent=1876"}],"curies":[{"name":"wp","href":"https:\/\/api.w.org\/{rel}","templated":true}]}}