{"id":1882,"date":"2015-04-14T17:41:24","date_gmt":"2015-04-14T21:41:24","guid":{"rendered":"http:\/\/english.cpnn-world.org\/?page_id=1882"},"modified":"2019-10-11T09:57:56","modified_gmt":"2019-10-11T09:57:56","slug":"articles-du-moyen-orient","status":"publish","type":"page","link":"https:\/\/french.cpnn-world.org\/?page_id=1882","title":{"rendered":"Articles du Moyen Orient"},"content":{"rendered":"<p><em><big>Voici les articles en fran\u00e7ais du Moyen Orient depuis le 1er f\u00e9vrier 2015.<br \/>\nPour voir les pages suivantes, cliquez sur les num\u00e9ros de page en bas.Pour les archives de CPNN du Moyen Orient avant le 1er f\u00e9vrier 2015, cliquez <a href=\"http:\/\/cpnn-world.org\/cgi-bin\/read\/worldregionpage-french.cgi?region=arab\">ici<\/a>.<\/big><\/em><div class=\"pt-cv-wrapper\"><div class=\"pt-cv-view pt-cv-grid pt-cv-colsys pt-cv-pgregular\" id=\"pt-cv-view-a2c3842olb\"><div data-id=\"pt-cv-page-1\" class=\"pt-cv-page\" data-cvc=\"4\"><div class=\"col-md-3 col-sm-3 col-xs-3 pt-cv-content-item pt-cv-1-col\"  data-pid=\"11341\"><div class='pt-cv-ifield'><div class=\"pt-cv-content\">. TOL\u00c9RANCE & SOLIDARIT\u00c9 ...<\/div>\n<a href=\"https:\/\/french.cpnn-world.org\/?p=11341\" class=\"_self pt-cv-href-thumbnail pt-cv-thumb-default cvplbd\" target=\"_self\" ><img decoding=\"async\" width=\"300\" src=\"https:\/\/french.cpnn-world.org\/wp-content\/uploads\/2026\/04\/Algeria-french.jpg\" class=\"pt-cv-thumbnail img-none cvp-substitute\" alt=\"La presse internationale souligne la port\u00e9e historique de la visite du pape L\u00e9on XIV en Alg\u00e9rie\" title=\"\" \/><\/a>\n<h4 class=\"pt-cv-title\"><a href=\"https:\/\/french.cpnn-world.org\/?p=11341\" class=\"_self cvplbd\" target=\"_self\" >La presse internationale souligne la port\u00e9e historique de la visite du pape L\u00e9on XIV en Alg\u00e9rie<\/a><\/h4>\n<div class=\"pt-cv-meta-fields\"><span class=\"entry-date\"> <time datetime=\"2026-04-14T09:16:12+02:00\">April 14, 2026<\/time><\/span><\/div><\/div><\/div>\n<div class=\"col-md-3 col-sm-3 col-xs-3 pt-cv-content-item pt-cv-1-col\"  data-pid=\"11335\"><div class='pt-cv-ifield'><div class=\"pt-cv-content\">. TOL\u00c9RANCE & SOLIDARIT\u00c9 ...<\/div>\n<a href=\"https:\/\/french.cpnn-world.org\/?p=11335\" class=\"_self pt-cv-href-thumbnail pt-cv-thumb-default cvplbd\" target=\"_self\" ><img decoding=\"async\" width=\"300\" src=\"https:\/\/french.cpnn-world.org\/wp-content\/uploads\/2026\/04\/Essaouira.jpg\" class=\"pt-cv-thumbnail img-none cvp-substitute\" alt=\"Essaouira, Maroc : Lancement du Prix \u201cVoix des jeunes pour la paix\u201d\" title=\"\" \/><\/a>\n<h4 class=\"pt-cv-title\"><a href=\"https:\/\/french.cpnn-world.org\/?p=11335\" class=\"_self cvplbd\" target=\"_self\" >Essaouira, Maroc : Lancement du Prix \u201cVoix des jeunes pour la paix\u201d<\/a><\/h4>\n<div class=\"pt-cv-meta-fields\"><span class=\"entry-date\"> <time datetime=\"2026-04-11T22:17:22+02:00\">April 11, 2026<\/time><\/span><\/div><\/div><\/div>\n<div class=\"col-md-3 col-sm-3 col-xs-3 pt-cv-content-item pt-cv-1-col\"  data-pid=\"11332\"><div class='pt-cv-ifield'><div class=\"pt-cv-content\">. TOL\u00c9RANCE & SOLIDARIT\u00c9 ...<\/div>\n<a href=\"https:\/\/french.cpnn-world.org\/?p=11332\" class=\"_self pt-cv-href-thumbnail pt-cv-thumb-default cvplbd\" target=\"_self\" ><img decoding=\"async\" width=\"300\" src=\"https:\/\/french.cpnn-world.org\/wp-content\/uploads\/2026\/04\/Algerie.png\" class=\"pt-cv-thumbnail img-none cvp-substitute\" alt=\"L\u2019Alg\u00e9rie accueille le Forum arabe de la Jeunesse, de la Paix et de la S\u00e9curit\u00e9\" title=\"\" \/><\/a>\n<h4 class=\"pt-cv-title\"><a href=\"https:\/\/french.cpnn-world.org\/?p=11332\" class=\"_self cvplbd\" target=\"_self\" >L\u2019Alg\u00e9rie accueille le Forum arabe de la Jeunesse, de la Paix et de la S\u00e9curit\u00e9<\/a><\/h4>\n<div class=\"pt-cv-meta-fields\"><span class=\"entry-date\"> <time datetime=\"2026-04-11T20:15:57+02:00\">April 11, 2026<\/time><\/span><\/div><\/div><\/div>\n<div class=\"col-md-3 col-sm-3 col-xs-3 pt-cv-content-item pt-cv-1-col\"  data-pid=\"10910\"><div class='pt-cv-ifield'><div class=\"pt-cv-content\">DESARMAMENT & SECURITE  ...<\/div>\n<a href=\"https:\/\/french.cpnn-world.org\/?p=10910\" class=\"_self pt-cv-href-thumbnail pt-cv-thumb-default cvplbd\" target=\"_self\" ><img decoding=\"async\" width=\"300\" src=\"https:\/\/french.cpnn-world.org\/wp-content\/uploads\/2025\/05\/Pressenza.jpg\" class=\"pt-cv-thumbnail img-none cvp-substitute\" alt=\"Dernier jour du Sommet des Peuples pour la Paix \u00e0 J\u00e9rusalem : Ensemble, Isra\u00e9liens et Palestiniens clament \u201cLa Paix maintenant !\u201d\" title=\"\" \/><\/a>\n<h4 class=\"pt-cv-title\"><a href=\"https:\/\/french.cpnn-world.org\/?p=10910\" class=\"_self cvplbd\" target=\"_self\" >Dernier jour du Sommet des Peuples pour la Paix \u00e0 J\u00e9rusalem : Ensemble, Isra\u00e9liens et Palestiniens clament \u201cLa Paix maintenant !\u201d<\/a><\/h4>\n<div class=\"pt-cv-meta-fields\"><span class=\"entry-date\"> <time datetime=\"2025-05-13T09:17:35+02:00\">May 13, 2025<\/time><\/span><\/div><\/div><\/div>\n<div class=\"col-md-3 col-sm-3 col-xs-3 pt-cv-content-item pt-cv-1-col\"  data-pid=\"10844\"><div class='pt-cv-ifield'><div class=\"pt-cv-content\">. EGALITE HOMMES\/FEMMES  ...<\/div>\n<a href=\"https:\/\/french.cpnn-world.org\/?p=10844\" class=\"_self pt-cv-href-thumbnail pt-cv-thumb-default cvplbd\" target=\"_self\" ><img decoding=\"async\" width=\"300\" src=\"https:\/\/french.cpnn-world.org\/wp-content\/uploads\/2025\/01\/Essaouira.jpg\" class=\"pt-cv-thumbnail img-none cvp-substitute\" alt=\"Essaouira: Les \u201cGuerri\u00e8res de la Paix\u201d nomin\u00e9es au Nobel de la Paix 2025\" title=\"\" \/><\/a>\n<h4 class=\"pt-cv-title\"><a href=\"https:\/\/french.cpnn-world.org\/?p=10844\" class=\"_self cvplbd\" target=\"_self\" >Essaouira: Les \u201cGuerri\u00e8res de la Paix\u201d nomin\u00e9es au Nobel de la Paix 2025<\/a><\/h4>\n<div class=\"pt-cv-meta-fields\"><span class=\"entry-date\"> <time datetime=\"2025-01-29T18:34:03+01:00\">January 29, 2025<\/time><\/span><\/div><\/div><\/div>\n<div class=\"col-md-3 col-sm-3 col-xs-3 pt-cv-content-item pt-cv-1-col\"  data-pid=\"10680\"><div class='pt-cv-ifield'><div class=\"pt-cv-content\">. TOL\u00c9RANCE & SOLIDARIT\u00c9 ...<\/div>\n<a href=\"https:\/\/french.cpnn-world.org\/?p=10680\" class=\"_self pt-cv-href-thumbnail pt-cv-thumb-default cvplbd\" target=\"_self\" ><img decoding=\"async\" width=\"300\" src=\"https:\/\/french.cpnn-world.org\/wp-content\/uploads\/2024\/10\/Gaza.jpg\" class=\"pt-cv-thumbnail img-none cvp-substitute\" alt=\"De Paris \u00e0 Caracas, des milliers de personnes d\u00e9filent en soutien \u00e0 Gaza \u00e0 travers le monde, un an apr\u00e8s le 7\u00a0octobre\" title=\"\" \/><\/a>\n<h4 class=\"pt-cv-title\"><a href=\"https:\/\/french.cpnn-world.org\/?p=10680\" class=\"_self cvplbd\" target=\"_self\" >De Paris \u00e0 Caracas, des milliers de personnes d\u00e9filent en soutien \u00e0 Gaza \u00e0 travers le monde, un an apr\u00e8s le 7\u00a0octobre<\/a><\/h4>\n<div class=\"pt-cv-meta-fields\"><span class=\"entry-date\"> <time datetime=\"2024-10-06T17:02:02+02:00\">October 6, 2024<\/time><\/span><\/div><\/div><\/div>\n<div class=\"col-md-3 col-sm-3 col-xs-3 pt-cv-content-item pt-cv-1-col\"  data-pid=\"10556\"><div class='pt-cv-ifield'><div class=\"pt-cv-content\">. EGALITE HOMMES\/FEMMES  ...<\/div>\n<a href=\"https:\/\/french.cpnn-world.org\/?p=10556\" class=\"_self pt-cv-href-thumbnail pt-cv-thumb-default cvplbd\" target=\"_self\" ><img decoding=\"async\" width=\"300\" src=\"https:\/\/french.cpnn-world.org\/wp-content\/uploads\/2024\/06\/Mailfert.jpg\" class=\"pt-cv-thumbnail img-none cvp-substitute\" alt=\"Ces femmes isra\u00e9liennes et palestiniennes qui ne veulent pas trancher entre Isra\u00ebl et Palestine\" title=\"\" \/><\/a>\n<h4 class=\"pt-cv-title\"><a href=\"https:\/\/french.cpnn-world.org\/?p=10556\" class=\"_self cvplbd\" target=\"_self\" >Ces femmes isra\u00e9liennes et palestiniennes qui ne veulent pas trancher entre Isra\u00ebl et Palestine<\/a><\/h4>\n<div class=\"pt-cv-meta-fields\"><span class=\"entry-date\"> <time datetime=\"2024-06-12T20:43:28+02:00\">June 12, 2024<\/time><\/span><\/div><\/div><\/div>\n<div class=\"col-md-3 col-sm-3 col-xs-3 pt-cv-content-item pt-cv-1-col\"  data-pid=\"10446\"><div class='pt-cv-ifield'><div class=\"pt-cv-content\">. EGALITE HOMMES\/FEMMES  ...<\/div>\n<a href=\"https:\/\/french.cpnn-world.org\/?p=10446\" class=\"_self pt-cv-href-thumbnail pt-cv-thumb-default cvplbd\" target=\"_self\" ><img decoding=\"async\" width=\"300\" src=\"https:\/\/french.cpnn-world.org\/wp-content\/uploads\/2024\/03\/WILPF.jpg\" class=\"pt-cv-thumbnail img-none cvp-substitute\" alt=\"La Journ\u00e9e internationale de la femme: Ligue internationale des femmes pour la paix et la libert\u00e9 (WILPF)\" title=\"\" \/><\/a>\n<h4 class=\"pt-cv-title\"><a href=\"https:\/\/french.cpnn-world.org\/?p=10446\" class=\"_self cvplbd\" target=\"_self\" >La Journ\u00e9e internationale de la femme: Ligue internationale des femmes pour la paix et la libert\u00e9 (WILPF)<\/a><\/h4>\n<div class=\"pt-cv-meta-fields\"><span class=\"entry-date\"> <time datetime=\"2024-03-25T17:05:38+01:00\">March 25, 2024<\/time><\/span><\/div><\/div><\/div><\/div><\/div>\n<div class=\"text-left pt-cv-pagination-wrapper\"><ul class=\"pt-cv-pagination pt-cv-ajax pagination\" data-totalpages=\"7\" data-currentpage=\"1\" data-sid=\"a2c3842olb\" data-unid=\"\" data-isblock=\"\" data-postid=\"\"><li class=\"active\"><a href=\"#\">1<\/a><\/li>\n\t<li ><a class=\"\" href=\"https:\/\/french.cpnn-world.org\/index.php\/?_page=2&#038;rest_route=%2Fwp%2Fv2%2Fpages%2F1882\">2<\/a><\/li>\n\t<li ><a class=\"\" href=\"https:\/\/french.cpnn-world.org\/index.php\/?_page=3&#038;rest_route=%2Fwp%2Fv2%2Fpages%2F1882\">3<\/a><\/li>\n\t<li ><a href=\"#\">&hellip;<\/a><\/li>\n\t<li ><a class=\"\" href=\"https:\/\/french.cpnn-world.org\/index.php\/?_page=7&#038;rest_route=%2Fwp%2Fv2%2Fpages%2F1882\">7<\/a><\/li>\n\t<li ><a class=\" \" href=\"https:\/\/french.cpnn-world.org\/index.php\/?_page=2&#038;rest_route=%2Fwp%2Fv2%2Fpages%2F1882\">&rsaquo;<\/a><\/li>\n\t<\/ul><img loading=\"lazy\" decoding=\"async\" width=\"15\" height=\"15\" class=\"pt-cv-spinner\" alt=\"Loading...\" src=\"data:image\/gif;base64,R0lGODlhDwAPALMPAMrKygwMDJOTkz09PZWVla+vr3p6euTk5M7OzuXl5TMzMwAAAJmZmWZmZszMzP\/\/\/yH\/C05FVFNDQVBFMi4wAwEAAAAh+QQFCgAPACwAAAAADwAPAAAEQvDJaZaZOIcV8iQK8VRX4iTYoAwZ4iCYoAjZ4RxejhVNoT+mRGP4cyF4Pp0N98sBGIBMEMOotl6YZ3S61Bmbkm4mAgAh+QQFCgAPACwAAAAADQANAAAENPDJSRSZeA418itN8QiK8BiLITVsFiyBBIoYqnoewAD4xPw9iY4XLGYSjkQR4UAUD45DLwIAIfkEBQoADwAsAAAAAA8ACQAABC\/wyVlamTi3nSdgwFNdhEJgTJoNyoB9ISYoQmdjiZPcj7EYCAeCF1gEDo4Dz2eIAAAh+QQFCgAPACwCAAAADQANAAAEM\/DJBxiYeLKdX3IJZT1FU0iIg2RNKx3OkZVnZ98ToRD4MyiDnkAh6BkNC0MvsAj0kMpHBAAh+QQFCgAPACwGAAAACQAPAAAEMDC59KpFDll73HkAA2wVY5KgiK5b0RRoI6MuzG6EQqCDMlSGheEhUAgqgUUAFRySIgAh+QQFCgAPACwCAAIADQANAAAEM\/DJKZNLND\/kkKaHc3xk+QAMYDKsiaqmZCxGVjSFFCxB1vwy2oOgIDxuucxAMTAJFAJNBAAh+QQFCgAPACwAAAYADwAJAAAEMNAs86q1yaWwwv2Ig0jUZx3OYa4XoRAfwADXoAwfo1+CIjyFRuEho60aSNYlOPxEAAAh+QQFCgAPACwAAAIADQANAAAENPA9s4y8+IUVcqaWJ4qEQozSoAzoIyhCK2NFU2SJk0hNnyEOhKR2AzAAj4Pj4GE4W0bkJQIAOw==\" \/><div class=\"clear pt-cv-clear-pagination\"><\/div><\/div><\/div>\t\t\t<style type=\"text\/css\" id=\"pt-cv-inline-style-0a1f302ats\">#pt-cv-view-a2c3842olb .pt-cv-title a, #pt-cv-view-a2c3842olb  .panel-title { font-weight: 600 !important; }\n#pt-cv-view-a2c3842olb .pt-cv-readmore  { color: #ffffff !important; background-color: #00aeef !important; }\n#pt-cv-view-a2c3842olb .pt-cv-readmore:hover  { color: #ffffff !important; background-color: #00aeef !important; }\n#pt-cv-view-a2c3842olb  + .pt-cv-pagination-wrapper .pt-cv-more , #pt-cv-view-a2c3842olb  + .pt-cv-pagination-wrapper .pagination .active a, .pt-cv-pagination[data-sid='a2c3842olb'] .active a { color: #ffffff !important; background-color: #00aeef !important; }<\/style>\r\n\t\t\t<\/p>\n","protected":false},"excerpt":{"rendered":"<p>Voici les articles en fran\u00e7ais du Moyen Orient depuis le 1er f\u00e9vrier 2015. Pour voir les pages suivantes, cliquez sur les num\u00e9ros de page en bas.Pour les archives de CPNN du Moyen Orient avant le 1er f\u00e9vrier 2015, cliquez ici.<\/p>\n","protected":false},"author":1,"featured_media":0,"parent":0,"menu_order":0,"comment_status":"closed","ping_status":"closed","template":"","meta":{"footnotes":""},"class_list":["post-1882","page","type-page","status-publish","hentry"],"_links":{"self":[{"href":"https:\/\/french.cpnn-world.org\/index.php?rest_route=\/wp\/v2\/pages\/1882","targetHints":{"allow":["GET"]}}],"collection":[{"href":"https:\/\/french.cpnn-world.org\/index.php?rest_route=\/wp\/v2\/pages"}],"about":[{"href":"https:\/\/french.cpnn-world.org\/index.php?rest_route=\/wp\/v2\/types\/page"}],"author":[{"embeddable":true,"href":"https:\/\/french.cpnn-world.org\/index.php?rest_route=\/wp\/v2\/users\/1"}],"replies":[{"embeddable":true,"href":"https:\/\/french.cpnn-world.org\/index.php?rest_route=%2Fwp%2Fv2%2Fcomments&post=1882"}],"version-history":[{"count":3,"href":"https:\/\/french.cpnn-world.org\/index.php?rest_route=\/wp\/v2\/pages\/1882\/revisions"}],"predecessor-version":[{"id":7898,"href":"https:\/\/french.cpnn-world.org\/index.php?rest_route=\/wp\/v2\/pages\/1882\/revisions\/7898"}],"wp:attachment":[{"href":"https:\/\/french.cpnn-world.org\/index.php?rest_route=%2Fwp%2Fv2%2Fmedia&parent=1882"}],"curies":[{"name":"wp","href":"https:\/\/api.w.org\/{rel}","templated":true}]}}