{"id":1923,"date":"2015-04-14T21:10:32","date_gmt":"2015-04-15T01:10:32","guid":{"rendered":"http:\/\/english.cpnn-world.org\/?page_id=1923"},"modified":"2019-10-11T10:02:36","modified_gmt":"2019-10-11T10:02:36","slug":"articles-de-participation-democratique","status":"publish","type":"page","link":"https:\/\/french.cpnn-world.org\/?page_id=1923","title":{"rendered":"Articles de Participation D\u00e9mocratique"},"content":{"rendered":"<p><em><big>Voici les articles en fran\u00e7ais concernant Participation D\u00e9mocratique depuis le 1er f\u00e9vrier 2015.<br \/>\nPour voir les pages suivantes, cliquez sur les num\u00e9ros de page en bas.<br \/>\nPour les archives de CPNN de Participation D\u00e9mocratique avant  le 1er f\u00e9vrier 2015, cliquez <a href=\"http:\/\/cpnn-world.org\/cgi-bin\/read\/programareapage-french.cgi?programarea=democracy\">ici<\/a>. <\/big><\/em><div class=\"pt-cv-wrapper\"><div class=\"pt-cv-view pt-cv-grid pt-cv-colsys pt-cv-pgregular\" id=\"pt-cv-view-7de00e476p\"><div data-id=\"pt-cv-page-1\" class=\"pt-cv-page\" data-cvc=\"4\"><div class=\"col-md-3 col-sm-3 col-xs-3 pt-cv-content-item pt-cv-1-col\"  data-pid=\"11225\"><div class='pt-cv-ifield'><a href=\"https:\/\/french.cpnn-world.org\/?p=11225\" class=\"_self pt-cv-href-thumbnail pt-cv-thumb-default cvplbd\" target=\"_self\" ><img decoding=\"async\" width=\"300\" src=\"https:\/\/french.cpnn-world.org\/wp-content\/uploads\/2026\/01\/IPU.png\" class=\"pt-cv-thumbnail img-none cvp-substitute\" alt=\"D\u00e9claration de l&#039;UIP \u00e0 l&#039;Occasion de la Journ\u00e9e Internationale de la Coexistence Pacifique\" title=\"\" \/><\/a>\n<h4 class=\"pt-cv-title\"><a href=\"https:\/\/french.cpnn-world.org\/?p=11225\" class=\"_self cvplbd\" target=\"_self\" >D\u00e9claration de l&#8217;UIP \u00e0 l&#8217;Occasion de la Journ\u00e9e Internationale de la Coexistence Pacifique<\/a><\/h4>\n<div class=\"pt-cv-meta-fields\"><span class=\"entry-date\"> <time datetime=\"2026-01-31T07:17:56+01:00\">January 31, 2026<\/time><\/span><\/div><\/div><\/div>\n<div class=\"col-md-3 col-sm-3 col-xs-3 pt-cv-content-item pt-cv-1-col\"  data-pid=\"10980\"><div class='pt-cv-ifield'><a href=\"https:\/\/french.cpnn-world.org\/?p=10980\" class=\"_self pt-cv-href-thumbnail pt-cv-thumb-default cvplbd\" target=\"_self\" ><img decoding=\"async\" width=\"300\" src=\"https:\/\/french.cpnn-world.org\/wp-content\/uploads\/2025\/07\/Burkina.jpg\" class=\"pt-cv-thumbnail img-none cvp-substitute\" alt=\"Burkina\u00a0: La Ve \u00e9dition des \u00ab\u00a0Ambassadeurs de Paix Awards\u00a0\u00bb aura lieu le 1er ao\u00fbt 2025, orn\u00e9e d\u2019une s\u00e9rie d\u2019activit\u00e9s\" title=\"\" \/><\/a>\n<h4 class=\"pt-cv-title\"><a href=\"https:\/\/french.cpnn-world.org\/?p=10980\" class=\"_self cvplbd\" target=\"_self\" >Burkina\u00a0: La Ve \u00e9dition des \u00ab\u00a0Ambassadeurs de Paix Awards\u00a0\u00bb aura lieu le 1er ao\u00fbt 2025, orn\u00e9e d\u2019une s\u00e9rie d\u2019activit\u00e9s<\/a><\/h4>\n<div class=\"pt-cv-meta-fields\"><span class=\"entry-date\"> <time datetime=\"2025-07-14T16:04:46+02:00\">July 14, 2025<\/time><\/span><\/div><\/div><\/div>\n<div class=\"col-md-3 col-sm-3 col-xs-3 pt-cv-content-item pt-cv-1-col\"  data-pid=\"10976\"><div class='pt-cv-ifield'><a href=\"https:\/\/french.cpnn-world.org\/?p=10976\" class=\"_self pt-cv-href-thumbnail pt-cv-thumb-default cvplbd\" target=\"_self\" ><img decoding=\"async\" width=\"300\" src=\"https:\/\/french.cpnn-world.org\/wp-content\/uploads\/2025\/07\/Niger.jpg\" class=\"pt-cv-thumbnail img-none cvp-substitute\" alt=\"Niger: Agadez mobilise ses chefs traditionnels pour la paix\" title=\"\" \/><\/a>\n<h4 class=\"pt-cv-title\"><a href=\"https:\/\/french.cpnn-world.org\/?p=10976\" class=\"_self cvplbd\" target=\"_self\" >Niger: Agadez mobilise ses chefs traditionnels pour la paix<\/a><\/h4>\n<div class=\"pt-cv-meta-fields\"><span class=\"entry-date\"> <time datetime=\"2025-07-14T15:57:20+02:00\">July 14, 2025<\/time><\/span><\/div><\/div><\/div>\n<div class=\"col-md-3 col-sm-3 col-xs-3 pt-cv-content-item pt-cv-1-col\"  data-pid=\"10820\"><div class='pt-cv-ifield'><a href=\"https:\/\/french.cpnn-world.org\/?p=10820\" class=\"_self pt-cv-href-thumbnail pt-cv-thumb-default cvplbd\" target=\"_self\" ><img decoding=\"async\" width=\"300\" src=\"https:\/\/french.cpnn-world.org\/wp-content\/uploads\/2025\/01\/Burkina.jpg\" class=\"pt-cv-thumbnail img-none cvp-substitute\" alt=\"Burkina Faso: Vivre-ensemble\u00a0: Des chefs coutumiers et religieux parlent \u00e0 leurs communaut\u00e9s\" title=\"\" \/><\/a>\n<h4 class=\"pt-cv-title\"><a href=\"https:\/\/french.cpnn-world.org\/?p=10820\" class=\"_self cvplbd\" target=\"_self\" >Burkina Faso: Vivre-ensemble\u00a0: Des chefs coutumiers et religieux parlent \u00e0 leurs communaut\u00e9s<\/a><\/h4>\n<div class=\"pt-cv-meta-fields\"><span class=\"entry-date\"> <time datetime=\"2025-01-04T19:58:06+01:00\">January 4, 2025<\/time><\/span><\/div><\/div><\/div>\n<div class=\"col-md-3 col-sm-3 col-xs-3 pt-cv-content-item pt-cv-1-col\"  data-pid=\"10753\"><div class='pt-cv-ifield'><a href=\"https:\/\/french.cpnn-world.org\/?p=10753\" class=\"_self pt-cv-href-thumbnail pt-cv-thumb-default cvplbd\" target=\"_self\" ><img decoding=\"async\" width=\"300\" src=\"https:\/\/french.cpnn-world.org\/wp-content\/uploads\/2024\/12\/Cameroon-1.jpg\" class=\"pt-cv-thumbnail img-none cvp-substitute\" alt=\"Cameroun : des experts veulent renforcer la culture de la paix\" title=\"\" \/><\/a>\n<h4 class=\"pt-cv-title\"><a href=\"https:\/\/french.cpnn-world.org\/?p=10753\" class=\"_self cvplbd\" target=\"_self\" >Cameroun : des experts veulent renforcer la culture de la paix<\/a><\/h4>\n<div class=\"pt-cv-meta-fields\"><span class=\"entry-date\"> <time datetime=\"2024-12-04T16:21:53+01:00\">December 4, 2024<\/time><\/span><\/div><\/div><\/div>\n<div class=\"col-md-3 col-sm-3 col-xs-3 pt-cv-content-item pt-cv-1-col\"  data-pid=\"10688\"><div class='pt-cv-ifield'><a href=\"https:\/\/french.cpnn-world.org\/?p=10688\" class=\"_self pt-cv-href-thumbnail pt-cv-thumb-default cvplbd\" target=\"_self\" ><img decoding=\"async\" width=\"300\" src=\"https:\/\/french.cpnn-world.org\/wp-content\/uploads\/2024\/10\/Coop-medias-1.jpg\" class=\"pt-cv-thumbnail img-none cvp-substitute\" alt=\"Coop-m\u00e9dias, la coop\u00e9rative citoyenne qui veut donner \u00abun vrai souffle\u00bb aux m\u00e9dias ind\u00e9pendants\" title=\"\" \/><\/a>\n<h4 class=\"pt-cv-title\"><a href=\"https:\/\/french.cpnn-world.org\/?p=10688\" class=\"_self cvplbd\" target=\"_self\" >Coop-m\u00e9dias, la coop\u00e9rative citoyenne qui veut donner \u00abun vrai souffle\u00bb aux m\u00e9dias ind\u00e9pendants<\/a><\/h4>\n<div class=\"pt-cv-meta-fields\"><span class=\"entry-date\"> <time datetime=\"2024-10-11T09:53:58+02:00\">October 11, 2024<\/time><\/span><\/div><\/div><\/div>\n<div class=\"col-md-3 col-sm-3 col-xs-3 pt-cv-content-item pt-cv-1-col\"  data-pid=\"10576\"><div class='pt-cv-ifield'><a href=\"https:\/\/french.cpnn-world.org\/?p=10576\" class=\"_self pt-cv-href-thumbnail pt-cv-thumb-default cvplbd\" target=\"_self\" ><img decoding=\"async\" width=\"300\" src=\"https:\/\/french.cpnn-world.org\/wp-content\/uploads\/2024\/06\/Chad.jpg\" class=\"pt-cv-thumbnail img-none cvp-substitute\" alt=\"Tchad : au Kanem-Sud, l\u2019ADM promeut la culture de la paix et de la cohabitation pacifique\" title=\"\" \/><\/a>\n<h4 class=\"pt-cv-title\"><a href=\"https:\/\/french.cpnn-world.org\/?p=10576\" class=\"_self cvplbd\" target=\"_self\" >Tchad : au Kanem-Sud, l\u2019ADM promeut la culture de la paix et de la cohabitation pacifique<\/a><\/h4>\n<div class=\"pt-cv-meta-fields\"><span class=\"entry-date\"> <time datetime=\"2024-06-29T16:59:02+02:00\">June 29, 2024<\/time><\/span><\/div><\/div><\/div>\n<div class=\"col-md-3 col-sm-3 col-xs-3 pt-cv-content-item pt-cv-1-col\"  data-pid=\"10551\"><div class='pt-cv-ifield'><a href=\"https:\/\/french.cpnn-world.org\/?p=10551\" class=\"_self pt-cv-href-thumbnail pt-cv-thumb-default cvplbd\" target=\"_self\" ><img decoding=\"async\" width=\"300\" src=\"https:\/\/french.cpnn-world.org\/wp-content\/uploads\/2024\/06\/DRC-3.jpg\" class=\"pt-cv-thumbnail img-none cvp-substitute\" alt=\"Rapport des activit\u00e9s Fondation de la Paix Mondiale en RDCongo\" title=\"\" \/><\/a>\n<h4 class=\"pt-cv-title\"><a href=\"https:\/\/french.cpnn-world.org\/?p=10551\" class=\"_self cvplbd\" target=\"_self\" >Rapport des activit\u00e9s Fondation de la Paix Mondiale en RDCongo<\/a><\/h4>\n<div class=\"pt-cv-meta-fields\"><span class=\"entry-date\"> <time datetime=\"2024-06-09T18:08:10+02:00\">June 9, 2024<\/time><\/span><\/div><\/div><\/div><\/div><\/div>\n<div class=\"text-left pt-cv-pagination-wrapper\"><ul class=\"pt-cv-pagination pt-cv-ajax pagination\" data-totalpages=\"10\" data-currentpage=\"1\" data-sid=\"7de00e476p\" data-unid=\"\" data-isblock=\"\" data-postid=\"\"><li class=\"active\"><a href=\"#\">1<\/a><\/li>\n\t<li ><a class=\"\" href=\"https:\/\/french.cpnn-world.org\/index.php\/?_page=2&#038;rest_route=%2Fwp%2Fv2%2Fpages%2F1923\">2<\/a><\/li>\n\t<li ><a class=\"\" href=\"https:\/\/french.cpnn-world.org\/index.php\/?_page=3&#038;rest_route=%2Fwp%2Fv2%2Fpages%2F1923\">3<\/a><\/li>\n\t<li ><a href=\"#\">&hellip;<\/a><\/li>\n\t<li ><a class=\"\" href=\"https:\/\/french.cpnn-world.org\/index.php\/?_page=10&#038;rest_route=%2Fwp%2Fv2%2Fpages%2F1923\">10<\/a><\/li>\n\t<li ><a class=\" \" href=\"https:\/\/french.cpnn-world.org\/index.php\/?_page=2&#038;rest_route=%2Fwp%2Fv2%2Fpages%2F1923\">&rsaquo;<\/a><\/li>\n\t<\/ul><img loading=\"lazy\" decoding=\"async\" width=\"15\" height=\"15\" class=\"pt-cv-spinner\" alt=\"Loading...\" src=\"data:image\/gif;base64,R0lGODlhDwAPALMPAMrKygwMDJOTkz09PZWVla+vr3p6euTk5M7OzuXl5TMzMwAAAJmZmWZmZszMzP\/\/\/yH\/C05FVFNDQVBFMi4wAwEAAAAh+QQFCgAPACwAAAAADwAPAAAEQvDJaZaZOIcV8iQK8VRX4iTYoAwZ4iCYoAjZ4RxejhVNoT+mRGP4cyF4Pp0N98sBGIBMEMOotl6YZ3S61Bmbkm4mAgAh+QQFCgAPACwAAAAADQANAAAENPDJSRSZeA418itN8QiK8BiLITVsFiyBBIoYqnoewAD4xPw9iY4XLGYSjkQR4UAUD45DLwIAIfkEBQoADwAsAAAAAA8ACQAABC\/wyVlamTi3nSdgwFNdhEJgTJoNyoB9ISYoQmdjiZPcj7EYCAeCF1gEDo4Dz2eIAAAh+QQFCgAPACwCAAAADQANAAAEM\/DJBxiYeLKdX3IJZT1FU0iIg2RNKx3OkZVnZ98ToRD4MyiDnkAh6BkNC0MvsAj0kMpHBAAh+QQFCgAPACwGAAAACQAPAAAEMDC59KpFDll73HkAA2wVY5KgiK5b0RRoI6MuzG6EQqCDMlSGheEhUAgqgUUAFRySIgAh+QQFCgAPACwCAAIADQANAAAEM\/DJKZNLND\/kkKaHc3xk+QAMYDKsiaqmZCxGVjSFFCxB1vwy2oOgIDxuucxAMTAJFAJNBAAh+QQFCgAPACwAAAYADwAJAAAEMNAs86q1yaWwwv2Ig0jUZx3OYa4XoRAfwADXoAwfo1+CIjyFRuEho60aSNYlOPxEAAAh+QQFCgAPACwAAAIADQANAAAENPA9s4y8+IUVcqaWJ4qEQozSoAzoIyhCK2NFU2SJk0hNnyEOhKR2AzAAj4Pj4GE4W0bkJQIAOw==\" \/><div class=\"clear pt-cv-clear-pagination\"><\/div><\/div><\/div>\t\t\t<style type=\"text\/css\" id=\"pt-cv-inline-style-7d890f3vi8\">#pt-cv-view-7de00e476p .pt-cv-title a, #pt-cv-view-7de00e476p  .panel-title { font-weight: 600 !important; }\n#pt-cv-view-7de00e476p .pt-cv-readmore  { color: #ffffff !important; background-color: #00aeef !important; }\n#pt-cv-view-7de00e476p .pt-cv-readmore:hover  { color: #ffffff !important; background-color: #00aeef !important; }\n#pt-cv-view-7de00e476p  + .pt-cv-pagination-wrapper .pt-cv-more , #pt-cv-view-7de00e476p  + .pt-cv-pagination-wrapper .pagination .active a, .pt-cv-pagination[data-sid='7de00e476p'] .active a { color: #ffffff !important; background-color: #00aeef !important; }<\/style>\r\n\t\t\t<\/p>\n","protected":false},"excerpt":{"rendered":"<p>Voici les articles en fran\u00e7ais concernant Participation D\u00e9mocratique depuis le 1er f\u00e9vrier 2015. Pour voir les pages suivantes, cliquez sur les num\u00e9ros de page en bas. Pour les archives de CPNN de Participation D\u00e9mocratique avant le 1er f\u00e9vrier 2015, cliquez ici.<\/p>\n","protected":false},"author":1,"featured_media":0,"parent":0,"menu_order":0,"comment_status":"closed","ping_status":"closed","template":"","meta":{"footnotes":""},"class_list":["post-1923","page","type-page","status-publish","hentry"],"_links":{"self":[{"href":"https:\/\/french.cpnn-world.org\/index.php?rest_route=\/wp\/v2\/pages\/1923","targetHints":{"allow":["GET"]}}],"collection":[{"href":"https:\/\/french.cpnn-world.org\/index.php?rest_route=\/wp\/v2\/pages"}],"about":[{"href":"https:\/\/french.cpnn-world.org\/index.php?rest_route=\/wp\/v2\/types\/page"}],"author":[{"embeddable":true,"href":"https:\/\/french.cpnn-world.org\/index.php?rest_route=\/wp\/v2\/users\/1"}],"replies":[{"embeddable":true,"href":"https:\/\/french.cpnn-world.org\/index.php?rest_route=%2Fwp%2Fv2%2Fcomments&post=1923"}],"version-history":[{"count":3,"href":"https:\/\/french.cpnn-world.org\/index.php?rest_route=\/wp\/v2\/pages\/1923\/revisions"}],"predecessor-version":[{"id":7908,"href":"https:\/\/french.cpnn-world.org\/index.php?rest_route=\/wp\/v2\/pages\/1923\/revisions\/7908"}],"wp:attachment":[{"href":"https:\/\/french.cpnn-world.org\/index.php?rest_route=%2Fwp%2Fv2%2Fmedia&parent=1923"}],"curies":[{"name":"wp","href":"https:\/\/api.w.org\/{rel}","templated":true}]}}