{"id":466,"date":"2015-03-15T09:53:37","date_gmt":"2015-03-15T13:53:37","guid":{"rendered":"http:\/\/cpnn-world.org\/temp\/?page_id=466"},"modified":"2026-05-01T07:23:40","modified_gmt":"2026-05-01T05:23:40","slug":"accueil","status":"publish","type":"page","link":"https:\/\/french.cpnn-world.org\/","title":{"rendered":"Accueil"},"content":{"rendered":"<div style=\"float: left; width: 60%;\"><em>* Voici les articles en fran\u00e7ais de CPNN depuis le 1er janvier 2018<br \/>\n* Pour voir les pages suivantes, cliquez sur les num\u00e9ros de page en bas.<br \/>\n* Pour les articles en fran\u00e7ais de 2015-2017, cliquez <a href=\"https:\/\/french.cpnn-world.org\/?page_id=6809\">ici<\/a>.<br \/>\n* Pour les archives de CPNN avant le 1er f\u00e9vrier 2015, cliquez <a href=\"https:\/\/archives.cpnn-world.org\">ici<\/a>.<\/em><\/div>\n<div style=\"float: right; width: 40%;\"><strong><em>BULLETINS RECENTS<\/em><\/strong><br \/>\n<a href=\"https:\/\/french.cpnn-world.org\/?p=11345\">LA PAIX EN M\u00c9DITERRAN\u00c9E OCCIDENTAL<\/a><br \/>\n<a href=\"https:\/\/french.cpnn-world.org\/?p=11309\">LE MOUVEMENT CONTINUE DE GRANDIR<\/a><br \/>\n<a href=\"https:\/\/french.cpnn-world.org\/?p=11278\">LEADERSHIP LATINO-AM\u00c9RICAIN<\/a><\/p>\n<\/div>\n<div class=\"pt-cv-wrapper\"><div class=\"pt-cv-view pt-cv-grid pt-cv-colsys pt-cv-pgregular\" id=\"pt-cv-view-9f5fb1332f\"><div data-id=\"pt-cv-page-1\" class=\"pt-cv-page\" data-cvc=\"4\"><div class=\"col-md-3 col-sm-3 col-xs-3 pt-cv-content-item pt-cv-1-col\"  data-pid=\"11361\"><div class='pt-cv-ifield'><div class=\"pt-cv-content\">. TOL\u00c9RANCE & SOLIDARIT\u00c9 ...<\/div>\n<a href=\"https:\/\/french.cpnn-world.org\/?p=11361\" class=\"_self pt-cv-href-thumbnail pt-cv-thumb-default cvplbd\" target=\"_self\" ><img decoding=\"async\" width=\"300\" src=\"https:\/\/french.cpnn-world.org\/wp-content\/uploads\/2026\/04\/Burkina-1.jpg\" class=\"pt-cv-thumbnail img-none cvp-substitute\" alt=\"Burkina Faso: Une journ\u00e9e culturelle inter-\u00e9tablissements pour magnifier la coh\u00e9sion sociale\" title=\"\" \/><\/a>\n<h4 class=\"pt-cv-title\"><a href=\"https:\/\/french.cpnn-world.org\/?p=11361\" class=\"_self cvplbd\" target=\"_self\" >Burkina Faso: Une journ\u00e9e culturelle inter-\u00e9tablissements pour magnifier la coh\u00e9sion sociale<\/a><\/h4>\n<div class=\"pt-cv-meta-fields\"><span class=\"entry-date\"> <time datetime=\"2026-04-28T18:16:28+02:00\">April 28, 2026<\/time><\/span><\/div><\/div><\/div>\n<div class=\"col-md-3 col-sm-3 col-xs-3 pt-cv-content-item pt-cv-1-col\"  data-pid=\"11341\"><div class='pt-cv-ifield'><div class=\"pt-cv-content\">. TOL\u00c9RANCE & SOLIDARIT\u00c9 ...<\/div>\n<a href=\"https:\/\/french.cpnn-world.org\/?p=11341\" class=\"_self pt-cv-href-thumbnail pt-cv-thumb-default cvplbd\" target=\"_self\" ><img decoding=\"async\" width=\"300\" src=\"https:\/\/french.cpnn-world.org\/wp-content\/uploads\/2026\/04\/Algeria-french.jpg\" class=\"pt-cv-thumbnail img-none cvp-substitute\" alt=\"La presse internationale souligne la port\u00e9e historique de la visite du pape L\u00e9on XIV en Alg\u00e9rie\" title=\"\" \/><\/a>\n<h4 class=\"pt-cv-title\"><a href=\"https:\/\/french.cpnn-world.org\/?p=11341\" class=\"_self cvplbd\" target=\"_self\" >La presse internationale souligne la port\u00e9e historique de la visite du pape L\u00e9on XIV en Alg\u00e9rie<\/a><\/h4>\n<div class=\"pt-cv-meta-fields\"><span class=\"entry-date\"> <time datetime=\"2026-04-14T09:16:12+02:00\">April 14, 2026<\/time><\/span><\/div><\/div><\/div>\n<div class=\"col-md-3 col-sm-3 col-xs-3 pt-cv-content-item pt-cv-1-col\"  data-pid=\"11338\"><div class='pt-cv-ifield'><div class=\"pt-cv-content\">. TOL\u00c9RANCE & SOLIDARIT\u00c9 ...<\/div>\n<a href=\"https:\/\/french.cpnn-world.org\/?p=11338\" class=\"_self pt-cv-href-thumbnail pt-cv-thumb-default cvplbd\" target=\"_self\" ><img decoding=\"async\" width=\"300\" src=\"https:\/\/french.cpnn-world.org\/wp-content\/uploads\/2026\/04\/Burkina.jpg\" class=\"pt-cv-thumbnail img-none cvp-substitute\" alt=\"Ouagadougou : Musulmans et chr\u00e9tiens unis autour d\u2019une rupture collective de je\u00fbne pour la paix\" title=\"\" \/><\/a>\n<h4 class=\"pt-cv-title\"><a href=\"https:\/\/french.cpnn-world.org\/?p=11338\" class=\"_self cvplbd\" target=\"_self\" >Ouagadougou : Musulmans et chr\u00e9tiens unis autour d\u2019une rupture collective de je\u00fbne pour la paix<\/a><\/h4>\n<div class=\"pt-cv-meta-fields\"><span class=\"entry-date\"> <time datetime=\"2026-04-12T07:51:44+02:00\">April 12, 2026<\/time><\/span><\/div><\/div><\/div>\n<div class=\"col-md-3 col-sm-3 col-xs-3 pt-cv-content-item pt-cv-1-col\"  data-pid=\"11335\"><div class='pt-cv-ifield'><div class=\"pt-cv-content\">. TOL\u00c9RANCE & SOLIDARIT\u00c9 ...<\/div>\n<a href=\"https:\/\/french.cpnn-world.org\/?p=11335\" class=\"_self pt-cv-href-thumbnail pt-cv-thumb-default cvplbd\" target=\"_self\" ><img decoding=\"async\" width=\"300\" src=\"https:\/\/french.cpnn-world.org\/wp-content\/uploads\/2026\/04\/Essaouira.jpg\" class=\"pt-cv-thumbnail img-none cvp-substitute\" alt=\"Essaouira, Maroc : Lancement du Prix \u201cVoix des jeunes pour la paix\u201d\" title=\"\" \/><\/a>\n<h4 class=\"pt-cv-title\"><a href=\"https:\/\/french.cpnn-world.org\/?p=11335\" class=\"_self cvplbd\" target=\"_self\" >Essaouira, Maroc : Lancement du Prix \u201cVoix des jeunes pour la paix\u201d<\/a><\/h4>\n<div class=\"pt-cv-meta-fields\"><span class=\"entry-date\"> <time datetime=\"2026-04-11T22:17:22+02:00\">April 11, 2026<\/time><\/span><\/div><\/div><\/div>\n<div class=\"col-md-3 col-sm-3 col-xs-3 pt-cv-content-item pt-cv-1-col\"  data-pid=\"11332\"><div class='pt-cv-ifield'><div class=\"pt-cv-content\">. TOL\u00c9RANCE & SOLIDARIT\u00c9 ...<\/div>\n<a href=\"https:\/\/french.cpnn-world.org\/?p=11332\" class=\"_self pt-cv-href-thumbnail pt-cv-thumb-default cvplbd\" target=\"_self\" ><img decoding=\"async\" width=\"300\" src=\"https:\/\/french.cpnn-world.org\/wp-content\/uploads\/2026\/04\/Algerie.png\" class=\"pt-cv-thumbnail img-none cvp-substitute\" alt=\"L\u2019Alg\u00e9rie accueille le Forum arabe de la Jeunesse, de la Paix et de la S\u00e9curit\u00e9\" title=\"\" \/><\/a>\n<h4 class=\"pt-cv-title\"><a href=\"https:\/\/french.cpnn-world.org\/?p=11332\" class=\"_self cvplbd\" target=\"_self\" >L\u2019Alg\u00e9rie accueille le Forum arabe de la Jeunesse, de la Paix et de la S\u00e9curit\u00e9<\/a><\/h4>\n<div class=\"pt-cv-meta-fields\"><span class=\"entry-date\"> <time datetime=\"2026-04-11T20:15:57+02:00\">April 11, 2026<\/time><\/span><\/div><\/div><\/div>\n<div class=\"col-md-3 col-sm-3 col-xs-3 pt-cv-content-item pt-cv-1-col\"  data-pid=\"11302\"><div class='pt-cv-ifield'><div class=\"pt-cv-content\">LIBRE CIRCULATION DE L'INFORMATION ...<\/div>\n<a href=\"https:\/\/french.cpnn-world.org\/?p=11302\" class=\"_self pt-cv-href-thumbnail pt-cv-thumb-default cvplbd\" target=\"_self\" ><img decoding=\"async\" width=\"300\" src=\"https:\/\/french.cpnn-world.org\/wp-content\/uploads\/2026\/03\/france.jpg\" class=\"pt-cv-thumbnail img-none cvp-substitute\" alt=\"France: Retour en images sur la Marche des Solidarit\u00e9s\" title=\"\" \/><\/a>\n<h4 class=\"pt-cv-title\"><a href=\"https:\/\/french.cpnn-world.org\/?p=11302\" class=\"_self cvplbd\" target=\"_self\" >France: Retour en images sur la Marche des Solidarit\u00e9s<\/a><\/h4>\n<div class=\"pt-cv-meta-fields\"><span class=\"entry-date\"> <time datetime=\"2026-03-19T08:40:23+01:00\">March 19, 2026<\/time><\/span><\/div><\/div><\/div>\n<div class=\"col-md-3 col-sm-3 col-xs-3 pt-cv-content-item pt-cv-1-col\"  data-pid=\"11299\"><div class='pt-cv-ifield'><div class=\"pt-cv-content\">. . DEVELOPPEMENT DURABLE ...<\/div>\n<a href=\"https:\/\/french.cpnn-world.org\/?p=11299\" class=\"_self pt-cv-href-thumbnail pt-cv-thumb-default cvplbd\" target=\"_self\" ><img decoding=\"async\" width=\"300\" src=\"https:\/\/french.cpnn-world.org\/wp-content\/uploads\/2026\/03\/Niwano-300x225.jpg\" class=\"pt-cv-thumbnail img-none cvp-substitute\" alt=\"Le 43e prix Niwano pour la paix d\u00e9cern\u00e9 \u00e0 Benki Piyako, chef spirituel autochtone du peuple Ashaninka de la for\u00eat amazonienne br\u00e9silienne\" title=\"\" \/><\/a>\n<h4 class=\"pt-cv-title\"><a href=\"https:\/\/french.cpnn-world.org\/?p=11299\" class=\"_self cvplbd\" target=\"_self\" >Le 43e prix Niwano pour la paix d\u00e9cern\u00e9 \u00e0 Benki Piyako, chef spirituel autochtone du peuple Ashaninka de la for\u00eat amazonienne br\u00e9silienne<\/a><\/h4>\n<div class=\"pt-cv-meta-fields\"><span class=\"entry-date\"> <time datetime=\"2026-03-14T08:38:02+01:00\">March 14, 2026<\/time><\/span><\/div><\/div><\/div>\n<div class=\"col-md-3 col-sm-3 col-xs-3 pt-cv-content-item pt-cv-1-col\"  data-pid=\"11225\"><div class='pt-cv-ifield'><div class=\"pt-cv-content\">. PARTICIPATION D\u00c9MOCRATIQUE  ...<\/div>\n<a href=\"https:\/\/french.cpnn-world.org\/?p=11225\" class=\"_self pt-cv-href-thumbnail pt-cv-thumb-default cvplbd\" target=\"_self\" ><img decoding=\"async\" width=\"300\" src=\"https:\/\/french.cpnn-world.org\/wp-content\/uploads\/2026\/01\/IPU.png\" class=\"pt-cv-thumbnail img-none cvp-substitute\" alt=\"D\u00e9claration de l&#039;UIP \u00e0 l&#039;Occasion de la Journ\u00e9e Internationale de la Coexistence Pacifique\" title=\"\" \/><\/a>\n<h4 class=\"pt-cv-title\"><a href=\"https:\/\/french.cpnn-world.org\/?p=11225\" class=\"_self cvplbd\" target=\"_self\" >D\u00e9claration de l&#8217;UIP \u00e0 l&#8217;Occasion de la Journ\u00e9e Internationale de la Coexistence Pacifique<\/a><\/h4>\n<div class=\"pt-cv-meta-fields\"><span class=\"entry-date\"> <time datetime=\"2026-01-31T07:17:56+01:00\">January 31, 2026<\/time><\/span><\/div><\/div><\/div><\/div><\/div>\n<div class=\"text-left pt-cv-pagination-wrapper\"><ul class=\"pt-cv-pagination pt-cv-ajax pagination\" data-totalpages=\"49\" data-currentpage=\"1\" data-sid=\"9f5fb1332f\" data-unid=\"\" data-isblock=\"\" data-postid=\"\"><li class=\"active\"><a href=\"#\">1<\/a><\/li>\n\t<li ><a class=\"\" href=\"https:\/\/french.cpnn-world.org\/index.php\/?_page=2&#038;rest_route=%2Fwp%2Fv2%2Fpages%2F466\">2<\/a><\/li>\n\t<li ><a class=\"\" href=\"https:\/\/french.cpnn-world.org\/index.php\/?_page=3&#038;rest_route=%2Fwp%2Fv2%2Fpages%2F466\">3<\/a><\/li>\n\t<li ><a href=\"#\">&hellip;<\/a><\/li>\n\t<li ><a class=\"\" href=\"https:\/\/french.cpnn-world.org\/index.php\/?_page=49&#038;rest_route=%2Fwp%2Fv2%2Fpages%2F466\">49<\/a><\/li>\n\t<li ><a class=\" \" href=\"https:\/\/french.cpnn-world.org\/index.php\/?_page=2&#038;rest_route=%2Fwp%2Fv2%2Fpages%2F466\">&rsaquo;<\/a><\/li>\n\t<\/ul><img loading=\"lazy\" decoding=\"async\" width=\"15\" height=\"15\" class=\"pt-cv-spinner\" alt=\"Loading...\" src=\"data:image\/gif;base64,R0lGODlhDwAPALMPAMrKygwMDJOTkz09PZWVla+vr3p6euTk5M7OzuXl5TMzMwAAAJmZmWZmZszMzP\/\/\/yH\/C05FVFNDQVBFMi4wAwEAAAAh+QQFCgAPACwAAAAADwAPAAAEQvDJaZaZOIcV8iQK8VRX4iTYoAwZ4iCYoAjZ4RxejhVNoT+mRGP4cyF4Pp0N98sBGIBMEMOotl6YZ3S61Bmbkm4mAgAh+QQFCgAPACwAAAAADQANAAAENPDJSRSZeA418itN8QiK8BiLITVsFiyBBIoYqnoewAD4xPw9iY4XLGYSjkQR4UAUD45DLwIAIfkEBQoADwAsAAAAAA8ACQAABC\/wyVlamTi3nSdgwFNdhEJgTJoNyoB9ISYoQmdjiZPcj7EYCAeCF1gEDo4Dz2eIAAAh+QQFCgAPACwCAAAADQANAAAEM\/DJBxiYeLKdX3IJZT1FU0iIg2RNKx3OkZVnZ98ToRD4MyiDnkAh6BkNC0MvsAj0kMpHBAAh+QQFCgAPACwGAAAACQAPAAAEMDC59KpFDll73HkAA2wVY5KgiK5b0RRoI6MuzG6EQqCDMlSGheEhUAgqgUUAFRySIgAh+QQFCgAPACwCAAIADQANAAAEM\/DJKZNLND\/kkKaHc3xk+QAMYDKsiaqmZCxGVjSFFCxB1vwy2oOgIDxuucxAMTAJFAJNBAAh+QQFCgAPACwAAAYADwAJAAAEMNAs86q1yaWwwv2Ig0jUZx3OYa4XoRAfwADXoAwfo1+CIjyFRuEho60aSNYlOPxEAAAh+QQFCgAPACwAAAIADQANAAAENPA9s4y8+IUVcqaWJ4qEQozSoAzoIyhCK2NFU2SJk0hNnyEOhKR2AzAAj4Pj4GE4W0bkJQIAOw==\" \/><div class=\"clear pt-cv-clear-pagination\"><\/div><\/div><\/div>\t\t\t<style type=\"text\/css\" id=\"pt-cv-inline-style-55ec3fbae3\">#pt-cv-view-9f5fb1332f .pt-cv-title a, #pt-cv-view-9f5fb1332f  .panel-title { font-weight: 600 !important; }\n#pt-cv-view-9f5fb1332f .pt-cv-readmore  { color: #ffffff !important; background-color: #00aeef !important; }\n#pt-cv-view-9f5fb1332f .pt-cv-readmore:hover  { color: #ffffff !important; background-color: #00aeef !important; }\n#pt-cv-view-9f5fb1332f  + .pt-cv-pagination-wrapper .pt-cv-more , #pt-cv-view-9f5fb1332f  + .pt-cv-pagination-wrapper .pagination .active a, .pt-cv-pagination[data-sid='9f5fb1332f'] .active a { color: #ffffff !important; background-color: #00aeef !important; }<\/style>\r\n\t\t\t\n","protected":false},"excerpt":{"rendered":"<p>* Voici les articles en fran\u00e7ais de CPNN depuis le 1er janvier 2018 * Pour voir les pages suivantes, cliquez sur les num\u00e9ros de page en bas. * Pour les articles en fran\u00e7ais de 2015-2017, cliquez ici. * Pour les archives de CPNN avant le 1er f\u00e9vrier 2015, cliquez ici. BULLETINS RECENTS LA PAIX EN &hellip; <a href=\"https:\/\/french.cpnn-world.org\/\" class=\"more-link\">Continue reading <span class=\"screen-reader-text\">Accueil<\/span> <span class=\"meta-nav\">&rarr;<\/span><\/a><\/p>\n","protected":false},"author":1,"featured_media":0,"parent":0,"menu_order":0,"comment_status":"closed","ping_status":"closed","template":"","meta":{"footnotes":""},"class_list":["post-466","page","type-page","status-publish","hentry"],"_links":{"self":[{"href":"https:\/\/french.cpnn-world.org\/index.php?rest_route=\/wp\/v2\/pages\/466","targetHints":{"allow":["GET"]}}],"collection":[{"href":"https:\/\/french.cpnn-world.org\/index.php?rest_route=\/wp\/v2\/pages"}],"about":[{"href":"https:\/\/french.cpnn-world.org\/index.php?rest_route=\/wp\/v2\/types\/page"}],"author":[{"embeddable":true,"href":"https:\/\/french.cpnn-world.org\/index.php?rest_route=\/wp\/v2\/users\/1"}],"replies":[{"embeddable":true,"href":"https:\/\/french.cpnn-world.org\/index.php?rest_route=%2Fwp%2Fv2%2Fcomments&post=466"}],"version-history":[{"count":142,"href":"https:\/\/french.cpnn-world.org\/index.php?rest_route=\/wp\/v2\/pages\/466\/revisions"}],"predecessor-version":[{"id":11368,"href":"https:\/\/french.cpnn-world.org\/index.php?rest_route=\/wp\/v2\/pages\/466\/revisions\/11368"}],"wp:attachment":[{"href":"https:\/\/french.cpnn-world.org\/index.php?rest_route=%2Fwp%2Fv2%2Fmedia&parent=466"}],"curies":[{"name":"wp","href":"https:\/\/api.w.org\/{rel}","templated":true}]}}