{"id":6809,"date":"2018-01-31T08:24:05","date_gmt":"2018-01-31T08:24:05","guid":{"rendered":"https:\/\/french.cpnn-world.org\/?page_id=6809"},"modified":"2025-11-23T04:57:43","modified_gmt":"2025-11-23T03:57:43","slug":"archives-francais","status":"publish","type":"page","link":"https:\/\/french.cpnn-world.org\/?page_id=6809","title":{"rendered":"Archives en fran\u00e7ais"},"content":{"rendered":"<div style=\"float: left; width: 60%;\">\n<em>* Voici les articles en fran\u00e7ais publi\u00e9s avant le 1er janvier 2018.<br \/>\n* Pour voir les pages suivantes, cliquez sur les num\u00e9ros de page en bas.<\/em><br \/>\n* Pour les articles en fran\u00e7ais plus r\u00e9cents, cliquez <a href=\"https:\/\/french.cpnn-world.org\/\">ici<\/a>.<br \/>\n* Pour les archives de CPNN avant le 1er f\u00e9vrier 2015, cliquez <a href=\"https:\/\/archives.cpnn-world.org\">ici<\/a>.<\/p>\n<\/div>\n<div style=\"float: right; width: 40%;\"><strong><em>BULLETINS RECENTS<\/em><\/strong><br \/>\n<a href=\"https:\/\/french.cpnn-world.org\/?p=6763\">\u00c9LIMINER LA VIOLENCE FAITE AUX FEMMES<\/a><br \/>\n<a href=\"https:\/\/french.cpnn-world.org\/?p=6719\">ABOLITION DES ARMES NUCL\u00c9AIRES<\/a><br \/>\n<a href=\"https:\/\/french.cpnn-world.org\/?p=6693\">LES JEUNES PRENNENT LA PAROLE<\/a><\/a>\n<\/div>\n<div class=\"pt-cv-wrapper\"><div class=\"pt-cv-view pt-cv-grid pt-cv-colsys pt-cv-pgregular\" id=\"pt-cv-view-812661f6ci\"><div data-id=\"pt-cv-page-1\" class=\"pt-cv-page\" data-cvc=\"4\"><div class=\"col-md-3 col-sm-3 col-xs-3 pt-cv-content-item pt-cv-1-col\"  data-pid=\"6784\"><div class='pt-cv-ifield'><div class=\"pt-cv-content\">. . DEVELOPPEMENT DURABLE ...<\/div>\n<a href=\"https:\/\/french.cpnn-world.org\/?p=6784\" class=\"_self pt-cv-href-thumbnail pt-cv-thumb-default cvplbd\" target=\"_self\" ><img decoding=\"async\" width=\"300\" src=\"https:\/\/french.cpnn-world.org\/wp-content\/uploads\/2017\/12\/Muscat.jpg\" class=\"pt-cv-thumbnail img-none cvp-substitute\" alt=\"L&#039;UNESCO et l&#039;OMT signent la D\u00e9claration de Mascate sur le tourisme et la culture: \u00ab Favoriser le d\u00e9veloppement durable \u00bb\" title=\"\" \/><\/a>\n<h4 class=\"pt-cv-title\"><a href=\"https:\/\/french.cpnn-world.org\/?p=6784\" class=\"_self cvplbd\" target=\"_self\" >L&#8217;UNESCO et l&#8217;OMT signent la D\u00e9claration de Mascate sur le tourisme et la culture: \u00ab Favoriser le d\u00e9veloppement durable \u00bb<\/a><\/h4>\n<div class=\"pt-cv-meta-fields\"><span class=\"entry-date\"> <time datetime=\"2017-12-19T02:15:19+01:00\">December 19, 2017<\/time><\/span><\/div><\/div><\/div>\n<div class=\"col-md-3 col-sm-3 col-xs-3 pt-cv-content-item pt-cv-1-col\"  data-pid=\"6779\"><div class='pt-cv-ifield'><div class=\"pt-cv-content\">. EGALITE HOMMES\/FEMMES  ...<\/div>\n<a href=\"https:\/\/french.cpnn-world.org\/?p=6779\" class=\"_self pt-cv-href-thumbnail pt-cv-thumb-default cvplbd\" target=\"_self\" ><img decoding=\"async\" width=\"300\" src=\"https:\/\/french.cpnn-world.org\/wp-content\/uploads\/2017\/12\/teachers.png\" class=\"pt-cv-thumbnail img-none cvp-substitute\" alt=\"Les syndicats de l\u2019\u00e9ducation se joignent \u00e0 l\u2019appel mondial \u00e0 l\u2019action contre la violence bas\u00e9e sur le genre en milieu scolaire\" title=\"\" \/><\/a>\n<h4 class=\"pt-cv-title\"><a href=\"https:\/\/french.cpnn-world.org\/?p=6779\" class=\"_self cvplbd\" target=\"_self\" >Les syndicats de l\u2019\u00e9ducation se joignent \u00e0 l\u2019appel mondial \u00e0 l\u2019action contre la violence bas\u00e9e sur le genre en milieu scolaire<\/a><\/h4>\n<div class=\"pt-cv-meta-fields\"><span class=\"entry-date\"> <time datetime=\"2017-12-18T01:34:04+01:00\">December 18, 2017<\/time><\/span><\/div><\/div><\/div>\n<div class=\"col-md-3 col-sm-3 col-xs-3 pt-cv-content-item pt-cv-1-col\"  data-pid=\"6774\"><div class='pt-cv-ifield'><div class=\"pt-cv-content\">TOL\u00c9RANCE & SOLIDARIT\u00c9  ...<\/div>\n<a href=\"https:\/\/french.cpnn-world.org\/?p=6774\" class=\"_self pt-cv-href-thumbnail pt-cv-thumb-default cvplbd\" target=\"_self\" ><img decoding=\"async\" width=\"300\" src=\"https:\/\/french.cpnn-world.org\/wp-content\/uploads\/2017\/12\/Oulema-300x193.png\" class=\"pt-cv-thumbnail img-none cvp-substitute\" alt=\"La Ligue des Oul\u00e9ma, Pr\u00eacheurs et Imams des Pays du Sahel: La communication pour contrer l&#039;extr\u00e9misme\" title=\"\" \/><\/a>\n<h4 class=\"pt-cv-title\"><a href=\"https:\/\/french.cpnn-world.org\/?p=6774\" class=\"_self cvplbd\" target=\"_self\" >La Ligue des Oul\u00e9ma, Pr\u00eacheurs et Imams des Pays du Sahel: La communication pour contrer l&#8217;extr\u00e9misme<\/a><\/h4>\n<div class=\"pt-cv-meta-fields\"><span class=\"entry-date\"> <time datetime=\"2017-12-08T23:02:58+01:00\">December 8, 2017<\/time><\/span><\/div><\/div><\/div>\n<div class=\"col-md-3 col-sm-3 col-xs-3 pt-cv-content-item pt-cv-1-col\"  data-pid=\"6771\"><div class='pt-cv-ifield'><div class=\"pt-cv-content\">LIBRE CIRCULATION DE L'INFORMATION ...<\/div>\n<a href=\"https:\/\/french.cpnn-world.org\/?p=6771\" class=\"_self pt-cv-href-thumbnail pt-cv-thumb-default cvplbd\" target=\"_self\" ><img decoding=\"async\" width=\"300\" src=\"https:\/\/french.cpnn-world.org\/wp-content\/uploads\/2017\/12\/Gabon-300x176.png\" class=\"pt-cv-thumbnail img-none cvp-substitute\" alt=\"Gabon: La jeunesse panafricaine engag\u00e9e \u00e0 lutter contre la radicalisation et \u00e0 promouvoir la culture de la paix\" title=\"\" \/><\/a>\n<h4 class=\"pt-cv-title\"><a href=\"https:\/\/french.cpnn-world.org\/?p=6771\" class=\"_self cvplbd\" target=\"_self\" >Gabon: La jeunesse panafricaine engag\u00e9e \u00e0 lutter contre la radicalisation et \u00e0 promouvoir la culture de la paix<\/a><\/h4>\n<div class=\"pt-cv-meta-fields\"><span class=\"entry-date\"> <time datetime=\"2017-12-08T21:08:00+01:00\">December 8, 2017<\/time><\/span><\/div><\/div><\/div>\n<div class=\"col-md-3 col-sm-3 col-xs-3 pt-cv-content-item pt-cv-1-col\"  data-pid=\"6759\"><div class='pt-cv-ifield'><div class=\"pt-cv-content\">. EGALITE HOMMES\/FEMMES  ...<\/div>\n<a href=\"https:\/\/french.cpnn-world.org\/?p=6759\" class=\"_self pt-cv-href-thumbnail pt-cv-thumb-default cvplbd\" target=\"_self\" ><img decoding=\"async\" width=\"300\" src=\"https:\/\/french.cpnn-world.org\/wp-content\/uploads\/2017\/11\/UNWomen-300x220.png\" class=\"pt-cv-thumbnail img-none cvp-substitute\" alt=\"Gros plan : Ne laisser personne de c\u00f4t\u00e9: mettre fin \u00e0 la violence \u00e0 l\u2019\u00e9gard des femmes et des filles\" title=\"\" \/><\/a>\n<h4 class=\"pt-cv-title\"><a href=\"https:\/\/french.cpnn-world.org\/?p=6759\" class=\"_self cvplbd\" target=\"_self\" >Gros plan : Ne laisser personne de c\u00f4t\u00e9: mettre fin \u00e0 la violence \u00e0 l\u2019\u00e9gard des femmes et des filles<\/a><\/h4>\n<div class=\"pt-cv-meta-fields\"><span class=\"entry-date\"> <time datetime=\"2017-11-30T13:07:48+01:00\">November 30, 2017<\/time><\/span><\/div><\/div><\/div>\n<div class=\"col-md-3 col-sm-3 col-xs-3 pt-cv-content-item pt-cv-1-col\"  data-pid=\"6754\"><div class='pt-cv-ifield'><div class=\"pt-cv-content\">LIBRE CIRCULATION DE L'INFORMATION ...<\/div>\n<a href=\"https:\/\/french.cpnn-world.org\/?p=6754\" class=\"_self pt-cv-href-thumbnail pt-cv-thumb-default cvplbd\" target=\"_self\" ><img decoding=\"async\" width=\"300\" src=\"https:\/\/french.cpnn-world.org\/wp-content\/uploads\/2017\/11\/Gabon-300x181.png\" class=\"pt-cv-thumbnail img-none cvp-substitute\" alt=\"Gabon: Forum panafricain des jeunes pour la culture de la paix et la lutte contre la radicalisation en vue de la cr\u00e9ation d\u2019un syst\u00e8me d\u2019alerte pr\u00e9coce en Afrique centrale\" title=\"\" \/><\/a>\n<h4 class=\"pt-cv-title\"><a href=\"https:\/\/french.cpnn-world.org\/?p=6754\" class=\"_self cvplbd\" target=\"_self\" >Gabon: Forum panafricain des jeunes pour la culture de la paix et la lutte contre la radicalisation en vue de la cr\u00e9ation d\u2019un syst\u00e8me d\u2019alerte pr\u00e9coce en Afrique centrale<\/a><\/h4>\n<div class=\"pt-cv-meta-fields\"><span class=\"entry-date\"> <time datetime=\"2017-11-22T18:56:38+01:00\">November 22, 2017<\/time><\/span><\/div><\/div><\/div>\n<div class=\"col-md-3 col-sm-3 col-xs-3 pt-cv-content-item pt-cv-1-col\"  data-pid=\"6751\"><div class='pt-cv-ifield'><div class=\"pt-cv-content\">. . DEVELOPPEMENT DURABLE ...<\/div>\n<a href=\"https:\/\/french.cpnn-world.org\/?p=6751\" class=\"_self pt-cv-href-thumbnail pt-cv-thumb-default cvplbd\" target=\"_self\" ><img decoding=\"async\" width=\"300\" src=\"https:\/\/french.cpnn-world.org\/wp-content\/uploads\/2017\/11\/Tunis-300x206.png\" class=\"pt-cv-thumbnail img-none cvp-substitute\" alt=\"Tunis: Vers le renforcement du partenariat scientifique Iran-pays arabes\" title=\"\" \/><\/a>\n<h4 class=\"pt-cv-title\"><a href=\"https:\/\/french.cpnn-world.org\/?p=6751\" class=\"_self cvplbd\" target=\"_self\" >Tunis: Vers le renforcement du partenariat scientifique Iran-pays arabes<\/a><\/h4>\n<div class=\"pt-cv-meta-fields\"><span class=\"entry-date\"> <time datetime=\"2017-11-17T16:31:44+01:00\">November 17, 2017<\/time><\/span><\/div><\/div><\/div>\n<div class=\"col-md-3 col-sm-3 col-xs-3 pt-cv-content-item pt-cv-1-col\"  data-pid=\"6737\"><div class='pt-cv-ifield'><div class=\"pt-cv-content\">DESARMAMENT & SECURITE  ...<\/div>\n<a href=\"https:\/\/french.cpnn-world.org\/?p=6737\" class=\"_self pt-cv-href-thumbnail pt-cv-thumb-default cvplbd\" target=\"_self\" ><img decoding=\"async\" width=\"300\" src=\"https:\/\/french.cpnn-world.org\/wp-content\/uploads\/2017\/11\/Dakar-300x184.jpg\" class=\"pt-cv-thumbnail img-none cvp-substitute\" alt=\"Fin du 4\u00e8me Forum international de Dakar sur la paix et la s\u00e9curit\u00e9 en Afrique\" title=\"\" \/><\/a>\n<h4 class=\"pt-cv-title\"><a href=\"https:\/\/french.cpnn-world.org\/?p=6737\" class=\"_self cvplbd\" target=\"_self\" >Fin du 4\u00e8me Forum international de Dakar sur la paix et la s\u00e9curit\u00e9 en Afrique<\/a><\/h4>\n<div class=\"pt-cv-meta-fields\"><span class=\"entry-date\"> <time datetime=\"2017-11-17T12:29:01+01:00\">November 17, 2017<\/time><\/span><\/div><\/div><\/div><\/div><\/div>\n<div class=\"text-left pt-cv-pagination-wrapper\"><ul class=\"pt-cv-pagination pt-cv-ajax pagination\" data-totalpages=\"19\" data-currentpage=\"1\" data-sid=\"812661f6ci\" data-unid=\"\" data-isblock=\"\" data-postid=\"\"><li class=\"active\"><a href=\"#\">1<\/a><\/li>\n\t<li ><a class=\"\" href=\"https:\/\/french.cpnn-world.org\/index.php\/?_page=2&#038;rest_route=%2Fwp%2Fv2%2Fpages%2F6809\">2<\/a><\/li>\n\t<li ><a class=\"\" href=\"https:\/\/french.cpnn-world.org\/index.php\/?_page=3&#038;rest_route=%2Fwp%2Fv2%2Fpages%2F6809\">3<\/a><\/li>\n\t<li ><a href=\"#\">&hellip;<\/a><\/li>\n\t<li ><a class=\"\" href=\"https:\/\/french.cpnn-world.org\/index.php\/?_page=19&#038;rest_route=%2Fwp%2Fv2%2Fpages%2F6809\">19<\/a><\/li>\n\t<li ><a class=\" \" href=\"https:\/\/french.cpnn-world.org\/index.php\/?_page=2&#038;rest_route=%2Fwp%2Fv2%2Fpages%2F6809\">&rsaquo;<\/a><\/li>\n\t<\/ul><img loading=\"lazy\" decoding=\"async\" width=\"15\" height=\"15\" class=\"pt-cv-spinner\" alt=\"Loading...\" src=\"data:image\/gif;base64,R0lGODlhDwAPALMPAMrKygwMDJOTkz09PZWVla+vr3p6euTk5M7OzuXl5TMzMwAAAJmZmWZmZszMzP\/\/\/yH\/C05FVFNDQVBFMi4wAwEAAAAh+QQFCgAPACwAAAAADwAPAAAEQvDJaZaZOIcV8iQK8VRX4iTYoAwZ4iCYoAjZ4RxejhVNoT+mRGP4cyF4Pp0N98sBGIBMEMOotl6YZ3S61Bmbkm4mAgAh+QQFCgAPACwAAAAADQANAAAENPDJSRSZeA418itN8QiK8BiLITVsFiyBBIoYqnoewAD4xPw9iY4XLGYSjkQR4UAUD45DLwIAIfkEBQoADwAsAAAAAA8ACQAABC\/wyVlamTi3nSdgwFNdhEJgTJoNyoB9ISYoQmdjiZPcj7EYCAeCF1gEDo4Dz2eIAAAh+QQFCgAPACwCAAAADQANAAAEM\/DJBxiYeLKdX3IJZT1FU0iIg2RNKx3OkZVnZ98ToRD4MyiDnkAh6BkNC0MvsAj0kMpHBAAh+QQFCgAPACwGAAAACQAPAAAEMDC59KpFDll73HkAA2wVY5KgiK5b0RRoI6MuzG6EQqCDMlSGheEhUAgqgUUAFRySIgAh+QQFCgAPACwCAAIADQANAAAEM\/DJKZNLND\/kkKaHc3xk+QAMYDKsiaqmZCxGVjSFFCxB1vwy2oOgIDxuucxAMTAJFAJNBAAh+QQFCgAPACwAAAYADwAJAAAEMNAs86q1yaWwwv2Ig0jUZx3OYa4XoRAfwADXoAwfo1+CIjyFRuEho60aSNYlOPxEAAAh+QQFCgAPACwAAAIADQANAAAENPA9s4y8+IUVcqaWJ4qEQozSoAzoIyhCK2NFU2SJk0hNnyEOhKR2AzAAj4Pj4GE4W0bkJQIAOw==\" \/><div class=\"clear pt-cv-clear-pagination\"><\/div><\/div><\/div>\t\t\t<style type=\"text\/css\" id=\"pt-cv-inline-style-5e3f3617uj\">#pt-cv-view-812661f6ci .pt-cv-title a, #pt-cv-view-812661f6ci  .panel-title { font-weight: 600 !important; }\n#pt-cv-view-812661f6ci .pt-cv-readmore  { color: #ffffff !important; background-color: #00aeef !important; }\n#pt-cv-view-812661f6ci .pt-cv-readmore:hover  { color: #ffffff !important; background-color: #00aeef !important; }\n#pt-cv-view-812661f6ci  + .pt-cv-pagination-wrapper .pt-cv-more , #pt-cv-view-812661f6ci  + .pt-cv-pagination-wrapper .pagination .active a, .pt-cv-pagination[data-sid='812661f6ci'] .active a { color: #ffffff !important; background-color: #00aeef !important; }<\/style>\r\n\t\t\t\n","protected":false},"excerpt":{"rendered":"<p>* Voici les articles en fran\u00e7ais publi\u00e9s avant le 1er janvier 2018. * Pour voir les pages suivantes, cliquez sur les num\u00e9ros de page en bas. * Pour les articles en fran\u00e7ais plus r\u00e9cents, cliquez ici. * Pour les archives de CPNN avant le 1er f\u00e9vrier 2015, cliquez ici. BULLETINS RECENTS \u00c9LIMINER LA VIOLENCE FAITE &hellip; <a href=\"https:\/\/french.cpnn-world.org\/?page_id=6809\" class=\"more-link\">Continue reading <span class=\"screen-reader-text\">Archives en fran\u00e7ais<\/span> <span class=\"meta-nav\">&rarr;<\/span><\/a><\/p>\n","protected":false},"author":1,"featured_media":0,"parent":0,"menu_order":0,"comment_status":"closed","ping_status":"closed","template":"","meta":{"footnotes":""},"class_list":["post-6809","page","type-page","status-publish","hentry"],"_links":{"self":[{"href":"https:\/\/french.cpnn-world.org\/index.php?rest_route=\/wp\/v2\/pages\/6809","targetHints":{"allow":["GET"]}}],"collection":[{"href":"https:\/\/french.cpnn-world.org\/index.php?rest_route=\/wp\/v2\/pages"}],"about":[{"href":"https:\/\/french.cpnn-world.org\/index.php?rest_route=\/wp\/v2\/types\/page"}],"author":[{"embeddable":true,"href":"https:\/\/french.cpnn-world.org\/index.php?rest_route=\/wp\/v2\/users\/1"}],"replies":[{"embeddable":true,"href":"https:\/\/french.cpnn-world.org\/index.php?rest_route=%2Fwp%2Fv2%2Fcomments&post=6809"}],"version-history":[{"count":76,"href":"https:\/\/french.cpnn-world.org\/index.php?rest_route=\/wp\/v2\/pages\/6809\/revisions"}],"predecessor-version":[{"id":11090,"href":"https:\/\/french.cpnn-world.org\/index.php?rest_route=\/wp\/v2\/pages\/6809\/revisions\/11090"}],"wp:attachment":[{"href":"https:\/\/french.cpnn-world.org\/index.php?rest_route=%2Fwp%2Fv2%2Fmedia&parent=6809"}],"curies":[{"name":"wp","href":"https:\/\/api.w.org\/{rel}","templated":true}]}}