{"id":733,"date":"2015-03-20T08:59:08","date_gmt":"2015-03-20T12:59:08","guid":{"rendered":"http:\/\/cpnn-world.org\/temp\/?page_id=733"},"modified":"2019-10-13T17:17:42","modified_gmt":"2019-10-13T17:17:42","slug":"lire","status":"publish","type":"page","link":"https:\/\/french.cpnn-world.org\/?page_id=733","title":{"rendered":"Lire"},"content":{"rendered":"<p><center><\/p>\n<div class=\"page style\" style=\"width:80%;\"><strong><big>Voici les articles en francais, class\u00e9s chronologiquement par region \u00e0 gauche, et par domaine d&#8217;action \u00e0 droite.<\/big><\/strong><\/div>\n<p align=\"center\">\n<div style='float:left; width:46%'>\n<strong><big><\/p>\n<p align=\"right\">\n    <a href=\"?page_id=1583\">Afrique<\/a>\n<\/p>\n<p align=\"right\">\n    <a href=\"?page_id=1882\">Pays Arabes et Moyen Orient<\/a>\n<\/p>\n<p align=\"right\">\n    Asie de l&#8217;Est\n<\/p>\n<p align=\"right\">\n     <a href=\"?page_id=1929\">Europe<\/a>\n<\/p>\n<p align=\"right\">\n    <a href=\"?page_id=1879\">Am\u00e9rique Latine et Caraibes<\/a>\n<\/p>\n<p align=\"right\">\n    <a href=\"?page_id=1932\">Am\u00e9rique du Nord<\/a>\n<\/p>\n<p align=\"right\">\n    Asie du Sud et Asie Centrale\n<\/p>\n<p align=\"right\">\n     <a href=\"?page_id=1876\">Le Monde Entier<\/a>\n<\/p>\n<p align=\"right\">\n     <a href=\"?page_id=6549\">Nations Unies<\/a>\n<\/p>\n<p align=\"right\">\nSi l&#8217;entr\u00e9e ne est pas color\u00e9e,<br \/>\nil n&#8217;y a aucun article dans cette cat\u00e9gorie.\n<\/p>\n<p><\/big><\/strong><\/div>\n<div style='float:right; width:46%'>\n<p><strong><big><\/p>\n<p align=\"left\">\n    <a href=\"?page_id=1868\">Education pour la Paix<\/a>\n<\/p>\n<p align=\"left\">\n    <a href=\"?page_id=1917\">D\u00e9veloppement Durable<\/a>\n<\/p>\n<p align=\"left\">\n    <a href=\"?page_id=1865\">Droits de l&#8217;Homme<\/a>\n<\/p>\n<p align=\"left\">\n    <a href=\"?page_id=1920\">Egalit\u00e9 Hommes\/Femmes<\/a>\n<\/p>\n<p align=\"left\">\n    <a href=\"?page_id=1923\">Participation D\u00e9mocratique<\/a>\n<\/p>\n<p align=\"left\">\n    <a href=\"?page_id=1926\">Tol\u00e9rance et Solidarit\u00e9<\/a>\n<\/p>\n<p align=\"left\">\n    <a href=\"?page_id=1862\">Libre Circulation de l&#8217;Information<\/a>\n<\/p>\n<p align=\"left\">\n    <a href=\"?page_id=1871\">D\u00e9sarmement et S\u00e9curit\u00e9<\/a>\n<\/p>\n<p><\/big><\/strong>\n<\/div>\n","protected":false},"excerpt":{"rendered":"<p>Voici les articles en francais, class\u00e9s chronologiquement par region \u00e0 gauche, et par domaine d&#8217;action \u00e0 droite. Afrique Pays Arabes et Moyen Orient Asie de l&#8217;Est Europe Am\u00e9rique Latine et Caraibes Am\u00e9rique du Nord Asie du Sud et Asie Centrale Le Monde Entier Nations Unies Si l&#8217;entr\u00e9e ne est pas color\u00e9e, il n&#8217;y a aucun &hellip; <a href=\"https:\/\/french.cpnn-world.org\/?page_id=733\" class=\"more-link\">Continue reading <span class=\"screen-reader-text\">Lire<\/span> <span class=\"meta-nav\">&rarr;<\/span><\/a><\/p>\n","protected":false},"author":1,"featured_media":0,"parent":0,"menu_order":0,"comment_status":"closed","ping_status":"closed","template":"","meta":{"footnotes":""},"class_list":["post-733","page","type-page","status-publish","hentry"],"_links":{"self":[{"href":"https:\/\/french.cpnn-world.org\/index.php?rest_route=\/wp\/v2\/pages\/733","targetHints":{"allow":["GET"]}}],"collection":[{"href":"https:\/\/french.cpnn-world.org\/index.php?rest_route=\/wp\/v2\/pages"}],"about":[{"href":"https:\/\/french.cpnn-world.org\/index.php?rest_route=\/wp\/v2\/types\/page"}],"author":[{"embeddable":true,"href":"https:\/\/french.cpnn-world.org\/index.php?rest_route=\/wp\/v2\/users\/1"}],"replies":[{"embeddable":true,"href":"https:\/\/french.cpnn-world.org\/index.php?rest_route=%2Fwp%2Fv2%2Fcomments&post=733"}],"version-history":[{"count":16,"href":"https:\/\/french.cpnn-world.org\/index.php?rest_route=\/wp\/v2\/pages\/733\/revisions"}],"predecessor-version":[{"id":8011,"href":"https:\/\/french.cpnn-world.org\/index.php?rest_route=\/wp\/v2\/pages\/733\/revisions\/8011"}],"wp:attachment":[{"href":"https:\/\/french.cpnn-world.org\/index.php?rest_route=%2Fwp%2Fv2%2Fmedia&parent=733"}],"curies":[{"name":"wp","href":"https:\/\/api.w.org\/{rel}","templated":true}]}}