{"id":771,"date":"2015-03-20T14:14:05","date_gmt":"2015-03-20T18:14:05","guid":{"rendered":"http:\/\/cpnn-world.org\/temp\/?page_id=771"},"modified":"2024-07-15T23:13:16","modified_gmt":"2024-07-15T21:13:16","slug":"sinformer","status":"publish","type":"page","link":"https:\/\/french.cpnn-world.org\/?page_id=771","title":{"rendered":"S&#8217;informer"},"content":{"rendered":"<ul>\n<div class=\"page style\" style=\"width:80%;\">\n<big><\/p>\n<p align=justify>Nous connaissons tous la culture de guerre, mais nous avons beaucoup \u00e0 apprendre \u00e0 propos de la culture de paix et de la non-violence.<\/p>\n<p align=justify>En d\u00e9diant la premi\u00e8re ann\u00e9e et la premi\u00e8re d\u00e9cennie du 21eme si\u00e8cle \u00e0 la culture de paix, les Nations Unies ont appel\u00e9 \u00e0 &#8220;d\u00e9passer la guerre et la violence au profit d&#8217;une culture de paix et de non-violence.&#8221; (Voir le <a href=\"?page_id=775\">Mouvement Mondial pour une Culture de Paix<\/a> et les <a href=\"?page_id=773\">Nations Unies et la Culture de Paix<\/a>).<\/p>\n<p align=justify>La culture de paix est une r\u00e9alit\u00e9 \u00e9mergente, s&#8217;enracinant et croissant  \u00e0 travers les <a href=\"?page_id=777\">valeurs, les attitudes et les actions<\/a> des individus et des organismes de la soci\u00e9t\u00e9 civile. C&#8217;est un processus qui doit \u00eatre cultiv\u00e9 et soutenu. Ainsi, les slogans officiels de l&#8217;Ann\u00e9e internationale de la culture de paix ont \u00e9t\u00e9 &#8220;Cultivons la paix&#8221; et &#8220;La paix est entre nos mains.&#8221;<\/p>\n<p align=justify>CPNN, &#8216;Culture of Peace News Network&#8217; (R\u00e9seau d&#8217;Information pour une Culture de Paix), nous permet d&#8217;apprendre mutuellement \u00e0 partir de nos exp\u00e9riences et de nos id\u00e9es. Son envergure est d\u00e9finie par les huit domaines d&#8217;action dans le <a href=\"http:\/\/decade-culture-of-peace.org\/resolutions\/resA-53-243-fr.pdf\">Programme d\u2019action sur une culture de la paix<\/a> adopt\u00e9 par l&#8217;Assembl\u00e9e g\u00e9n\u00e9rale des Nations Unis en 1999: culture de paix par l\u2019\u00e9ducation, d\u00e9veloppement durable, droits de l&#8217;Homme, \u00e9galit\u00e9 hommes\/femmes, participation d\u00e9mocratique, tol\u00e9rance &#038; solidarit\u00e9, libre circulation de l&#8217;information, d\u00e9sarmement &#038; s\u00e9curit\u00e9.<\/p>\n<p align=justify>Les domaines de programme du Programme d&#8217;action des Nations Unies ont \u00e9t\u00e9 traduits en actions \u00e0 entreprendre par des individus dans le <a href=\"https:\/\/french.cpnn-world.org\/?page_id=10583\">Manifeste 2000 <\/a> qui a \u00e9t\u00e9 sign\u00e9 par 75 millions de personnes au cours de l&#8217;Ann\u00e9e internationale des Nations Unies pour la culture de la paix.<\/p>\n<p align=justify>Apprenons ensemble \u00e0 pr\u00e9parer la transition d&#8217;une culture de guerre et de violence vers une culture de paix et de non-violence.<\/p>\n<p><\/big><\/div>\n<\/ul>\n","protected":false},"excerpt":{"rendered":"<p>Nous connaissons tous la culture de guerre, mais nous avons beaucoup \u00e0 apprendre \u00e0 propos de la culture de paix et de la non-violence. En d\u00e9diant la premi\u00e8re ann\u00e9e et la premi\u00e8re d\u00e9cennie du 21eme si\u00e8cle \u00e0 la culture de paix, les Nations Unies ont appel\u00e9 \u00e0 &#8220;d\u00e9passer la guerre et la violence au profit &hellip; <a href=\"https:\/\/french.cpnn-world.org\/?page_id=771\" class=\"more-link\">Continue reading <span class=\"screen-reader-text\">S&#8217;informer<\/span> <span class=\"meta-nav\">&rarr;<\/span><\/a><\/p>\n","protected":false},"author":1,"featured_media":0,"parent":0,"menu_order":0,"comment_status":"closed","ping_status":"closed","template":"","meta":{"footnotes":""},"class_list":["post-771","page","type-page","status-publish","hentry"],"_links":{"self":[{"href":"https:\/\/french.cpnn-world.org\/index.php?rest_route=\/wp\/v2\/pages\/771","targetHints":{"allow":["GET"]}}],"collection":[{"href":"https:\/\/french.cpnn-world.org\/index.php?rest_route=\/wp\/v2\/pages"}],"about":[{"href":"https:\/\/french.cpnn-world.org\/index.php?rest_route=\/wp\/v2\/types\/page"}],"author":[{"embeddable":true,"href":"https:\/\/french.cpnn-world.org\/index.php?rest_route=\/wp\/v2\/users\/1"}],"replies":[{"embeddable":true,"href":"https:\/\/french.cpnn-world.org\/index.php?rest_route=%2Fwp%2Fv2%2Fcomments&post=771"}],"version-history":[{"count":2,"href":"https:\/\/french.cpnn-world.org\/index.php?rest_route=\/wp\/v2\/pages\/771\/revisions"}],"predecessor-version":[{"id":10593,"href":"https:\/\/french.cpnn-world.org\/index.php?rest_route=\/wp\/v2\/pages\/771\/revisions\/10593"}],"wp:attachment":[{"href":"https:\/\/french.cpnn-world.org\/index.php?rest_route=%2Fwp%2Fv2%2Fmedia&parent=771"}],"curies":[{"name":"wp","href":"https:\/\/api.w.org\/{rel}","templated":true}]}}