{"id":773,"date":"2015-03-20T14:14:25","date_gmt":"2015-03-20T18:14:25","guid":{"rendered":"http:\/\/cpnn-world.org\/temp\/?page_id=773"},"modified":"2018-09-19T01:26:01","modified_gmt":"2018-09-19T01:26:01","slug":"nations-unies","status":"publish","type":"page","link":"https:\/\/french.cpnn-world.org\/?page_id=773","title":{"rendered":"Nations Unies"},"content":{"rendered":"<ul>\n<div class=\"page style\" style=\"width:80%;\">\n<big>\t<\/p>\n<p align=\"justify\">Depuis 1997, l&#8217;Assembl\u00e9e g\u00e9n\u00e9rale des Nations Unies a adopt\u00e9 chaque ann\u00e9e une r\u00e9solution concernant la culture de paix. La premi\u00e8re r\u00e9solution en 1997 demandait &#8220;de d\u00e9passer la guerre et la violence au profit d&#8217;une culture de paix et de non-violence.&#8221; La r\u00e9solution a d\u00e9fini la culture de paix en s&#8217;appuyant sur &#8220;le respect des droits de l&#8217;Homme, la d\u00e9mocratie et la tol\u00e9rance, la promotion du d\u00e9veloppement, l&#8217;\u00e9ducation pour la paix, la libre circulation de l&#8217;information et une plus grande participation des femmes.&#8221; Ces sept points, avec le huiti\u00e8me point concernant le d\u00e9sarmement, sont devenus la base de la <a href=\"http:\/\/decade-culture-of-peace.org\/resolutions\/resA-53-243-fr.pdf\">D\u00e9claration et Programme d\u2019action sur une culture de la paix<\/a> adopt\u00e9s en 1999, sur lesquels CPNN s&#8217;appuie.<\/p>\n<p align=\"justify\">La responsabilit\u00e9 pour le programme a \u00e9t\u00e9 confi\u00e9e \u00e0 l&#8217;Unesco (Organisation des Nations Unies pour l\u2019\u00e9ducation, la science et la culture). Pour mettre en pratique la r\u00e9solution, l&#8217;UNESCO a lanc\u00e9 l&#8217;Ann\u00e9e internationale de la culture de la paix (2000) et la D\u00e9cennie internationale de la promotion d&#8217;une culture de la non-violence et de la paix au profit des enfants du monde (2001-2010).<\/p>\n<p align=\"justify\">Pour impliquer les individus au niveau local, l&#8217;Unesco a fait circuler le <a href=\"http:\/\/decade-culture-of-peace.org\/iycp\/iycp-uk\/manifeste\/uk_manifeste.htm\">Manifeste 2000<\/a> \u00e0 travers les r\u00e9seaux mondiaux de ses Commissions Nationales, de ses bureaux, des bureaux de l&#8217;ONU, et des organisations non-gouvernementales. Le Manifeste, redig\u00e9 par des laur\u00e9ats du Prix Nobel de la Paix, \u00e0 partir des r\u00e9solutions de l&#8217;ONU, a \u00e9t\u00e9 sign\u00e9 pendant l&#8217;Ann\u00e9e Internationale par 75 millions de personnes. Chaque signataire s&#8217;est engag\u00e9 \u00e0 travailler pour une culture de paix dans sa vie quotidienne, sa famille, son travail, sa communaut\u00e9, sa r\u00e9gion et son pays.<\/p>\n<p align=\"justify\">La mobilisation autour du Manifeste a \u00e9t\u00e9 le premier pas dans le d\u00e9veloppement d&#8217;un <a href=\"http:\/\/english.cpnn-world.org\/?page_id=775\">mouvement mondial pour une culture de paix<\/a>. Ce mouvement mondial avance, selon le <a href=\"http:\/\/decade-culture-of-peace.org\/french.html\">Rapport Mondial de la Culture de la Paix<\/a> soumis aux Nations Unies dans un premier temps en 2005 et finalis\u00e9 en 2010 \u00e0 la fin de la D\u00e9cennie.<\/p>\n<p align=\"justify\">Dans ses r\u00e9solutions \u00e0 propos de la culture de paix pendant la D\u00e9cennie pour la Culture de la Paix, l&#8217;Assembl\u00e9e g\u00e9n\u00e9rale des Nations Unies a relev\u00e9 le r\u00f4le des m\u00e9dias en g\u00e9n\u00e9ral et de CPNN en particulier (Voir <a href=\"http:\/\/cpnn-world.org\/resolutions\/A-61-45.pdf\">paragraphe 9 <\/a> dans la version originale du rapport en anglais).<\/p>\n<p><\/big>\n<\/div>\n<\/ul>\n","protected":false},"excerpt":{"rendered":"<p>Depuis 1997, l&#8217;Assembl\u00e9e g\u00e9n\u00e9rale des Nations Unies a adopt\u00e9 chaque ann\u00e9e une r\u00e9solution concernant la culture de paix. La premi\u00e8re r\u00e9solution en 1997 demandait &#8220;de d\u00e9passer la guerre et la violence au profit d&#8217;une culture de paix et de non-violence.&#8221; La r\u00e9solution a d\u00e9fini la culture de paix en s&#8217;appuyant sur &#8220;le respect des droits &hellip; <a href=\"https:\/\/french.cpnn-world.org\/?page_id=773\" class=\"more-link\">Continue reading <span class=\"screen-reader-text\">Nations Unies<\/span> <span class=\"meta-nav\">&rarr;<\/span><\/a><\/p>\n","protected":false},"author":1,"featured_media":0,"parent":0,"menu_order":0,"comment_status":"closed","ping_status":"closed","template":"","meta":{"footnotes":""},"class_list":["post-773","page","type-page","status-publish","hentry"],"_links":{"self":[{"href":"https:\/\/french.cpnn-world.org\/index.php?rest_route=\/wp\/v2\/pages\/773","targetHints":{"allow":["GET"]}}],"collection":[{"href":"https:\/\/french.cpnn-world.org\/index.php?rest_route=\/wp\/v2\/pages"}],"about":[{"href":"https:\/\/french.cpnn-world.org\/index.php?rest_route=\/wp\/v2\/types\/page"}],"author":[{"embeddable":true,"href":"https:\/\/french.cpnn-world.org\/index.php?rest_route=\/wp\/v2\/users\/1"}],"replies":[{"embeddable":true,"href":"https:\/\/french.cpnn-world.org\/index.php?rest_route=%2Fwp%2Fv2%2Fcomments&post=773"}],"version-history":[{"count":2,"href":"https:\/\/french.cpnn-world.org\/index.php?rest_route=\/wp\/v2\/pages\/773\/revisions"}],"predecessor-version":[{"id":7153,"href":"https:\/\/french.cpnn-world.org\/index.php?rest_route=\/wp\/v2\/pages\/773\/revisions\/7153"}],"wp:attachment":[{"href":"https:\/\/french.cpnn-world.org\/index.php?rest_route=%2Fwp%2Fv2%2Fmedia&parent=773"}],"curies":[{"name":"wp","href":"https:\/\/api.w.org\/{rel}","templated":true}]}}