{"id":775,"date":"2015-03-20T14:15:04","date_gmt":"2015-03-20T18:15:04","guid":{"rendered":"http:\/\/cpnn-world.org\/temp\/?page_id=775"},"modified":"2025-01-24T09:02:47","modified_gmt":"2025-01-24T08:02:47","slug":"mouvement-mondial","status":"publish","type":"page","link":"https:\/\/french.cpnn-world.org\/?page_id=775","title":{"rendered":"Mouvement Mondial pour une Culture de la Paix"},"content":{"rendered":"<ul>\n<div class=\"page style\" style=\"width:80%;\">\n<big>\t<\/p>\n<p align=\"justify\">\n<a href=\"http:\/\/decade-culture-of-peace.org\/resolutions\/resA-53-243-fr.pdf\">La D\u00e9claration et le Programme d\u2019action sur une culture de la paix<\/a>, adopt\u00e9s par l\u2019Assembl\u00e9e g\u00e9n\u00e9rale des Nations Unies en 1999, incluaient la d\u00e9claration suivante : \u00ab Les partenariats entre les diff\u00e9rents acteurs, tels qu\u2019ils sont d\u00e9finis dans la D\u00e9claration, devraient \u00eatre encourag\u00e9s et renforc\u00e9s pour un mouvement mondial en faveur d\u2019une culture de la paix. \u00bb<\/p>\n<p align=\"justify\">\nLe Mouvement mondial pour une culture de la paix progresse, selon les t\u00e9moignages de toutes les r\u00e9gions du monde. C\u2019est la conclusion des informations soumises par plus de 1000 organisations participant au <a href=\"http:\/\/decade-culture-of-peace.org\/french.html\">Rapport mondial sur la culture de la paix<\/a>, qui a \u00e9t\u00e9 soumis aux Nations Unies pour sa discussion pl\u00e9ni\u00e8re \u00e0 la fin de la D\u00e9cennie internationale de la promotion d\u2019une culture de la paix et de la non-violence au profit des enfants du monde (2001-2010). Ce rapport a fourni une vue d\u2019ensemble des progr\u00e8s du Mouvement mondial. Ces progr\u00e8s ont lieu malgr\u00e9 la quasi-totalit\u00e9 de la n\u00e9gligence des m\u00e9dias, selon la plupart des t\u00e9moignages de toutes les r\u00e9gions.<\/p>\n<p align=\"justify\">\nLe Mouvement mondial a pris un bon d\u00e9part pendant l\u2019Ann\u00e9e internationale de la culture de la paix des Nations Unies. C&#8217;est ce qui a \u00e9t\u00e9 d\u00e9crit \u00e0 l&#8217;\u00e9poque sur le <a href=\"http:\/\/decade-culture-of-peace.org\/iycp\/iycp-uk\/uk_sum_monde.htm\">tableau d&#8217;information mondial <\/a> qui fournissait des liens vers 1,196 acteurs de l&#8217;Ann\u00e9e internationale, dont 219 organisations internationales et 977 acteurs locaux et nationaux. Il fournissait \u00e9galement un lien vers des d\u00e9tails sur les personnes qui avaient rassembl\u00e9 les 75 millions de signatures obtenues sur le Manifeste 2000 en Inde, au Br\u00e9sil, en Colombie et dans d&#8217;autres pays.<\/p>\n<p align=\"justify\">\nCPNN-WORLD fournit une mise \u00e0 jour quotidienne sur le d\u00e9veloppement continu du Mouvement mondial, y compris des <a href=\"https:\/\/french.cpnn-world.org\/?page_id=805\">bulletins mensuels<\/a>. Par exemple, le bulletin d\u2019octobre de chaque ann\u00e9e montre comment la participation continue d\u2019augmenter pendant la Journ\u00e9e internationale de la paix.<\/p>\n<p align=\"justify\">\nFace \u00e0 la menace croissante par la culture de la guerre pour d\u00e9truire la civilisation humaine, nous pouvons esp\u00e9rer que le Mouvement mondial pour une culture de la paix se d\u00e9veloppera au point que les peuples du monde se r\u00e9volteront contre les priorit\u00e9s militaires de leurs gouvernements et les forceront \u00e0 promouvoir \u00e0 la place une culture de la paix.<br \/>\n<\/big><\/div>\n<\/ul>\n","protected":false},"excerpt":{"rendered":"<p>La D\u00e9claration et le Programme d\u2019action sur une culture de la paix, adopt\u00e9s par l\u2019Assembl\u00e9e g\u00e9n\u00e9rale des Nations Unies en 1999, incluaient la d\u00e9claration suivante : \u00ab Les partenariats entre les diff\u00e9rents acteurs, tels qu\u2019ils sont d\u00e9finis dans la D\u00e9claration, devraient \u00eatre encourag\u00e9s et renforc\u00e9s pour un mouvement mondial en faveur d\u2019une culture de la &hellip; <a href=\"https:\/\/french.cpnn-world.org\/?page_id=775\" class=\"more-link\">Continue reading <span class=\"screen-reader-text\">Mouvement Mondial pour une Culture de la Paix<\/span> <span class=\"meta-nav\">&rarr;<\/span><\/a><\/p>\n","protected":false},"author":1,"featured_media":0,"parent":0,"menu_order":0,"comment_status":"closed","ping_status":"closed","template":"","meta":{"footnotes":""},"class_list":["post-775","page","type-page","status-publish","hentry"],"_links":{"self":[{"href":"https:\/\/french.cpnn-world.org\/index.php?rest_route=\/wp\/v2\/pages\/775","targetHints":{"allow":["GET"]}}],"collection":[{"href":"https:\/\/french.cpnn-world.org\/index.php?rest_route=\/wp\/v2\/pages"}],"about":[{"href":"https:\/\/french.cpnn-world.org\/index.php?rest_route=\/wp\/v2\/types\/page"}],"author":[{"embeddable":true,"href":"https:\/\/french.cpnn-world.org\/index.php?rest_route=\/wp\/v2\/users\/1"}],"replies":[{"embeddable":true,"href":"https:\/\/french.cpnn-world.org\/index.php?rest_route=%2Fwp%2Fv2%2Fcomments&post=775"}],"version-history":[{"count":7,"href":"https:\/\/french.cpnn-world.org\/index.php?rest_route=\/wp\/v2\/pages\/775\/revisions"}],"predecessor-version":[{"id":10840,"href":"https:\/\/french.cpnn-world.org\/index.php?rest_route=\/wp\/v2\/pages\/775\/revisions\/10840"}],"wp:attachment":[{"href":"https:\/\/french.cpnn-world.org\/index.php?rest_route=%2Fwp%2Fv2%2Fmedia&parent=775"}],"curies":[{"name":"wp","href":"https:\/\/api.w.org\/{rel}","templated":true}]}}