{"id":793,"date":"2015-03-20T14:20:02","date_gmt":"2015-03-20T18:20:02","guid":{"rendered":"http:\/\/cpnn-world.org\/temp\/?page_id=793"},"modified":"2016-10-09T13:04:52","modified_gmt":"2016-10-09T13:04:52","slug":"envoyer","status":"publish","type":"page","link":"https:\/\/french.cpnn-world.org\/?page_id=793","title":{"rendered":"Envoyer"},"content":{"rendered":"<ul>\n<div class=\"page style\" style=\"width:80%;\">\n<p>Vous \u00eates invit\u00e9s  \u00e0 envoyer un rapport pour CPNN.  Ce rapport ne doit pas d\u00e9passer 1,000 mots et \u00eatre conforme aux <a href=\"http:\/\/english.cpnn-world.org\/?page_id=791\">r\u00e8glements de CPNN<\/a>.<\/p>\n\n<div class=\"wpcf7 no-js\" id=\"wpcf7-f1242-o1\" lang=\"fr-FR\" dir=\"ltr\" data-wpcf7-id=\"1242\">\n<div class=\"screen-reader-response\"><p role=\"status\" aria-live=\"polite\" aria-atomic=\"true\"><\/p> <ul><\/ul><\/div>\n<form action=\"\/index.php?rest_route=%2Fwp%2Fv2%2Fpages%2F793#wpcf7-f1242-o1\" method=\"post\" class=\"wpcf7-form init\" aria-label=\"Formulaire de contact\" novalidate=\"novalidate\" data-status=\"init\">\n<fieldset class=\"hidden-fields-container\"><input type=\"hidden\" name=\"_wpcf7\" value=\"1242\" \/><input type=\"hidden\" name=\"_wpcf7_version\" value=\"6.1.5\" \/><input type=\"hidden\" name=\"_wpcf7_locale\" value=\"fr_FR\" \/><input type=\"hidden\" name=\"_wpcf7_unit_tag\" value=\"wpcf7-f1242-o1\" \/><input type=\"hidden\" name=\"_wpcf7_container_post\" value=\"0\" \/><input type=\"hidden\" name=\"_wpcf7_posted_data_hash\" value=\"\" \/>\n<\/fieldset>\n<p>Votre nom (obligatoire)\n<\/p>\n<p><span class=\"wpcf7-form-control-wrap\" data-name=\"your-name\"><input size=\"40\" maxlength=\"400\" class=\"wpcf7-form-control wpcf7-text wpcf7-validates-as-required\" aria-required=\"true\" aria-invalid=\"false\" value=\"\" type=\"text\" name=\"your-name\" \/><\/span>\n<\/p>\n<p>Votre email (obligatoire)\n<\/p>\n<p><span class=\"wpcf7-form-control-wrap\" data-name=\"your-email\"><input size=\"40\" maxlength=\"400\" class=\"wpcf7-form-control wpcf7-email wpcf7-validates-as-required wpcf7-text wpcf7-validates-as-email\" aria-required=\"true\" aria-invalid=\"false\" value=\"\" type=\"email\" name=\"your-email\" \/><\/span>\n<\/p>\n<p>Le titre du rapport\n<\/p>\n<p><span class=\"wpcf7-form-control-wrap\" data-name=\"your-subject\"><input size=\"40\" maxlength=\"400\" class=\"wpcf7-form-control wpcf7-text wpcf7-validates-as-required\" aria-required=\"true\" aria-invalid=\"false\" value=\"\" type=\"text\" name=\"your-subject\" \/><\/span>\n<\/p>\n<p>Votre rapport\n<\/p>\n<p><span class=\"wpcf7-form-control-wrap\" data-name=\"your-message\"><textarea cols=\"40\" rows=\"10\" maxlength=\"2000\" class=\"wpcf7-form-control wpcf7-textarea\" aria-invalid=\"false\" name=\"your-message\"><\/textarea><\/span>\n<\/p>\n<p><input class=\"wpcf7-form-control wpcf7-submit has-spinner\" type=\"submit\" value=\"Envoyer\" \/>\n<\/p><div class=\"wpcf7-response-output\" aria-hidden=\"true\"><\/div>\n<\/form>\n<\/div>\n\n<p>Apr\u00e8s d&#8217;avoir envoy\u00e9 le rapport, merci de nous envoyer par e-mail une photo pour ce rapport.<br \/>\nEnvoyez-la \u00e0 <img loading=\"lazy\" decoding=\"async\" src=\"https:\/\/french.cpnn-world.org\/wp-content\/uploads\/2015\/03\/small-coordinator.png\" alt=\"small coordinator\" width=\"250\" height=\"33\" class=\"alignnone size-full wp-image-1231\" \/> .<br \/>\n(Afin d&#8217;\u00e9viter le &#8220;spam&#8221;, veuillez noter que cette adresse n&#8217;est qu&#8217;une image, pas un lien direct, et vous devez le copier \u00e0 la main dans l&#8217;adresse de votre bo\u00eete email.) <\/p>\n<\/div>\n<\/ul>\n","protected":false},"excerpt":{"rendered":"<p>Vous \u00eates invit\u00e9s \u00e0 envoyer un rapport pour CPNN. Ce rapport ne doit pas d\u00e9passer 1,000 mots et \u00eatre conforme aux r\u00e8glements de CPNN. Apr\u00e8s d&#8217;avoir envoy\u00e9 le rapport, merci de nous envoyer par e-mail une photo pour ce rapport. Envoyez-la \u00e0 . (Afin d&#8217;\u00e9viter le &#8220;spam&#8221;, veuillez noter que cette adresse n&#8217;est qu&#8217;une image, &hellip; <a href=\"https:\/\/french.cpnn-world.org\/?page_id=793\" class=\"more-link\">Continue reading <span class=\"screen-reader-text\">Envoyer<\/span> <span class=\"meta-nav\">&rarr;<\/span><\/a><\/p>\n","protected":false},"author":1,"featured_media":0,"parent":0,"menu_order":0,"comment_status":"closed","ping_status":"closed","template":"","meta":{"footnotes":""},"class_list":["post-793","page","type-page","status-publish","hentry"],"_links":{"self":[{"href":"https:\/\/french.cpnn-world.org\/index.php?rest_route=\/wp\/v2\/pages\/793","targetHints":{"allow":["GET"]}}],"collection":[{"href":"https:\/\/french.cpnn-world.org\/index.php?rest_route=\/wp\/v2\/pages"}],"about":[{"href":"https:\/\/french.cpnn-world.org\/index.php?rest_route=\/wp\/v2\/types\/page"}],"author":[{"embeddable":true,"href":"https:\/\/french.cpnn-world.org\/index.php?rest_route=\/wp\/v2\/users\/1"}],"replies":[{"embeddable":true,"href":"https:\/\/french.cpnn-world.org\/index.php?rest_route=%2Fwp%2Fv2%2Fcomments&post=793"}],"version-history":[{"count":1,"href":"https:\/\/french.cpnn-world.org\/index.php?rest_route=\/wp\/v2\/pages\/793\/revisions"}],"predecessor-version":[{"id":6326,"href":"https:\/\/french.cpnn-world.org\/index.php?rest_route=\/wp\/v2\/pages\/793\/revisions\/6326"}],"wp:attachment":[{"href":"https:\/\/french.cpnn-world.org\/index.php?rest_route=%2Fwp%2Fv2%2Fmedia&parent=793"}],"curies":[{"name":"wp","href":"https:\/\/api.w.org\/{rel}","templated":true}]}}