{"id":825,"date":"2015-03-20T15:33:29","date_gmt":"2015-03-20T19:33:29","guid":{"rendered":"http:\/\/cpnn-world.org\/temp\/?page_id=825"},"modified":"2015-03-20T15:33:29","modified_gmt":"2015-03-20T19:33:29","slug":"langue","status":"publish","type":"page","link":"https:\/\/french.cpnn-world.org\/?page_id=825","title":{"rendered":"Langue"},"content":{"rendered":"<h3>If you wish the pages in English, click &#8220;Anglais&#8221; below &#8220;Langue&#8221; on the navigation bar.<\/h3>\n<h3>Si desea que las p\u00e1ginas en espa\u00f1ol, haga clic en la secci\u00f3n de &#8220;Espagnol&#8221; de abajo &#8220;Langue&#8221; en la barra de navegaci\u00f3n.<\/h3>\n","protected":false},"excerpt":{"rendered":"<p>If you wish the pages in English, click &#8220;Anglais&#8221; below &#8220;Langue&#8221; on the navigation bar. Si desea que las p\u00e1ginas en espa\u00f1ol, haga clic en la secci\u00f3n de &#8220;Espagnol&#8221; de abajo &#8220;Langue&#8221; en la barra de navegaci\u00f3n.<\/p>\n","protected":false},"author":1,"featured_media":0,"parent":0,"menu_order":0,"comment_status":"closed","ping_status":"closed","template":"","meta":{"footnotes":""},"class_list":["post-825","page","type-page","status-publish","hentry"],"_links":{"self":[{"href":"https:\/\/french.cpnn-world.org\/index.php?rest_route=\/wp\/v2\/pages\/825","targetHints":{"allow":["GET"]}}],"collection":[{"href":"https:\/\/french.cpnn-world.org\/index.php?rest_route=\/wp\/v2\/pages"}],"about":[{"href":"https:\/\/french.cpnn-world.org\/index.php?rest_route=\/wp\/v2\/types\/page"}],"author":[{"embeddable":true,"href":"https:\/\/french.cpnn-world.org\/index.php?rest_route=\/wp\/v2\/users\/1"}],"replies":[{"embeddable":true,"href":"https:\/\/french.cpnn-world.org\/index.php?rest_route=%2Fwp%2Fv2%2Fcomments&post=825"}],"version-history":[{"count":0,"href":"https:\/\/french.cpnn-world.org\/index.php?rest_route=\/wp\/v2\/pages\/825\/revisions"}],"wp:attachment":[{"href":"https:\/\/french.cpnn-world.org\/index.php?rest_route=%2Fwp%2Fv2%2Fmedia&parent=825"}],"curies":[{"name":"wp","href":"https:\/\/api.w.org\/{rel}","templated":true}]}}