{"id":861,"date":"2015-03-20T15:49:33","date_gmt":"2015-03-20T19:49:33","guid":{"rendered":"http:\/\/cpnn-world.org\/temp\/?page_id=861"},"modified":"2015-03-20T15:49:33","modified_gmt":"2015-03-20T19:49:33","slug":"ecrire","status":"publish","type":"page","link":"https:\/\/french.cpnn-world.org\/?page_id=861","title":{"rendered":"Ecrire"},"content":{"rendered":"<ul>\n<div class=\"page style\" style=\"width:80%;\">\n<big><strong><em>Prenez part \u00e0 l&#8217;Histoire! Ecrivez un article pour CPNN !<\/em><\/strong><\/p>\n<p align=\"justify\">Vous pouvez vous joindre \u00e0 la prise de conscience croissante et aux <a href=\"http:\/\/decade-culture-of-peace.org\/french.html\">actions <\/a>qui sont en train de remplacer la culture de guerre en place depuis le d\u00e9but de l&#8217;histoire, par une nouvelle culture, une culture de paix! Partagez avec les lecteurs de CPNN, vos exp\u00e9riences personnelles, les activit\u00e9s men\u00e9es autour de vous, ou dans ce que vous avez pu trouver dans les journaux, sur Internet ou bien vu au th\u00e9\u00e2tre, au cin\u00e9ma, etc. qui promeuvent une culture de paix.<\/p>\n<p align=\"justify\">1. Pour \u00e9crire un article, consultez d&#8217;abord les <a href=\"?page_id=791\">r\u00e8glements de CPNN<\/a> et puis <a href=\"?page_id=793\">soumettez votre rapport<\/a>.  Merci de nous envoyer une photo ou une image illustrant l&#8217;article qui sera mis en ligne le m\u00eame jour.<\/p>\n<p align=\"justify\">2. Pour \u00e9crire un commentaire ou ajouter des informations \u00e0 un article qui a d\u00e9j\u00e0 \u00e9t\u00e9 \u00e9crit, vous pouvez envoyer un commentaire dans le formulaire en bas de l&#8217;article.  Dans un jour ou deux, il sera ensuite moder\u00e9 par CPNN et mis dans la section de discussion sur le c\u00f4t\u00e9 droit de cet article <\/p>\n<p><\/big><\/div>\n<\/ul>\n","protected":false},"excerpt":{"rendered":"<p>Prenez part \u00e0 l&#8217;Histoire! Ecrivez un article pour CPNN ! Vous pouvez vous joindre \u00e0 la prise de conscience croissante et aux actions qui sont en train de remplacer la culture de guerre en place depuis le d\u00e9but de l&#8217;histoire, par une nouvelle culture, une culture de paix! Partagez avec les lecteurs de CPNN, vos &hellip; <a href=\"https:\/\/french.cpnn-world.org\/?page_id=861\" class=\"more-link\">Continue reading <span class=\"screen-reader-text\">Ecrire<\/span> <span class=\"meta-nav\">&rarr;<\/span><\/a><\/p>\n","protected":false},"author":1,"featured_media":0,"parent":0,"menu_order":0,"comment_status":"closed","ping_status":"closed","template":"","meta":{"footnotes":""},"class_list":["post-861","page","type-page","status-publish","hentry"],"_links":{"self":[{"href":"https:\/\/french.cpnn-world.org\/index.php?rest_route=\/wp\/v2\/pages\/861","targetHints":{"allow":["GET"]}}],"collection":[{"href":"https:\/\/french.cpnn-world.org\/index.php?rest_route=\/wp\/v2\/pages"}],"about":[{"href":"https:\/\/french.cpnn-world.org\/index.php?rest_route=\/wp\/v2\/types\/page"}],"author":[{"embeddable":true,"href":"https:\/\/french.cpnn-world.org\/index.php?rest_route=\/wp\/v2\/users\/1"}],"replies":[{"embeddable":true,"href":"https:\/\/french.cpnn-world.org\/index.php?rest_route=%2Fwp%2Fv2%2Fcomments&post=861"}],"version-history":[{"count":0,"href":"https:\/\/french.cpnn-world.org\/index.php?rest_route=\/wp\/v2\/pages\/861\/revisions"}],"wp:attachment":[{"href":"https:\/\/french.cpnn-world.org\/index.php?rest_route=%2Fwp%2Fv2%2Fmedia&parent=861"}],"curies":[{"name":"wp","href":"https:\/\/api.w.org\/{rel}","templated":true}]}}