{"id":8730,"date":"2020-11-11T18:44:36","date_gmt":"2020-11-11T18:44:36","guid":{"rendered":"https:\/\/french.cpnn-world.org\/?page_id=8730"},"modified":"2021-09-11T18:14:29","modified_gmt":"2021-09-11T18:14:29","slug":"evenements-virtuels","status":"publish","type":"page","link":"https:\/\/french.cpnn-world.org\/?page_id=8730","title":{"rendered":"\u00c9v\u00e9nements virtuels"},"content":{"rendered":"<p>A CPNN, nous commen\u00e7ons \u00e0 recevoir des informations d&#8217;\u00e9v\u00e9nements virtuels gratuits concernant la culture de la paix. Afin d&#8217;informer notre lectorat de ces \u00e9v\u00e9nements, nous allons tenter une exp\u00e9rience: un \u00abarticle roulant\u00bb sur ces \u00e9v\u00e9nements. Nous essaierons de mettre \u00e0 jour la liste tous les jours ou deux, en supprimant les \u00e9v\u00e9nements pass\u00e9s et en ajoutant de nouveaux \u00e9v\u00e9nements au fur et \u00e0 mesure de leur r\u00e9ception. Pour \u00eatre inclus ici, un \u00e9v\u00e9nement doit \u00eatre gratuit et doit fournir un lien d&#8217;inscription. Sauf indication contraire, les \u00e9v\u00e9nements sont en anglais.<\/p>\n<p>Nous inclurons \u00e9galement ici les dates d&#8217;\u00e9ch\u00e9ance pour application aux initiatives de promotion de la culture de la paix.<\/p>\n<p><center><a href=\"https:\/\/english.cpnn-world.org\/?p=21941\">Prochains \u00e9v\u00e9nements<\/a><\/p>\n<p><a href=\"https:\/\/english.cpnn-world.org\/?p=24845\">\u00c9v\u00e9nements virtuels d\u00e9j\u00e0 pass\u00e9s en septembre<\/a><\/p>\n<p><a href=\"https:\/\/english.cpnn-world.org\/?p=24675\">\u00c9v\u00e9nements virtuels d\u00e9j\u00e0 pass\u00e9s en ao\u00fbt<\/a><\/p>\n<p><a href=\"https:\/\/english.cpnn-world.org\/?p=24480\">\u00c9v\u00e9nements virtuels d\u00e9j\u00e0 pass\u00e9s en juillet<\/a><br \/>\n(Des liens vers des enregistrements sont fournis pour 3 sur 9)<\/p>\n<p><a href=\"https:\/\/english.cpnn-world.org\/?p=24178\">\u00c9v\u00e9nements virtuels d\u00e9j\u00e0 pass\u00e9s en juin<\/a><br \/>\n(Des liens vers des enregistrements sont fournis pour 17 sur 26)<\/p>\n<p><a href=\"https:\/\/english.cpnn-world.org\/?p=23928\">\u00c9v\u00e9nements virtuels d\u00e9j\u00e0 pass\u00e9s en mai<\/a><br \/>\n(Des liens vers des enregistrements sont fournis pour 5 sur 13)<\/p>\n<p><a href=\"https:\/\/english.cpnn-world.org\/?p=23697\">\u00c9v\u00e9nements virtuels d\u00e9j\u00e0 pass\u00e9s en avril<\/a><br \/>\n(Des liens vers des enregistrements sont fournis pour 8 sur 19)<\/p>\n<p><a href=\"https:\/\/english.cpnn-world.org\/?p=23275\">\u00c9v\u00e9nements virtuels d\u00e9j\u00e0 pass\u00e9s en mars<\/a><br \/>\n(Des liens vers des enregistrements sont fournis pour 23 sur 34)<\/p>\n<p><a href=\"https:\/\/english.cpnn-world.org\/?p=22909\">\u00c9v\u00e9nements virtuels d\u00e9j\u00e0 pass\u00e9s en fevrier<\/a><br \/>\n(Des liens vers des enregistrements sont fournis pour 14 sur 23)<\/p>\n<p><a href=\"https:\/\/english.cpnn-world.org\/?p=22577\">\u00c9v\u00e9nements virtuels d\u00e9j\u00e0 pass\u00e9s en janvier<\/a> (23)<\/p>\n<p><a href=\"https:\/\/english.cpnn-world.org\/?p=23106\">\u00c9v\u00e9nements virtuels d\u00e9j\u00e0 pass\u00e9s en decembre, 2020<\/a> (24)<\/p>\n<p><a href=\"https:\/\/english.cpnn-world.org\/?p=22534\">\u00c9v\u00e9nements virtuels d\u00e9j\u00e0 pass\u00e9s en novembre, 2020<\/a> (24)<\/p>\n<p><\/center><\/p>\n","protected":false},"excerpt":{"rendered":"<p>A CPNN, nous commen\u00e7ons \u00e0 recevoir des informations d&#8217;\u00e9v\u00e9nements virtuels gratuits concernant la culture de la paix. Afin d&#8217;informer notre lectorat de ces \u00e9v\u00e9nements, nous allons tenter une exp\u00e9rience: un \u00abarticle roulant\u00bb sur ces \u00e9v\u00e9nements. Nous essaierons de mettre \u00e0 jour la liste tous les jours ou deux, en supprimant les \u00e9v\u00e9nements pass\u00e9s et en &hellip; <a href=\"https:\/\/french.cpnn-world.org\/?page_id=8730\" class=\"more-link\">Continue reading <span class=\"screen-reader-text\">\u00c9v\u00e9nements virtuels<\/span> <span class=\"meta-nav\">&rarr;<\/span><\/a><\/p>\n","protected":false},"author":1,"featured_media":0,"parent":0,"menu_order":0,"comment_status":"closed","ping_status":"closed","template":"","meta":{"footnotes":""},"class_list":["post-8730","page","type-page","status-publish","hentry"],"_links":{"self":[{"href":"https:\/\/french.cpnn-world.org\/index.php?rest_route=\/wp\/v2\/pages\/8730","targetHints":{"allow":["GET"]}}],"collection":[{"href":"https:\/\/french.cpnn-world.org\/index.php?rest_route=\/wp\/v2\/pages"}],"about":[{"href":"https:\/\/french.cpnn-world.org\/index.php?rest_route=\/wp\/v2\/types\/page"}],"author":[{"embeddable":true,"href":"https:\/\/french.cpnn-world.org\/index.php?rest_route=\/wp\/v2\/users\/1"}],"replies":[{"embeddable":true,"href":"https:\/\/french.cpnn-world.org\/index.php?rest_route=%2Fwp%2Fv2%2Fcomments&post=8730"}],"version-history":[{"count":45,"href":"https:\/\/french.cpnn-world.org\/index.php?rest_route=\/wp\/v2\/pages\/8730\/revisions"}],"predecessor-version":[{"id":9241,"href":"https:\/\/french.cpnn-world.org\/index.php?rest_route=\/wp\/v2\/pages\/8730\/revisions\/9241"}],"wp:attachment":[{"href":"https:\/\/french.cpnn-world.org\/index.php?rest_route=%2Fwp%2Fv2%2Fmedia&parent=8730"}],"curies":[{"name":"wp","href":"https:\/\/api.w.org\/{rel}","templated":true}]}}